{"id":983,"date":"2023-08-05T02:48:17","date_gmt":"2023-08-05T00:48:17","guid":{"rendered":"https:\/\/kancelariahojda.pl\/?post_type=product&#038;p=983"},"modified":"2023-08-05T02:48:17","modified_gmt":"2023-08-05T00:48:17","slug":"niezamowiona-informacja-handlowa-wzor-zawiadomienia","status":"publish","type":"product","link":"https:\/\/kancelariahojda.pl\/en\/produkt\/niezamowiona-informacja-handlowa-wzor-zawiadomienia\/","title":{"rendered":"Niezam\u00f3wiona informacja handlowa &#8211; wz\u00f3r zawiadomienia"},"content":{"rendered":"<p>Kr\u00f3tki i rzeczowy wz\u00f3r zawiadomienia o pope\u0142nieniu wykroczenia z art. 24 ust. 1 ustawy z dnia 18 lipca 2002 r. o \u015bwiadczeniu us\u0142ug drog\u0105 elektroniczn\u0105. Wz\u00f3r zawiera przyk\u0142adow\u0105 tre\u015b\u0107 uzasadnienia do samodzielnej modyfikacji oraz szereg istotnych wskaz\u00f3wek (np. jak ustali\u0107 w\u0142a\u015bciwy komisariat) w formie komentarzy w pliku.<\/p>\n<p>&nbsp;<\/p>\n<p><strong>UWAGA: <\/strong>wiadomo\u015b\u0107 z zam\u00f3wieniem powinna dotrze\u0107 w ci\u0105gu kilku minut od finalizacji zam\u00f3wienia. W przypadku niekt\u00f3rych serwer\u00f3w e-mail (np. o2 lub interia) wiadomo\u015b\u0107 z zam\u00f3wieniem mo\u017ce trafi\u0107 do spamu. Je\u015bli wiadomo\u015bci nie ma w spamie, prosimy o kontakt ze wskazaniem numeru zam\u00f3wienia \u2013 kontakt@kancelariahojda.pl<\/p>\n","protected":false},"excerpt":{"rendered":"<p>Kr\u00f3tki i rzeczowy wz\u00f3r zawiadomienia o pope\u0142nieniu wykroczenia z art. 24 ust. 1 ustawy z dnia 18 lipca 2002 r. o \u015bwiadczeniu us\u0142ug drog\u0105 elektroniczn\u0105. Wz\u00f3r zawiera przyk\u0142adow\u0105 tre\u015b\u0107 uzasadnienia do samodzielnej modyfikacji oraz szereg istotnych wskaz\u00f3wek (np. jak ustali\u0107 w\u0142a\u015bciwy komisariat) w formie komentarzy w pliku. &nbsp; UWAGA: wiadomo\u015b\u0107 z zam\u00f3wieniem powinna dotrze\u0107 w [&hellip;]<\/p>\n","protected":false},"featured_media":0,"comment_status":"open","ping_status":"closed","template":"","meta":[],"product_cat":[45],"product_tag":[],"yoast_head":"<!-- This site is optimized with the Yoast SEO plugin v16.5 - https:\/\/yoast.com\/wordpress\/plugins\/seo\/ -->\n<title>Niezam\u00f3wiona informacja handlowa - wz\u00f3r zawiadomienia - Radca Prawny Karol Hojda<\/title>\n<meta name=\"robots\" content=\"index, follow, max-snippet:-1, max-image-preview:large, max-video-preview:-1\" \/>\n<link rel=\"canonical\" href=\"https:\/\/kancelariahojda.pl\/en\/produkt\/niezamowiona-informacja-handlowa-wzor-zawiadomienia\/\" \/>\n<meta property=\"og:locale\" content=\"pl_PL\" \/>\n<meta property=\"og:type\" content=\"article\" \/>\n<meta property=\"og:title\" content=\"Niezam\u00f3wiona informacja handlowa - wz\u00f3r zawiadomienia - Radca Prawny Karol Hojda\" \/>\n<meta property=\"og:description\" content=\"Kr\u00f3tki i rzeczowy wz\u00f3r zawiadomienia o pope\u0142nieniu wykroczenia z art. 24 ust. 1 ustawy z dnia 18 lipca 2002 r. o \u015bwiadczeniu us\u0142ug drog\u0105 elektroniczn\u0105. Wz\u00f3r zawiera przyk\u0142adow\u0105 tre\u015b\u0107 uzasadnienia do samodzielnej modyfikacji oraz szereg istotnych wskaz\u00f3wek (np. jak ustali\u0107 w\u0142a\u015bciwy komisariat) w formie komentarzy w pliku. &nbsp; UWAGA: wiadomo\u015b\u0107 z zam\u00f3wieniem powinna dotrze\u0107 w [&hellip;]\" \/>\n<meta property=\"og:url\" content=\"https:\/\/kancelariahojda.pl\/en\/produkt\/niezamowiona-informacja-handlowa-wzor-zawiadomienia\/\" \/>\n<meta property=\"og:site_name\" content=\"Radca Prawny Karol Hojda\" \/>\n<meta name=\"twitter:card\" content=\"summary_large_image\" \/>\n<meta name=\"twitter:label1\" content=\"Szacowany czas czytania\" \/>\n\t<meta name=\"twitter:data1\" content=\"1 minuta\" \/>\n<script type=\"application\/ld+json\" class=\"yoast-schema-graph\">{\"@context\":\"https:\/\/schema.org\",\"@graph\":[{\"@type\":\"WebSite\",\"@id\":\"https:\/\/kancelariahojda.pl\/en\/#website\",\"url\":\"https:\/\/kancelariahojda.pl\/en\/\",\"name\":\"Radca Prawny Karol Hojda\",\"description\":\"Kancelaria Prawna Wroc\\u0142aw\",\"potentialAction\":[{\"@type\":\"SearchAction\",\"target\":\"https:\/\/kancelariahojda.pl\/en\/?s={search_term_string}\",\"query-input\":\"required name=search_term_string\"}],\"inLanguage\":\"pl-PL\"},{\"@type\":\"WebPage\",\"@id\":\"https:\/\/kancelariahojda.pl\/en\/produkt\/niezamowiona-informacja-handlowa-wzor-zawiadomienia\/#webpage\",\"url\":\"https:\/\/kancelariahojda.pl\/en\/produkt\/niezamowiona-informacja-handlowa-wzor-zawiadomienia\/\",\"name\":\"Niezam\\u00f3wiona informacja handlowa - wz\\u00f3r zawiadomienia - Radca Prawny Karol Hojda\",\"isPartOf\":{\"@id\":\"https:\/\/kancelariahojda.pl\/en\/#website\"},\"datePublished\":\"2023-08-05T00:48:17+00:00\",\"dateModified\":\"2023-08-05T00:48:17+00:00\",\"breadcrumb\":{\"@id\":\"https:\/\/kancelariahojda.pl\/en\/produkt\/niezamowiona-informacja-handlowa-wzor-zawiadomienia\/#breadcrumb\"},\"inLanguage\":\"pl-PL\",\"potentialAction\":[{\"@type\":\"ReadAction\",\"target\":[\"https:\/\/kancelariahojda.pl\/en\/produkt\/niezamowiona-informacja-handlowa-wzor-zawiadomienia\/\"]}]},{\"@type\":\"BreadcrumbList\",\"@id\":\"https:\/\/kancelariahojda.pl\/en\/produkt\/niezamowiona-informacja-handlowa-wzor-zawiadomienia\/#breadcrumb\",\"itemListElement\":[{\"@type\":\"ListItem\",\"position\":1,\"name\":\"Strona g\\u0142\\u00f3wna\",\"item\":\"https:\/\/kancelariahojda.pl\/en\/\"},{\"@type\":\"ListItem\",\"position\":2,\"name\":\"Sklep\",\"item\":\"https:\/\/kancelariahojda.pl\/en\/sklep\/\"},{\"@type\":\"ListItem\",\"position\":3,\"name\":\"Niezam\\u00f3wiona informacja handlowa &#8211; wz\\u00f3r zawiadomienia\"}]}]}<\/script>\n<!-- \/ Yoast SEO plugin. -->","_links":{"self":[{"href":"https:\/\/kancelariahojda.pl\/en\/wp-json\/wp\/v2\/product\/983"}],"collection":[{"href":"https:\/\/kancelariahojda.pl\/en\/wp-json\/wp\/v2\/product"}],"about":[{"href":"https:\/\/kancelariahojda.pl\/en\/wp-json\/wp\/v2\/types\/product"}],"replies":[{"embeddable":true,"href":"https:\/\/kancelariahojda.pl\/en\/wp-json\/wp\/v2\/comments?post=983"}],"wp:attachment":[{"href":"https:\/\/kancelariahojda.pl\/en\/wp-json\/wp\/v2\/media?parent=983"}],"wp:term":[{"taxonomy":"product_cat","embeddable":true,"href":"https:\/\/kancelariahojda.pl\/en\/wp-json\/wp\/v2\/product_cat?post=983"},{"taxonomy":"product_tag","embeddable":true,"href":"https:\/\/kancelariahojda.pl\/en\/wp-json\/wp\/v2\/product_tag?post=983"}],"curies":[{"name":"wp","href":"https:\/\/api.w.org\/{rel}","templated":true}]}}