{"id":920,"date":"2023-08-02T23:16:09","date_gmt":"2023-08-02T21:16:09","guid":{"rendered":"https:\/\/kancelariahojda.pl\/?post_type=product&#038;p=920"},"modified":"2025-06-23T12:30:30","modified_gmt":"2025-06-23T10:30:30","slug":"wezwanie-do-usuniecia-negatywa-wzor","status":"publish","type":"product","link":"https:\/\/kancelariahojda.pl\/en\/produkt\/wezwanie-do-usuniecia-negatywa-wzor\/","title":{"rendered":"Wezwanie do usuni\u0119cia negatywa &#8211; wz\u00f3r"},"content":{"rendered":"<p>Chcesz pozby\u0107 si\u0119 zamieszczonego na Twoim profilu allegro negatywa? Pr\u00f3by rozwi\u0105zania problemu za po\u015brednictwem allegro, czy te\u017c bezpo\u015brednio z autorem nie da\u0142y oczekiwanego rezultatu? Nie wiesz jak zabra\u0107 si\u0119 samodzielnie za zredagowanie formalnego wezwania, a koszty us\u0142ug prawnych w tym zakresie uwa\u017casz za zbyt wysokie?<\/p>\n<p>Je\u015bli odpowiadasz twierdz\u0105co na powy\u017csze pytania, to ten wz\u00f3r jest dla Ciebie. Wz\u00f3r kupujesz tylko raz i korzystasz z niego bez ogranicze\u0144 modyfikuj\u0105c jedynie szczeg\u00f3\u0142y dotycz\u0105ce danego przypadku. Po zapoznaniu si\u0119 ze wzorem, jednorazowa modyfikacja nie powinna zaj\u0105\u0107 wi\u0119cej ni\u017c 5 minut.<\/p>\n<p>Oferowany produkt obejmuje:<\/p>\n<p>1) og\u00f3lny wz\u00f3r wezwania (w formie \u017ce\u0144skiej i m\u0119skiej),<\/p>\n<p>2) trzy dodatkowe warianty do samodzielnego wkomponowania w tre\u015b\u0107. Omawiane warianty dotycz\u0105 cz\u0119stych problem\u00f3w zwi\u0105zanych z ofertami zamieszczanymi na platformie allegro.pl:<\/p>\n<ul>\n<li>realny czas wysy\u0142ki, a przewidywany czas dostawy,<\/li>\n<li>podejrzenie, \u017ce autor komentarza prowadzi dzia\u0142alno\u015b\u0107 konkurencyjn\u0105,<\/li>\n<li>brak prawa do odst\u0105pienia (sp\u00f3\u0142ka\/JDG z charakterem zawodowym).<\/li>\n<\/ul>\n<p>&nbsp;<\/p>\n<p>3) praktyczne instrukcje dotycz\u0105ce wezwania w formie komentarzy.<\/p>\n<p>Uzasadnienie wezwania obejmuje zar\u00f3wno kluczowe fragmenty regulaminu allegro, przepisy prawa cywilnego, prawa wykrocze\u0144 jak i prawa karnego. Uprzedzaj\u0105c najbardziej typowe argumenty odbiorc\u00f3w tego typu wezwa\u0144, w stopce wskazana jest r\u00f3wnie\u017c podstawa prawna przetwarzania danych osobowych (RODO).<\/p>\n<p><em>Wz\u00f3r jest aktualny na stan prawny z dnia 2 sierpnia 2023 r.<\/em><\/p>\n<p><strong>UWAGA: <\/strong>wiadomo\u015b\u0107 z zam\u00f3wieniem powinna dotrze\u0107 w ci\u0105gu kilku minut od finalizacji zam\u00f3wienia. W przypadku niekt\u00f3rych serwer\u00f3w e-mail (np. o2 lub interia) wiadomo\u015b\u0107 z zam\u00f3wieniem mo\u017ce trafi\u0107 do spamu. Je\u015bli wiadomo\u015bci nie ma w spamie, prosimy o kontakt ze wskazaniem numeru zam\u00f3wienia &#8211; kontakt@kancelariahojda.pl<\/p>\n","protected":false},"excerpt":{"rendered":"<p>Chcesz pozby\u0107 si\u0119 zamieszczonego na Twoim profilu allegro negatywa? Pr\u00f3by rozwi\u0105zania problemu za po\u015brednictwem allegro, czy te\u017c bezpo\u015brednio z autorem nie da\u0142y oczekiwanego rezultatu? Nie wiesz jak zabra\u0107 si\u0119 samodzielnie za zredagowanie formalnego wezwania, a koszty us\u0142ug prawnych w tym zakresie uwa\u017casz za zbyt wysokie? Je\u015bli odpowiadasz twierdz\u0105co na powy\u017csze pytania, to ten wz\u00f3r jest [&hellip;]<\/p>\n","protected":false},"featured_media":971,"comment_status":"open","ping_status":"closed","template":"","meta":[],"product_cat":[46],"product_tag":[67,72,76,68,73,71,70,69,75,74],"yoast_head":"<!-- This site is optimized with the Yoast SEO plugin v16.5 - https:\/\/yoast.com\/wordpress\/plugins\/seo\/ -->\n<title>Wezwanie do usuni\u0119cia negatywa - wz\u00f3r - Radca Prawny Karol Hojda<\/title>\n<meta name=\"robots\" content=\"index, follow, max-snippet:-1, max-image-preview:large, max-video-preview:-1\" \/>\n<link rel=\"canonical\" href=\"https:\/\/kancelariahojda.pl\/en\/produkt\/wezwanie-do-usuniecia-negatywa-wzor\/\" \/>\n<meta property=\"og:locale\" content=\"pl_PL\" \/>\n<meta property=\"og:type\" content=\"article\" \/>\n<meta property=\"og:title\" content=\"Wezwanie do usuni\u0119cia negatywa - wz\u00f3r - Radca Prawny Karol Hojda\" \/>\n<meta property=\"og:description\" content=\"Chcesz pozby\u0107 si\u0119 zamieszczonego na Twoim profilu allegro negatywa? Pr\u00f3by rozwi\u0105zania problemu za po\u015brednictwem allegro, czy te\u017c bezpo\u015brednio z autorem nie da\u0142y oczekiwanego rezultatu? Nie wiesz jak zabra\u0107 si\u0119 samodzielnie za zredagowanie formalnego wezwania, a koszty us\u0142ug prawnych w tym zakresie uwa\u017casz za zbyt wysokie? Je\u015bli odpowiadasz twierdz\u0105co na powy\u017csze pytania, to ten wz\u00f3r jest [&hellip;]\" \/>\n<meta property=\"og:url\" content=\"https:\/\/kancelariahojda.pl\/en\/produkt\/wezwanie-do-usuniecia-negatywa-wzor\/\" \/>\n<meta property=\"og:site_name\" content=\"Radca Prawny Karol Hojda\" \/>\n<meta property=\"article:modified_time\" content=\"2025-06-23T10:30:30+00:00\" \/>\n<meta property=\"og:image\" content=\"https:\/\/kancelariahojda.pl\/wp-content\/uploads\/2023\/08\/wezwanie-1.jpg\" \/>\n\t<meta property=\"og:image:width\" content=\"542\" \/>\n\t<meta property=\"og:image:height\" content=\"217\" \/>\n<meta name=\"twitter:card\" content=\"summary_large_image\" \/>\n<meta name=\"twitter:label1\" content=\"Szacowany czas czytania\" \/>\n\t<meta name=\"twitter:data1\" content=\"2 minuty\" \/>\n<script type=\"application\/ld+json\" class=\"yoast-schema-graph\">{\"@context\":\"https:\/\/schema.org\",\"@graph\":[{\"@type\":\"WebSite\",\"@id\":\"https:\/\/kancelariahojda.pl\/en\/#website\",\"url\":\"https:\/\/kancelariahojda.pl\/en\/\",\"name\":\"Radca Prawny Karol Hojda\",\"description\":\"Kancelaria Prawna Wroc\\u0142aw\",\"potentialAction\":[{\"@type\":\"SearchAction\",\"target\":\"https:\/\/kancelariahojda.pl\/en\/?s={search_term_string}\",\"query-input\":\"required name=search_term_string\"}],\"inLanguage\":\"pl-PL\"},{\"@type\":\"ImageObject\",\"@id\":\"https:\/\/kancelariahojda.pl\/en\/produkt\/wezwanie-do-usuniecia-negatywa-wzor\/#primaryimage\",\"inLanguage\":\"pl-PL\",\"url\":\"https:\/\/kancelariahojda.pl\/en\/wp-content\/uploads\/2023\/08\/wezwanie-1.jpg\",\"contentUrl\":\"https:\/\/kancelariahojda.pl\/en\/wp-content\/uploads\/2023\/08\/wezwanie-1.jpg\",\"width\":542,\"height\":217},{\"@type\":\"WebPage\",\"@id\":\"https:\/\/kancelariahojda.pl\/en\/produkt\/wezwanie-do-usuniecia-negatywa-wzor\/#webpage\",\"url\":\"https:\/\/kancelariahojda.pl\/en\/produkt\/wezwanie-do-usuniecia-negatywa-wzor\/\",\"name\":\"Wezwanie do usuni\\u0119cia negatywa - wz\\u00f3r - Radca Prawny Karol Hojda\",\"isPartOf\":{\"@id\":\"https:\/\/kancelariahojda.pl\/en\/#website\"},\"primaryImageOfPage\":{\"@id\":\"https:\/\/kancelariahojda.pl\/en\/produkt\/wezwanie-do-usuniecia-negatywa-wzor\/#primaryimage\"},\"datePublished\":\"2023-08-02T21:16:09+00:00\",\"dateModified\":\"2025-06-23T10:30:30+00:00\",\"breadcrumb\":{\"@id\":\"https:\/\/kancelariahojda.pl\/en\/produkt\/wezwanie-do-usuniecia-negatywa-wzor\/#breadcrumb\"},\"inLanguage\":\"pl-PL\",\"potentialAction\":[{\"@type\":\"ReadAction\",\"target\":[\"https:\/\/kancelariahojda.pl\/en\/produkt\/wezwanie-do-usuniecia-negatywa-wzor\/\"]}]},{\"@type\":\"BreadcrumbList\",\"@id\":\"https:\/\/kancelariahojda.pl\/en\/produkt\/wezwanie-do-usuniecia-negatywa-wzor\/#breadcrumb\",\"itemListElement\":[{\"@type\":\"ListItem\",\"position\":1,\"name\":\"Strona g\\u0142\\u00f3wna\",\"item\":\"https:\/\/kancelariahojda.pl\/en\/\"},{\"@type\":\"ListItem\",\"position\":2,\"name\":\"Sklep\",\"item\":\"https:\/\/kancelariahojda.pl\/en\/sklep\/\"},{\"@type\":\"ListItem\",\"position\":3,\"name\":\"Wezwanie do usuni\\u0119cia negatywa &#8211; wz\\u00f3r\"}]}]}<\/script>\n<!-- \/ Yoast SEO plugin. -->","_links":{"self":[{"href":"https:\/\/kancelariahojda.pl\/en\/wp-json\/wp\/v2\/product\/920"}],"collection":[{"href":"https:\/\/kancelariahojda.pl\/en\/wp-json\/wp\/v2\/product"}],"about":[{"href":"https:\/\/kancelariahojda.pl\/en\/wp-json\/wp\/v2\/types\/product"}],"replies":[{"embeddable":true,"href":"https:\/\/kancelariahojda.pl\/en\/wp-json\/wp\/v2\/comments?post=920"}],"wp:featuredmedia":[{"embeddable":true,"href":"https:\/\/kancelariahojda.pl\/en\/wp-json\/wp\/v2\/media\/971"}],"wp:attachment":[{"href":"https:\/\/kancelariahojda.pl\/en\/wp-json\/wp\/v2\/media?parent=920"}],"wp:term":[{"taxonomy":"product_cat","embeddable":true,"href":"https:\/\/kancelariahojda.pl\/en\/wp-json\/wp\/v2\/product_cat?post=920"},{"taxonomy":"product_tag","embeddable":true,"href":"https:\/\/kancelariahojda.pl\/en\/wp-json\/wp\/v2\/product_tag?post=920"}],"curies":[{"name":"wp","href":"https:\/\/api.w.org\/{rel}","templated":true}]}}