{"id":872,"date":"2023-04-17T19:04:57","date_gmt":"2023-04-17T17:04:57","guid":{"rendered":"https:\/\/kancelariahojda.pl\/?post_type=product&#038;p=872"},"modified":"2025-08-09T12:25:03","modified_gmt":"2025-08-09T10:25:03","slug":"dr-smile-najwazniejsze-pytania-i-odpowiedzi","status":"publish","type":"product","link":"https:\/\/kancelariahojda.pl\/en\/produkt\/dr-smile-najwazniejsze-pytania-i-odpowiedzi\/","title":{"rendered":"Dr Smile &#8211; kompendium wiedzy"},"content":{"rendered":"<p>W tym pliku odnajdziesz obszerne i konkretne odpowiedzi na najcz\u0119stsze pytania dotycz\u0105ce spraw Dr Smile. Bazuj\u0105c na wiarygodnym \u017ar\u00f3dle odnajdziesz r\u00f3wnie\u017c spok\u00f3j, o co wyj\u0105tkowo trudno w internetowym chaosie informacyjnym. Oddajemy do Twojej dyspozycji swoiste kompendium wiedzy z gotowymi argumentami, podstawami prawnymi i rozwi\u0105zaniami. Mimo \u017ce to opracowanie dotyczy \u015bci\u015ble Dr Smile, podczas uwa\u017cnej lektury zdob\u0119dziesz r\u00f3wnie\u017c praktyczn\u0105 wiedz\u0119 mo\u017cliw\u0105 do wykorzystania w innych sprawach. Dostrze\u017cesz, jak analizowa\u0107 poszczeg\u00f3lne dokumenty, na co zwraca\u0107 szczeg\u00f3ln\u0105 uwag\u0119, oraz w jaki spos\u00f3b wykorzystywa\u0107 dost\u0119pne informacje na swoj\u0105 korzy\u015b\u0107. Ca\u0142o\u015b\u0107 opisana prostym j\u0119zykiem przez zesp\u00f3\u0142 profesjonalist\u00f3w &#8211; w cenie stanowi\u0105cej u\u0142amek rynkowej stawki za konsultacj\u0119 prawn\u0105.<\/p>\n<p><strong>SPIS TRE\u015aCI:<\/strong><\/p>\n<p><em>Dr Smile \u2013 czyli kto? Z kim zawieram \u201eumow\u0119?\u201d Kto \u015bwiadczy us\u0142ugi na moj\u0105 rzecz?<\/em><br \/>\n<em>Na jaki adres kierowa\u0107 korespondencj\u0119 (np. o\u015bwiadczenie o odst\u0105pieniu od umowy) lub odsy\u0142a\u0107 nak\u0142adki?<\/em><br \/>\n<em>Czy faktycznie plan leczenia stanowi umow\u0119?<\/em><br \/>\n<em>Czy Dr Smile ma racj\u0119 m\u00f3wi\u0105c, \u017ce nie przys\u0142uguje mi prawo odst\u0105pienia od umowy?<\/em><br \/>\n<em>Zosta\u0142em wprowadzony w b\u0142\u0105d co do warunk\u00f3w zawartej umowy \u2013 na co mog\u0119 si\u0119 powo\u0142a\u0107?<\/em><br \/>\n<em>Odst\u0105pi\u0142em od umowy, ale przesy\u0142ka z nak\u0142adkami zosta\u0142a ju\u017c do mnie nadana. Co zrobi\u0107?<\/em><br \/>\n<em>Odst\u0105pi\u0142em od umowy, ale u\u017cywa\u0142em ju\u017c nak\u0142adek. Co w takiej sytuacji?<\/em><br \/>\n<em>Otrzyma\u0142em list z faktur\u0105\/wezwaniem do zap\u0142aty \u2013 co mam robi\u0107?<\/em><br \/>\n<em>Czy je\u015bli nie zap\u0142ac\u0119, musz\u0119 obawia\u0107 si\u0119 komornika?<\/em><br \/>\n<em>Otrzyma\u0142em od Dr Smile informacj\u0119, \u017ce nie przyjmuj\u0105 mojego o\u015bwiadczenia o odst\u0105pieniu od umowy\/powo\u0142aniu si\u0119 na b\u0142\u0105d. Co mam teraz zrobi\u0107?<\/em><br \/>\n<em>W niekt\u00f3rych dokumentach Dr Smile powo\u0142uje si\u0119 na przepisy z niemieckich ustaw\/rozporz\u0105dze\u0144. Czy faktycznie te przepisy mog\u0105 by\u0107 wobec mnie zastosowane?<\/em><br \/>\n<em>Leczenie nak\u0142adkami nie przynosi zapowiadanych efekt\u00f3w\/ma negatywny wp\u0142yw na moje zdrowie \u2013 co mog\u0119 zrobi\u0107?<\/em><br \/>\n<em>Dr Smile domaga si\u0119 ode mnie dodatkowej zap\u0142aty, o kt\u00f3rej nie by\u0142o wcze\u015bniej mowy. Jak zareagowa\u0107?<\/em><br \/>\n<em>Czy Dr Smile ma obowi\u0105zek przekaza\u0107 mi tre\u015b\u0107 zawartej z nimi umowy?<\/em><br \/>\n<em>Czy Dr Smile ma obowi\u0105zek udost\u0119pni\u0107 mi moj\u0105 dokumentacj\u0119 medyczn\u0105?<\/em><br \/>\n<em>Czy Dr Smile mo\u017ce \u017c\u0105da\u0107 ode mnie op\u0142aty za udost\u0119pnienie dokumentacji medycznej?<\/em><br \/>\n<em>W jakim terminie Dr Smile musi przekaza\u0107 mi moja dokumentacj\u0119?<\/em><br \/>\n<em>Czy Dr Smile musi przekaza\u0107 mi nazwiska lekarzy, kt\u00f3rzy zajmuj\u0105 si\u0119 moim leczeniem?<\/em><br \/>\n<em>Czy mog\u0119 wystawi\u0107 Dr Smile negatywn\u0105 opini\u0119 w Internecie i nie obawia\u0107 si\u0119 konsekwencji?<\/em><br \/>\n<em>Czy powszechnie dost\u0119pne informacje na stronie Dr Smile oraz publikowane przez nich reklamy maj\u0105 znaczenie prawne?<\/em><br \/>\n<em>Czy mog\u0119 pozwa\u0107 Dr Smile?<\/em><br \/>\n<em>Zako\u0144czy\u0142em leczenie, ale efekt nie jest taki jak zapowiadano na pocz\u0105tku. Co mog\u0119 zrobi\u0107?<\/em><\/p>\n<p><strong>UWAGA:\u00a0<\/strong>w przypadku niekt\u00f3rych skrzynek e-mail (np. o2 lub interia) wiadomo\u015b\u0107 z zam\u00f3wieniem mo\u017ce trafi\u0107 do spamu.<\/p>\n<p>&nbsp;<\/p>\n","protected":false},"excerpt":{"rendered":"<p>W tym pliku odnajdziesz obszerne i konkretne odpowiedzi na najcz\u0119stsze pytania dotycz\u0105ce spraw Dr Smile. Bazuj\u0105c na wiarygodnym \u017ar\u00f3dle odnajdziesz r\u00f3wnie\u017c spok\u00f3j, o co wyj\u0105tkowo trudno w internetowym chaosie informacyjnym. Oddajemy do Twojej dyspozycji swoiste kompendium wiedzy z gotowymi argumentami, podstawami prawnymi i rozwi\u0105zaniami. Mimo \u017ce to opracowanie dotyczy \u015bci\u015ble Dr Smile, podczas uwa\u017cnej lektury [&hellip;]<\/p>\n","protected":false},"featured_media":873,"comment_status":"open","ping_status":"closed","template":"","meta":[],"product_cat":[46],"product_tag":[],"yoast_head":"<!-- This site is optimized with the Yoast SEO plugin v16.5 - https:\/\/yoast.com\/wordpress\/plugins\/seo\/ -->\n<title>Dr Smile - kompendium wiedzy - Radca Prawny Karol Hojda<\/title>\n<meta name=\"robots\" content=\"index, follow, max-snippet:-1, max-image-preview:large, max-video-preview:-1\" \/>\n<link rel=\"canonical\" href=\"https:\/\/kancelariahojda.pl\/en\/produkt\/dr-smile-najwazniejsze-pytania-i-odpowiedzi\/\" \/>\n<meta property=\"og:locale\" content=\"pl_PL\" \/>\n<meta property=\"og:type\" content=\"article\" \/>\n<meta property=\"og:title\" content=\"Dr Smile - kompendium wiedzy - Radca Prawny Karol Hojda\" \/>\n<meta property=\"og:description\" content=\"W tym pliku odnajdziesz obszerne i konkretne odpowiedzi na najcz\u0119stsze pytania dotycz\u0105ce spraw Dr Smile. Bazuj\u0105c na wiarygodnym \u017ar\u00f3dle odnajdziesz r\u00f3wnie\u017c spok\u00f3j, o co wyj\u0105tkowo trudno w internetowym chaosie informacyjnym. Oddajemy do Twojej dyspozycji swoiste kompendium wiedzy z gotowymi argumentami, podstawami prawnymi i rozwi\u0105zaniami. Mimo \u017ce to opracowanie dotyczy \u015bci\u015ble Dr Smile, podczas uwa\u017cnej lektury [&hellip;]\" \/>\n<meta property=\"og:url\" content=\"https:\/\/kancelariahojda.pl\/en\/produkt\/dr-smile-najwazniejsze-pytania-i-odpowiedzi\/\" \/>\n<meta property=\"og:site_name\" content=\"Radca Prawny Karol Hojda\" \/>\n<meta property=\"article:modified_time\" content=\"2025-08-09T10:25:03+00:00\" \/>\n<meta property=\"og:image\" content=\"https:\/\/kancelariahojda.pl\/wp-content\/uploads\/2023\/04\/drsmile-faq.jpg\" \/>\n\t<meta property=\"og:image:width\" content=\"512\" \/>\n\t<meta property=\"og:image:height\" content=\"512\" \/>\n<meta name=\"twitter:card\" content=\"summary_large_image\" \/>\n<meta name=\"twitter:label1\" content=\"Szacowany czas czytania\" \/>\n\t<meta name=\"twitter:data1\" content=\"2 minuty\" \/>\n<script type=\"application\/ld+json\" class=\"yoast-schema-graph\">{\"@context\":\"https:\/\/schema.org\",\"@graph\":[{\"@type\":\"WebSite\",\"@id\":\"https:\/\/kancelariahojda.pl\/en\/#website\",\"url\":\"https:\/\/kancelariahojda.pl\/en\/\",\"name\":\"Radca Prawny Karol Hojda\",\"description\":\"Kancelaria Prawna Wroc\\u0142aw\",\"potentialAction\":[{\"@type\":\"SearchAction\",\"target\":\"https:\/\/kancelariahojda.pl\/en\/?s={search_term_string}\",\"query-input\":\"required name=search_term_string\"}],\"inLanguage\":\"pl-PL\"},{\"@type\":\"ImageObject\",\"@id\":\"https:\/\/kancelariahojda.pl\/en\/produkt\/dr-smile-najwazniejsze-pytania-i-odpowiedzi\/#primaryimage\",\"inLanguage\":\"pl-PL\",\"url\":\"https:\/\/kancelariahojda.pl\/en\/wp-content\/uploads\/2023\/04\/drsmile-faq.jpg\",\"contentUrl\":\"https:\/\/kancelariahojda.pl\/en\/wp-content\/uploads\/2023\/04\/drsmile-faq.jpg\",\"width\":512,\"height\":512},{\"@type\":\"WebPage\",\"@id\":\"https:\/\/kancelariahojda.pl\/en\/produkt\/dr-smile-najwazniejsze-pytania-i-odpowiedzi\/#webpage\",\"url\":\"https:\/\/kancelariahojda.pl\/en\/produkt\/dr-smile-najwazniejsze-pytania-i-odpowiedzi\/\",\"name\":\"Dr Smile - kompendium wiedzy - Radca Prawny Karol Hojda\",\"isPartOf\":{\"@id\":\"https:\/\/kancelariahojda.pl\/en\/#website\"},\"primaryImageOfPage\":{\"@id\":\"https:\/\/kancelariahojda.pl\/en\/produkt\/dr-smile-najwazniejsze-pytania-i-odpowiedzi\/#primaryimage\"},\"datePublished\":\"2023-04-17T17:04:57+00:00\",\"dateModified\":\"2025-08-09T10:25:03+00:00\",\"breadcrumb\":{\"@id\":\"https:\/\/kancelariahojda.pl\/en\/produkt\/dr-smile-najwazniejsze-pytania-i-odpowiedzi\/#breadcrumb\"},\"inLanguage\":\"pl-PL\",\"potentialAction\":[{\"@type\":\"ReadAction\",\"target\":[\"https:\/\/kancelariahojda.pl\/en\/produkt\/dr-smile-najwazniejsze-pytania-i-odpowiedzi\/\"]}]},{\"@type\":\"BreadcrumbList\",\"@id\":\"https:\/\/kancelariahojda.pl\/en\/produkt\/dr-smile-najwazniejsze-pytania-i-odpowiedzi\/#breadcrumb\",\"itemListElement\":[{\"@type\":\"ListItem\",\"position\":1,\"name\":\"Strona g\\u0142\\u00f3wna\",\"item\":\"https:\/\/kancelariahojda.pl\/en\/\"},{\"@type\":\"ListItem\",\"position\":2,\"name\":\"Sklep\",\"item\":\"https:\/\/kancelariahojda.pl\/en\/sklep\/\"},{\"@type\":\"ListItem\",\"position\":3,\"name\":\"Dr Smile &#8211; kompendium wiedzy\"}]}]}<\/script>\n<!-- \/ Yoast SEO plugin. -->","_links":{"self":[{"href":"https:\/\/kancelariahojda.pl\/en\/wp-json\/wp\/v2\/product\/872"}],"collection":[{"href":"https:\/\/kancelariahojda.pl\/en\/wp-json\/wp\/v2\/product"}],"about":[{"href":"https:\/\/kancelariahojda.pl\/en\/wp-json\/wp\/v2\/types\/product"}],"replies":[{"embeddable":true,"href":"https:\/\/kancelariahojda.pl\/en\/wp-json\/wp\/v2\/comments?post=872"}],"wp:featuredmedia":[{"embeddable":true,"href":"https:\/\/kancelariahojda.pl\/en\/wp-json\/wp\/v2\/media\/873"}],"wp:attachment":[{"href":"https:\/\/kancelariahojda.pl\/en\/wp-json\/wp\/v2\/media?parent=872"}],"wp:term":[{"taxonomy":"product_cat","embeddable":true,"href":"https:\/\/kancelariahojda.pl\/en\/wp-json\/wp\/v2\/product_cat?post=872"},{"taxonomy":"product_tag","embeddable":true,"href":"https:\/\/kancelariahojda.pl\/en\/wp-json\/wp\/v2\/product_tag?post=872"}],"curies":[{"name":"wp","href":"https:\/\/api.w.org\/{rel}","templated":true}]}}