{"id":827,"date":"2023-03-27T21:07:54","date_gmt":"2023-03-27T19:07:54","guid":{"rendered":"https:\/\/kancelariahojda.pl\/?post_type=product&#038;p=827"},"modified":"2023-07-24T19:47:56","modified_gmt":"2023-07-24T17:47:56","slug":"dr-smile-rozwiazanie-umowy","status":"publish","type":"product","link":"https:\/\/kancelariahojda.pl\/en\/produkt\/dr-smile-rozwiazanie-umowy\/","title":{"rendered":"Dr Smile &#8211; rozwi\u0105zanie umowy"},"content":{"rendered":"<p>Czy r\u00f3wnie\u017c w Twoim przypadku konsultanci Dr Smile twierdz\u0105, \u017ce z ich firm\u0105 wi\u0105\u017c\u0119 Ci\u0119 umowa? Umowa, kt\u00f3rej tre\u015bci nigdy nie Ci nie przekazano? Otrzymujesz faktury na kilkana\u015bcie tysi\u0119cy za us\u0142ugi, kt\u00f3rych nigdy nie wykonano, lub kt\u00f3re mia\u0142y by\u0107 bezp\u0142atne? Pr\u00f3bujesz odst\u0105pi\u0107 od umowy, ale otrzymujesz informacj\u0119, \u017ce nie jest to mo\u017cliwe z uwagi na &#8220;indywidualny charakter zam\u00f3wienia&#8221;?<\/p>\n<p>Je\u017celi odnajdujesz si\u0119 w cho\u0107 jednej z powy\u017cszych sytuacji, ten wz\u00f3r jest dla Ciebie. W tre\u015bci odnajdziesz nie tylko gotowy* do przes\u0142ania wz\u00f3r pisma, ale r\u00f3wnie\u017c konkretne instrukcje co do sposobu post\u0119powania. Pismo obejmuje nast\u0119puj\u0105ce elementy:<\/p>\n<ol>\n<li>nieistnienie umowy z Dr Smile,<\/li>\n<li>o\u015bwiadczenie o dzia\u0142aniu pod wp\u0142ywem b\u0142\u0119du,<\/li>\n<li>bezzasadno\u015b\u0107 roszcze\u0144 Dr Smile,<\/li>\n<li>o\u015bwiadczenie o odst\u0105pieniu od umowy,<\/li>\n<li>\u017c\u0105danie usuni\u0119cia danych osobowych,<\/li>\n<li>\u017c\u0105danie udzielenia informacji o dzia\u0142aniach z zakresu danych osobowych,<\/li>\n<li>wezwanie do zap\u0142aty (opcjonalnie).<\/li>\n<\/ol>\n<p>*Oferowany wz\u00f3r wymaga jedynie niewielkiego uzupe\u0142nienia w zakresie danych osobowych oraz wyboru formy m\u0119skiej\/\u017ce\u0144skiej.<\/p>\n<p><strong>UWAGA:\u00a0<\/strong>w przypadku niekt\u00f3rych serwer\u00f3w e-mail (np. o2 lub interia) wiadomo\u015b\u0107 z zam\u00f3wieniem mo\u017ce trafi\u0107 do spamu.<\/p>\n<p><strong>UWAGA2:<\/strong> niniejszy wz\u00f3r nie stanowi remedium na ka\u017cd\u0105 sytuacj\u0119. Wz\u00f3r jest w szczeg\u00f3lno\u015bci przeznaczony dla os\u00f3b na pocz\u0105tkowym etapie umowy. W przypadku zaawansowanego etapu czy nawet zako\u0144czenia &#8220;leczenia&#8221; niekiedy lepszym rozwi\u0105zaniem jest odpowiednio skonstruowana reklamacja. W sprawie reklamacji skontaktuj si\u0119 z kancelari\u0105 &#8211; kontakt@kanceleriahojda.pl<\/p>\n","protected":false},"excerpt":{"rendered":"<p>Czy r\u00f3wnie\u017c w Twoim przypadku konsultanci Dr Smile twierdz\u0105, \u017ce z ich firm\u0105 wi\u0105\u017c\u0119 Ci\u0119 umowa? Umowa, kt\u00f3rej tre\u015bci nigdy nie Ci nie przekazano? Otrzymujesz faktury na kilkana\u015bcie tysi\u0119cy za us\u0142ugi, kt\u00f3rych nigdy nie wykonano, lub kt\u00f3re mia\u0142y by\u0107 bezp\u0142atne? Pr\u00f3bujesz odst\u0105pi\u0107 od umowy, ale otrzymujesz informacj\u0119, \u017ce nie jest to mo\u017cliwe z uwagi na [&hellip;]<\/p>\n","protected":false},"featured_media":838,"comment_status":"open","ping_status":"closed","template":"","meta":[],"product_cat":[46],"product_tag":[],"yoast_head":"<!-- This site is optimized with the Yoast SEO plugin v16.5 - https:\/\/yoast.com\/wordpress\/plugins\/seo\/ -->\n<title>Dr Smile - rozwi\u0105zanie umowy - Radca Prawny Karol Hojda<\/title>\n<meta name=\"robots\" content=\"index, follow, max-snippet:-1, max-image-preview:large, max-video-preview:-1\" \/>\n<link rel=\"canonical\" href=\"https:\/\/kancelariahojda.pl\/en\/produkt\/dr-smile-rozwiazanie-umowy\/\" \/>\n<meta property=\"og:locale\" content=\"pl_PL\" \/>\n<meta property=\"og:type\" content=\"article\" \/>\n<meta property=\"og:title\" content=\"Dr Smile - rozwi\u0105zanie umowy - Radca Prawny Karol Hojda\" \/>\n<meta property=\"og:description\" content=\"Czy r\u00f3wnie\u017c w Twoim przypadku konsultanci Dr Smile twierdz\u0105, \u017ce z ich firm\u0105 wi\u0105\u017c\u0119 Ci\u0119 umowa? Umowa, kt\u00f3rej tre\u015bci nigdy nie Ci nie przekazano? Otrzymujesz faktury na kilkana\u015bcie tysi\u0119cy za us\u0142ugi, kt\u00f3rych nigdy nie wykonano, lub kt\u00f3re mia\u0142y by\u0107 bezp\u0142atne? Pr\u00f3bujesz odst\u0105pi\u0107 od umowy, ale otrzymujesz informacj\u0119, \u017ce nie jest to mo\u017cliwe z uwagi na [&hellip;]\" \/>\n<meta property=\"og:url\" content=\"https:\/\/kancelariahojda.pl\/en\/produkt\/dr-smile-rozwiazanie-umowy\/\" \/>\n<meta property=\"og:site_name\" content=\"Radca Prawny Karol Hojda\" \/>\n<meta property=\"article:modified_time\" content=\"2023-07-24T17:47:56+00:00\" \/>\n<meta property=\"og:image\" content=\"https:\/\/kancelariahojda.pl\/wp-content\/uploads\/2023\/03\/Bez-nazwy.png\" \/>\n\t<meta property=\"og:image:width\" content=\"494\" \/>\n\t<meta property=\"og:image:height\" content=\"102\" \/>\n<meta name=\"twitter:card\" content=\"summary_large_image\" \/>\n<meta name=\"twitter:label1\" content=\"Szacowany czas czytania\" \/>\n\t<meta name=\"twitter:data1\" content=\"1 minuta\" \/>\n<script type=\"application\/ld+json\" class=\"yoast-schema-graph\">{\"@context\":\"https:\/\/schema.org\",\"@graph\":[{\"@type\":\"WebSite\",\"@id\":\"https:\/\/kancelariahojda.pl\/en\/#website\",\"url\":\"https:\/\/kancelariahojda.pl\/en\/\",\"name\":\"Radca Prawny Karol Hojda\",\"description\":\"Kancelaria Prawna Wroc\\u0142aw\",\"potentialAction\":[{\"@type\":\"SearchAction\",\"target\":\"https:\/\/kancelariahojda.pl\/en\/?s={search_term_string}\",\"query-input\":\"required name=search_term_string\"}],\"inLanguage\":\"pl-PL\"},{\"@type\":\"ImageObject\",\"@id\":\"https:\/\/kancelariahojda.pl\/en\/produkt\/dr-smile-rozwiazanie-umowy\/#primaryimage\",\"inLanguage\":\"pl-PL\",\"url\":\"https:\/\/kancelariahojda.pl\/en\/wp-content\/uploads\/2023\/03\/Bez-nazwy.png\",\"contentUrl\":\"https:\/\/kancelariahojda.pl\/en\/wp-content\/uploads\/2023\/03\/Bez-nazwy.png\",\"width\":494,\"height\":102},{\"@type\":\"WebPage\",\"@id\":\"https:\/\/kancelariahojda.pl\/en\/produkt\/dr-smile-rozwiazanie-umowy\/#webpage\",\"url\":\"https:\/\/kancelariahojda.pl\/en\/produkt\/dr-smile-rozwiazanie-umowy\/\",\"name\":\"Dr Smile - rozwi\\u0105zanie umowy - Radca Prawny Karol Hojda\",\"isPartOf\":{\"@id\":\"https:\/\/kancelariahojda.pl\/en\/#website\"},\"primaryImageOfPage\":{\"@id\":\"https:\/\/kancelariahojda.pl\/en\/produkt\/dr-smile-rozwiazanie-umowy\/#primaryimage\"},\"datePublished\":\"2023-03-27T19:07:54+00:00\",\"dateModified\":\"2023-07-24T17:47:56+00:00\",\"breadcrumb\":{\"@id\":\"https:\/\/kancelariahojda.pl\/en\/produkt\/dr-smile-rozwiazanie-umowy\/#breadcrumb\"},\"inLanguage\":\"pl-PL\",\"potentialAction\":[{\"@type\":\"ReadAction\",\"target\":[\"https:\/\/kancelariahojda.pl\/en\/produkt\/dr-smile-rozwiazanie-umowy\/\"]}]},{\"@type\":\"BreadcrumbList\",\"@id\":\"https:\/\/kancelariahojda.pl\/en\/produkt\/dr-smile-rozwiazanie-umowy\/#breadcrumb\",\"itemListElement\":[{\"@type\":\"ListItem\",\"position\":1,\"name\":\"Strona g\\u0142\\u00f3wna\",\"item\":\"https:\/\/kancelariahojda.pl\/en\/\"},{\"@type\":\"ListItem\",\"position\":2,\"name\":\"Sklep\",\"item\":\"https:\/\/kancelariahojda.pl\/en\/sklep\/\"},{\"@type\":\"ListItem\",\"position\":3,\"name\":\"Dr Smile &#8211; rozwi\\u0105zanie umowy\"}]}]}<\/script>\n<!-- \/ Yoast SEO plugin. -->","_links":{"self":[{"href":"https:\/\/kancelariahojda.pl\/en\/wp-json\/wp\/v2\/product\/827"}],"collection":[{"href":"https:\/\/kancelariahojda.pl\/en\/wp-json\/wp\/v2\/product"}],"about":[{"href":"https:\/\/kancelariahojda.pl\/en\/wp-json\/wp\/v2\/types\/product"}],"replies":[{"embeddable":true,"href":"https:\/\/kancelariahojda.pl\/en\/wp-json\/wp\/v2\/comments?post=827"}],"wp:featuredmedia":[{"embeddable":true,"href":"https:\/\/kancelariahojda.pl\/en\/wp-json\/wp\/v2\/media\/838"}],"wp:attachment":[{"href":"https:\/\/kancelariahojda.pl\/en\/wp-json\/wp\/v2\/media?parent=827"}],"wp:term":[{"taxonomy":"product_cat","embeddable":true,"href":"https:\/\/kancelariahojda.pl\/en\/wp-json\/wp\/v2\/product_cat?post=827"},{"taxonomy":"product_tag","embeddable":true,"href":"https:\/\/kancelariahojda.pl\/en\/wp-json\/wp\/v2\/product_tag?post=827"}],"curies":[{"name":"wp","href":"https:\/\/api.w.org\/{rel}","templated":true}]}}