{"id":790,"date":"2023-01-12T12:39:04","date_gmt":"2023-01-12T11:39:04","guid":{"rendered":"https:\/\/kancelariahojda.pl\/?page_id=790"},"modified":"2023-01-12T22:35:17","modified_gmt":"2023-01-12T21:35:17","slug":"regulamin-newslettera","status":"publish","type":"page","link":"https:\/\/kancelariahojda.pl\/en\/regulamin-newslettera\/","title":{"rendered":"REGULAMIN NEWSLETTERA"},"content":{"rendered":"\t\t<div data-elementor-type=\"wp-page\" data-elementor-id=\"790\" class=\"elementor elementor-790\" data-elementor-settings=\"[]\">\n\t\t\t\t\t\t\t<div class=\"elementor-section-wrap\">\n\t\t\t\t\t\t\t<section class=\"elementor-section elementor-top-section elementor-element elementor-element-1ffe295 elementor-section-boxed elementor-section-height-default elementor-section-height-default\" data-id=\"1ffe295\" data-element_type=\"section\">\n\t\t\t\t\t\t<div class=\"elementor-container elementor-column-gap-default\">\n\t\t\t\t\t<div class=\"elementor-column elementor-col-100 elementor-top-column elementor-element elementor-element-b91a942\" data-id=\"b91a942\" data-element_type=\"column\">\n\t\t\t<div class=\"elementor-widget-wrap elementor-element-populated\">\n\t\t\t\t\t\t\t\t<div class=\"elementor-element elementor-element-0cba375 elementor-widget elementor-widget-text-editor\" data-id=\"0cba375\" data-element_type=\"widget\" data-widget_type=\"text-editor.default\">\n\t\t\t\t<div class=\"elementor-widget-container\">\n\t\t\t\t\t\t\t\t<h2><strong>REGULAMIN NEWSLETTERA <\/strong>\u00a0 \u00a0 \u00a0 \u00a0 \u00a0 \u00a0 \u00a0 \u00a0 \u00a0 \u00a0 \u00a0 \u00a0 \u00a0 \u00a0 \u00a0 \u00a0 \u00a0 \u00a0 \u00a0<\/h2><h2><strong>\u00a71\u00a0<\/strong><strong>Najwa\u017cniejsze informacje dot. Us\u0142ugodawcy <\/strong><\/h2><p>Us\u0142ugi i tre\u015bci cyfrowe udost\u0119pniane w ramach Newslettera \u015bwiadczone s\u0105 przez Karola Hojd\u0119 prowadz\u0105cego dzia\u0142alno\u015b\u0107 gospodarcz\u0105 pod <strong>Kancelaria Radcy Prawnego Karol Hojda<\/strong> NIP 6912553016, Podwale, nr 1, lok. 28, 50-043 Wroc\u0142aw (dalej jako <em>Us\u0142ugodawca<\/em>).<\/p><p>We wszelkich sprawach, mo\u017cesz skontaktowa\u0107 si\u0119 pisz\u0105c na adres e-mail: kontakt@kancelariahojda.pl telefonicznie: 695-139-135.<\/p><p>S\u0142ownik poj\u0119\u0107 znajduje si\u0119 w \u00a710 niniejszego Regulaminu.<\/p><h2><strong>\u00a72 Najwa\u017cniejsze informacje dotycz\u0105ce Newslettera<\/strong><\/h2><ol><li>Newsletter, w tym us\u0142ugi i tre\u015bci cyfrowe s\u0105 wysy\u0142ane na wskazany przez Ciebie adres e-mail.<\/li><li>W ramach Newslettera udost\u0119pniane s\u0105 tre\u015bci edukacyjne, a tak\u017ce informacje o nowych wpisach blogowych lub materia\u0142ach udost\u0119pnianych w social media, aktualnych promocjach, bonusach, bezp\u0142atnych i p\u0142atnych wydarzeniach, szkoleniach oraz inne informacje marketingowe i handlowe o produktach i us\u0142ugach oferowanych przez Us\u0142ugodawc\u0119 lub polecanych przez Us\u0142ugodawc\u0119.<\/li><li>W przypadku gdy w ramach Newslettera udost\u0119pniania jest tre\u015b\u0107 cyfrowa (np. e-book, nagranie audio\/wideo), dost\u0119p do niej mo\u017cesz uzyska\u0107 w spos\u00f3b wskazany w e-mailu (np. poprzez klikni\u0119cie aktywnego linku udost\u0119pnionego w e-mailu, pobranie za\u0142\u0105cznika do\u0142\u0105czonego do wiadomo\u015bci).<\/li><li>Z uwagi na to, \u017ce programy pocztowe cz\u0119sto uznaj\u0105 wiadomo\u015bci wysy\u0142ane z program\u00f3w mailingowych za SPAM, zalecane jest dodanie Us\u0142ugodawcy do listy zaufanych odbiorc\u00f3w.<\/li><\/ol><h2><strong>\u00a73 Zasady zawarcia umowy i uzyskania dost\u0119pu do Newslettera <\/strong><\/h2><ol><li>Dost\u0119p do Newslettera mo\u017cesz uzyska\u0107:<\/li><\/ol><ul><li>nieodp\u0142atnie \u2013 poprzez zapis do Newslettera i przekazanie Twojego adresu e-mail, imienia lub innych danych osobowych wymaganych w formularzu zapisu do cel\u00f3w marketingowych\/handlowych lub<\/li><li>odp\u0142atnie \u2013 bez konieczno\u015bci zapisu do Newslettera, tj. poprzez zap\u0142at\u0119 kwoty 123 z\u0142 brutto miesi\u0119cznie za dost\u0119p do tre\u015bci cyfrowej udost\u0119pnianej bezp\u0142atnie w ramach Newslettera. Aby dokona\u0107 zakupu, skontaktuj si\u0119 w tym celu z Us\u0142ugodawc\u0105 na wskazany w \u00a71 adres e-mail lub w inny spos\u00f3b wskazany do kontaktu.<\/li><\/ul><ol start=\"2\"><li>W celu zapisania si\u0119 do Newslettera i uzyskania dost\u0119pu do us\u0142ugi\/tre\u015bci cyfrowej:<\/li><\/ol><ul><li>podaj dane osobowe w ramach udost\u0119pnionego formularza zapisu,<\/li><li>zaakceptuj Regulamin newslettera,<\/li><li>potwierd\u017a sw\u00f3j adres e-mail &#8211; w przypadku gdy na etapie zapisu wskazano konieczno\u015b\u0107 potwierdzenia adresu e-mail (mechanizm double opt-in).<\/li><\/ul><ol start=\"3\"><li>Umowa na \u015bwiadczenie us\u0142ugi dost\u0119pu do tre\u015bci cyfrowej zostaje zawarta na czas nieokre\u015blony z chwil\u0105:<\/li><\/ol><ul><li>wy\u015bwietlenia Klientowi potwierdzenia zapisania si\u0119 do Newslettera (w przypadku nieodp\u0142atnego dost\u0119pu),<\/li><li>z chwil\u0105 akceptacji Regulaminu sklepu i dokonania p\u0142atno\u015bci za dost\u0119p do tre\u015bci cyfrowej (w przypadku odp\u0142atnego dost\u0119pu).<\/li><\/ul><ol start=\"4\"><li>Dost\u0119p do Newslettera, w tym do udost\u0119pnionych us\u0142ug i tre\u015bci cyfrowych jest udzielany niezw\u0142ocznie po zawarciu Umowy, chyba \u017ce z Opisu Us\u0142ugi wynika inaczej. W przypadku nieuzyskania dost\u0119pu, nale\u017cy zg\u0142osi\u0107 ww. brak Us\u0142ugodawcy.<\/li><li>Rozwi\u0105zanie Umowy na \u015bwiadczenie us\u0142ugi dost\u0119pu do Newslettera, w tym na dostarczenie us\u0142ugi i tre\u015bci cyfrowej przez Ciebie mo\u017ce nast\u0105pi\u0107 w trybie natychmiastowym. W celu rozwi\u0105zania Umowy:<\/li><\/ol><ul><li>kliknij przycisk \u201eAnuluj subskrypcj\u0119\u201d\/ \u201eZrezygnuj z subskrypcji\u201d lub przycisk analogiczny lub<\/li><li>skontaktuj si\u0119 z Us\u0142ugodawc\u0105.<\/li><\/ul><h2><strong>\u00a74 Warunki techniczne\u00a0\u00a0\u00a0\u00a0\u00a0\u00a0\u00a0 <\/strong><\/h2><ol><li>Us\u0142ugodawca o\u015bwiadcza, i\u017c publiczny charakter sieci Internet i\u00a0korzystanie z\u00a0us\u0142ug \u015bwiadczonych drog\u0105 elektroniczn\u0105 wi\u0105za\u0107 mo\u017ce si\u0119 z\u00a0zagro\u017ceniem pozyskania i\u00a0modyfikowania danych Klient\u00f3w przez osoby nieuprawnione, dlatego zalecane jest stosowanie w\u0142a\u015bciwych \u015brodk\u00f3w technicznych, kt\u00f3re zminimalizuj\u0105 wskazane wy\u017cej zagro\u017cenia. Us\u0142ugodawca nigdy nie zwraca si\u0119 do Klienta z\u00a0pro\u015bb\u0105 o\u00a0udost\u0119pnienie mu w\u00a0jakiejkolwiek formie Has\u0142a.<\/li><li>W celu zapisania si\u0119 do Newslettera lub z\u0142o\u017cenia zam\u00f3wienia na odp\u0142atny dost\u0119p do Newslettera, konieczne jest posiadanie aktualnej wersji przegl\u0105darki internetowej wspieranej przez producenta z dost\u0119pem do Internetu (np. Opera, Mozilla Firefox, Google Chrome, Safari) oraz aktywnego konta poczty elektronicznej.<\/li><li>W celu skorzystania z Newslettera, w tym z udost\u0119pnianych us\u0142ug i tre\u015bci cyfrowych, konieczne jest posiadanie:<\/li><\/ol><ul><li>aktualnej wersji przegl\u0105darki internetowej wspieranej przez producenta z dost\u0119pem do Internetu (np. Opera, Mozilla Firefox, Google Chrome, Safari);<\/li><li>aktywnego konta poczty elektronicznej;<\/li><li>aktualnego narz\u0119dzia\/ programu obs\u0142uguj\u0105cego pliki elektroniczne w formacie, w kt\u00f3rych dostarczana jest tre\u015b\u0107 cyfrowa (np. w formacie *.zip, *.pdf, *.mobi, *.pub, *.doc, *.docx, *.xsl);<\/li><\/ul><ol start=\"4\"><li>W przypadku gdy do skorzystania z Newslettera, w tym z udost\u0119pnianych us\u0142ug i tre\u015bci cyfrowych konieczne b\u0119dzie spe\u0142nienie dodatkowych wymaga\u0144 technicznych, zostaniesz o tym poinformowany. Informacja zostanie Ci przekazana tak\u017ce w przypadku gdy konieczne jest dokonanie aktualizacji niezb\u0119dnych do zachowania zgodno\u015bci us\u0142ug i tre\u015bci cyfrowych z Umow\u0105.<\/li><\/ol><h2><strong>\u00a75 Reklamacja<\/strong><\/h2><ol><li>Je\u017celi udost\u0119pniane us\u0142ugi\/ tre\u015bci cyfrowe s\u0105 niezgodne z umow\u0105, mo\u017cesz \u017c\u0105da\u0107 doprowadzenia do zgodno\u015bci z umow\u0105 lub z\u0142o\u017cy\u0107 o\u015bwiadczenie o obni\u017ceniu ceny (w przypadku us\u0142ugi p\u0142atnej) albo odst\u0105pi\u0107 od umowy.<\/li><li>Us\u0142ugodawca rozpatruje reklamacje w terminie 14 dni od dnia dor\u0119czenia reklamacji.<\/li><li>Reklamacj\u0119 mo\u017cna sk\u0142ada\u0107 e-mailowo, pisemnie lub w inny spos\u00f3b wskazany do komunikacji.<\/li><li>Us\u0142ugodawca mo\u017ce odm\u00f3wi\u0107 doprowadzenia do zgodno\u015bci z umow\u0105, je\u017celi doprowadzenie do zgodno\u015bci us\u0142ugi\/tre\u015bci cyfrowej z umow\u0105 w spos\u00f3b wybrany przez Klienta jest niemo\u017cliwe albo wymaga\u0142oby nadmiernych koszt\u00f3w dla Us\u0142ugodawcy. Przy ocenie nadmierno\u015bci koszt\u00f3w uwzgl\u0119dnia si\u0119 wszelkie okoliczno\u015bci sprawy, w szczeg\u00f3lno\u015bci znaczenie braku zgodno\u015bci tre\u015bci cyfrowej lub us\u0142ugi cyfrowej z umow\u0105 oraz warto\u015b\u0107 tre\u015bci cyfrowej lub us\u0142ugi cyfrowej zgodnych z umow\u0105.<\/li><li>Obowi\u0105zki i uprawnienia Stron, w tym szczeg\u00f3\u0142owe zasady reklamacji us\u0142ugi\/tre\u015bci cyfrowej zosta\u0142y okre\u015blone w ustawie o prawach konsumenta (m.in. w rozdziale 5b ustawy).<\/li><\/ol><h2><strong>\u00a76 Odst\u0105pienie od Umowy \u00a0<\/strong><\/h2><ol><li>Mo\u017cesz odst\u0105pi\u0107 od Umowy w terminie 14 dni od dnia zawarcia umowy. W celu skorzystania z prawa do odst\u0105pienia od umowy, Klient powinien poinformowa\u0107 Us\u0142ugodawc\u0119 o tym w drodze jednoznacznego o\u015bwiadczenia, wysy\u0142aj\u0105c np. e-mail lub pismo na adres wskazany w Regulaminie.<\/li><li>Mo\u017cesz odst\u0105pi\u0107 od Umowy w przypadku nie dostarczenia tre\u015bci lub us\u0142ugi cyfrowej.<\/li><li>W przypadku odst\u0105pienia od umowy, nale\u017cy powstrzymywa\u0107 si\u0119 od korzystania z tre\u015bci cyfrowej lub us\u0142ugi cyfrowej i udost\u0119pniania ich osobom trzecim.<\/li><\/ol><h2><strong>\u00a77 Prawa autorskie i licencje<\/strong><\/h2><ol><li>Teksty, zdj\u0119cia, grafiki, multimedia oraz znaki towarowe udost\u0119pniane w ramach Newslettera s\u0105 utworem w rozumieniu ustawy z dnia 4 lutego 1994 r. o prawie autorskim i prawach pokrewnych, podlegaj\u0105cym ochronie prawnej.<\/li><li>Prawami autorskimi do ww. materia\u0142\u00f3w dysponuje Us\u0142ugodawca b\u0105d\u017a inny podmiot, od kt\u00f3rego Us\u0142ugodawca uzyska\u0142 odpowiedni\u0105 licencj\u0119. Materia\u0142y mog\u0105 by\u0107 te\u017c wykorzystywane przez Us\u0142ugodawc\u0119 w oparciu o inn\u0105 podstaw\u0119 prawn\u0105.<\/li><li>Wszelkie materia\u0142y udost\u0119pniane przez Us\u0142ugodawc\u0119 mog\u0105 by\u0107 wykorzystywane wy\u0142\u0105cznie na w\u0142asny u\u017cytek, o ile nic innego nie wynika z ustale\u0144 Stron. Nieuprawnione jest dalsze rozpowszechnianie, udost\u0119pnianie, zgrywanie i pobieranie w jakikolwiek spos\u00f3b materia\u0142\u00f3w poza zakresem dozwolonego u\u017cytku.<\/li><li>W przypadku naruszenia zakazu, o kt\u00f3rym mowa w niniejszym paragrafie, w tym naruszenia praw autorskich, Us\u0142ugodawca ma prawo domaga\u0107 si\u0119 od Klienta odszkodowania i zado\u015b\u0107uczynienia. Klient w ww. zakresie mo\u017ce ponosi\u0107 odpowiedzialno\u015b\u0107 cywiln\u0105 lub karn\u0105.<\/li><\/ol><h2><strong>\u00a78 Dane osobowe<\/strong><\/h2><ol><li>Administratorem Twoich danych osobowych jest Us\u0142ugodawca. Twoje dane przetwarzane s\u0105 do nast\u0119puj\u0105cych cel\u00f3w:<\/li><\/ol><ul><li>Dane niezb\u0119dne do zawarcia i realizacji umowy b\u0119d\u0105 przetwarzane przez czas realizacji umowy, w tym przez czas realizacji uprawnie\u0144 wynikaj\u0105cych z umowy(art. 6 ust. 1 lit. b i f RODO). Podanie tych danych jest dobrowolne, ale niezb\u0119dne do zawarcia i realizacji umowy;<\/li><li>Dane dodatkowe podane w celu m.in. usprawnienia realizacji umowy b\u0119d\u0105 przetwarzane nie d\u0142u\u017cej ni\u017c do czasu wniesienia przez Ciebie sprzeciwu lub ustania celu biznesowego w oparciu o uzasadniony interes w postaci obs\u0142ugi Klient\u00f3w (art. 6 ust. 1 lit. f RODO).<\/li><li>Dane b\u0119d\u0105 przetwarzane tak\u017ce przez okres przedawnienia roszcze\u0144 w oparciu o uzasadniony interes Us\u0142ugodawcy w celu obrony przed roszczeniami, a tak\u017ce w celu ustalenia i dochodzenia roszcze\u0144 (art. 6 ust. 1 lit. f RODO).<\/li><li>Dane mog\u0105 by\u0107 tak\u017ce archiwizowane do cel\u00f3w wewn\u0119trznych i statystycznych do czasu wniesienia przez Ciebie sprzeciwu lub ustania celu biznesowego w oparciu o uzasadniony interes Us\u0142ugodawcy (art. 6 ust. 1 lit. f RODO).<\/li><li>W przypadku danych zbieranych do cel\u00f3w marketingowych i handlowych, w tym w celu dostarczania informacji marketingowych w ramach us\u0142ugi Newsletter, dane b\u0119d\u0105 przetwarzane w oparciu o uzasadniony interes Us\u0142ugodawcy w postaci marketingu produkt\u00f3w i us\u0142ug Us\u0142ugodawcy (art. 6 ust. 1 lit. f RODO) oraz w oparciu o Twoj\u0105 zgod\u0119. Twoje dane b\u0119d\u0105 przetwarzane nie d\u0142u\u017cej ni\u017c do czasu wniesienia przez Ciebie sprzeciwu\/cofni\u0119cia zgody lub ustania celu biznesowego \u2013 w zale\u017cno\u015bci od tego, co nast\u0105pi wcze\u015bniej. Podanie danych jest dobrowolne, jednak niezb\u0119dne do otrzymywania informacji marketingowych\/handlowych. Zgod\u0119 mo\u017cesz cofn\u0105\u0107 w ka\u017cdej chwili, klikaj\u0105c link w stopce maila lub pisz\u0105c do Us\u0142ugodawcy na adres podany wy\u017cej<strong>.<\/strong><\/li><\/ul><ol start=\"2\"><li>Twoje dane mog\u0105 by\u0107 powierzone innym podmiotom, tylko wtedy jest to niezb\u0119dne do realizacji cel\u00f3w przetwarzania, o kt\u00f3rych mowa wy\u017cej oraz wy\u0142\u0105cznie w zakresie koniecznym do realizacji tego celu. W razie potrzeby Twoje dane mog\u0105 by\u0107 przekazane firmie hostingowej, podmiotom wspieraj\u0105cym w obs\u0142udze i wysy\u0142ce Newslettera, platformie spo\u0142eczno\u015bciowej Meta, firmie \u015bwiadcz\u0105cej us\u0142ugi chmurowe, podmiotom \u015bwiadcz\u0105cym us\u0142ugi marketingowe, oraz innym podmiotom, kt\u00f3re wspieraj\u0105 Administratora w realizacji cel\u00f3w przetwarzania.<\/li><li>Us\u0142ugodawca korzysta z programu Mailpoet do wysy\u0142ki Newslettera udost\u0119pnianego przez <strong>Aut O\u2019Mattic A8C Ireland Ltd.<\/strong><br \/>Grand Canal Dock, 25 Herbert Pl<br \/>Dublin, D02 AY86<br \/>Ireland<\/li><li>Szczeg\u00f3\u0142owe informacje dotycz\u0105ce Polityki prywatno\u015bci podmiotu \u015bwiadcz\u0105cego us\u0142ug\u0119 wysy\u0142ki Newslettera znajduj\u0105 si\u0119 na stronie: https:\/\/automattic.com\/privacy\/<\/li><li>W zwi\u0105zku z RODO przys\u0142uguje Ci prawo dost\u0119pu do swoich danych osobowych, sprostowania danych osobowych, usuni\u0119cia danych osobowych, ograniczenia przetwarzania danych osobowych, sprzeciwu wobec przetwarzania danych osobowych, przenoszenia danych osobowych, cofni\u0119cia zgody, z tym zastrze\u017ceniem, \u017ce wycofanie zgody nie wp\u0142ywa na zgodno\u015b\u0107 z prawem przetwarzania dokonanego przed jej cofni\u0119ciem.<\/li><li>Je\u017celi uwa\u017casz, \u017ce Twoje dane osobowe s\u0105 przetwarzane niezgodnie z obowi\u0105zuj\u0105cym prawem, przys\u0142uguje Ci skarga do Prezesa Urz\u0119du Ochrony Danych Osobowych. W takim przypadku zach\u0119cam jednak do wcze\u015bniejszego kontaktu z nami celem wyja\u015bnienia swoich w\u0105tpliwo\u015bci.<br \/><h2><strong>\u00a79 Postanowienia ko\u0144cowe<\/strong><\/h2><ol><li>W ramach korzystania z Newslettera, w tym z us\u0142ugi lub tre\u015bci cyfrowej zabrania si\u0119 dostarczania informacji o charakterze bezprawnym oraz dzia\u0142ania w\u00a0spos\u00f3b sprzeczny z\u00a0prawem, dobrymi obyczajami lub naruszaj\u0105cy dobra osobiste os\u00f3b trzecich.<\/li><li>Polubowne rozpatrywanie spor\u00f3w i rozpatrywania reklamacji w przypadku konsumenta jest mo\u017cliwe poprzez zwr\u00f3cenie si\u0119 do:<\/li><\/ol><\/li><\/ol><ul><li>sta\u0142ego polubownego s\u0105du konsumenckiego z wnioskiem o rozstrzygni\u0119cie sporu wynik\u0142ego z zawartej umowy;<\/li><li>wojew\u00f3dzkiego inspektora Inspekcji Handlowej z wnioskiem o wszcz\u0119cie post\u0119powania mediacyjnego, w sprawie polubownego zako\u0144czenia sporu mi\u0119dzy Klientem a Sprzedawc\u0105;<\/li><li>powiatowego (miejskiego) rzecznika praw konsumenta lub organizacji spo\u0142ecznej, do kt\u00f3rej statutowych zada\u0144 nale\u017cy ochrona konsument\u00f3w w celu uzyskania pomocy w sprawie umowy;<\/li><li>lub ma prawo skorzysta\u0107 z platformy ODR. Platforma s\u0142u\u017cy rozstrzyganiu spor\u00f3w pomi\u0119dzy konsumentami i przedsi\u0119biorcami <a href=\"http:\/\/ec.europa.eu\/consumers\/odr\">http:\/\/ec.europa.eu\/consumers\/odr<\/a>.<br \/><ol start=\"3\"><li><strong>Us\u0142ugodawca zastrzega sobie prawo do <\/strong>wprowadzenia zmian do Regulaminu z wa\u017cnych przyczyn, w tym w szczeg\u00f3lno\u015bci z powodu zmiany przepis\u00f3w prawa w zakresie, w jakich zmiany te wymuszaj\u0105 na Us\u0142ugodawcy r\u00f3wnie\u017c zmiany tre\u015bci niniejszego Regulaminu, w szczeg\u00f3lno\u015bci zmiany przepis\u00f3w Kodeksu cywilnego, ustawy o prawach konsumenta, ustawy o \u015bwiadczeniu us\u0142ug drog\u0105 elektroniczn\u0105, a tak\u017ce na mocy obowi\u0105zuj\u0105cych decyzji UOKIK, PUODO lub orzecze\u0144 s\u0105dowych w zakresie odpowiadaj\u0105cym wydanym decyzjom\/orzeczeniom oraz w przypadku istotnej zmiany czynnik\u00f3w biznesowych, o ile istnieje zwi\u0105zek przyczynowo-skutkowy mi\u0119dzy ww. zmian\u0105 a zmian\u0105 koszt\u00f3w \u015bwiadczenia us\u0142ug przez Us\u0142ugodawc\u0119. <strong>Szczeg\u00f3\u0142owe informacje dot. zmian wskazuje ustawa o prawach konsumenta.<\/strong><\/li><li>Niniejszy Regulamin obowi\u0105zuje od dnia 12.01.2023 r.<\/li><\/ol><\/li><\/ul><h2><strong>\u00a710 S\u0142ownik poj\u0119\u0107<\/strong><\/h2><ol><li>Cena \u2013 pieni\u0105dze lub cyfrowe odwzorowanie warto\u015bci;<\/li><li>Klient \u2013 podmiot, kt\u00f3ry zawar\u0142 Umow\u0119 z Us\u0142ugodawc\u0105 na dost\u0119p do Newslettera, w tym dostarczenie us\u0142ugi i\/lub tre\u015bci cyfrowej;<\/li><li>Konsument \u2013 osoba fizyczna, kt\u00f3ra zawar\u0142a Umow\u0119 z Us\u0142ugodawc\u0105 do cel\u00f3w, kt\u00f3re nie s\u0105 bezpo\u015brednio zwi\u0105zane z jej dzia\u0142alno\u015bci\u0105 gospodarcz\u0105\/zawodow\u0105;<\/li><li>Tre\u015b\u0107 cyfrowa \u2013 dane wytworzone i dostarczane w postaci cyfrowej ( e-book, inne materia\u0142y w formie pdf, audio\/video);<\/li><li>Us\u0142uga \u2013 us\u0142uga lub tre\u015b\u0107 cyfrowa lub towar z elementami cyfrowymi;<\/li><li>Us\u0142uga cyfrowa \u2013 us\u0142uga pozwalaj\u0105c\u0105 Klientowi na wytwarzanie, przetwarzanie, przechowywanie lub dost\u0119p do danych w postaci cyfrowej lub us\u0142ug\u0119 pozwalaj\u0105c\u0105 na wsp\u00f3lne korzystanie z danych w postaci cyfrowej, kt\u00f3re zosta\u0142y przes\u0142ane lub wytworzone przez Klienta lub innych u\u017cytkownik\u00f3w tej us\u0142ugi lub inne formy interakcji za pomoc\u0105 takich danych;<\/li><\/ol>\t\t\t\t\t\t<\/div>\n\t\t\t\t<\/div>\n\t\t\t\t\t<\/div>\n\t\t<\/div>\n\t\t\t\t\t\t\t<\/div>\n\t\t<\/section>\n\t\t\t\t\t\t<\/div>\n\t\t\t\t\t<\/div>\n\t\t","protected":false},"excerpt":{"rendered":"<p>REGULAMIN NEWSLETTERA \u00a0 \u00a0 \u00a0 \u00a0 \u00a0 \u00a0 \u00a0 \u00a0 \u00a0 \u00a0 \u00a0 \u00a0 \u00a0 \u00a0 \u00a0 \u00a0 \u00a0 \u00a0 \u00a0 \u00a71\u00a0Najwa\u017cniejsze informacje dot. Us\u0142ugodawcy Us\u0142ugi i tre\u015bci cyfrowe udost\u0119pniane w ramach Newslettera \u015bwiadczone s\u0105 przez Karola Hojd\u0119 prowadz\u0105cego dzia\u0142alno\u015b\u0107 gospodarcz\u0105 pod Kancelaria Radcy Prawnego Karol Hojda NIP 6912553016, Podwale, nr 1, lok. 28, 50-043 [&hellip;]<\/p>\n","protected":false},"author":1,"featured_media":0,"parent":0,"menu_order":0,"comment_status":"closed","ping_status":"closed","template":"","meta":[],"yoast_head":"<!-- This site is optimized with the Yoast SEO plugin v16.5 - https:\/\/yoast.com\/wordpress\/plugins\/seo\/ -->\n<title>REGULAMIN NEWSLETTERA - Radca Prawny Karol Hojda<\/title>\n<meta name=\"robots\" content=\"index, follow, max-snippet:-1, max-image-preview:large, max-video-preview:-1\" \/>\n<link rel=\"canonical\" href=\"https:\/\/kancelariahojda.pl\/en\/regulamin-newslettera\/\" \/>\n<meta property=\"og:locale\" content=\"pl_PL\" \/>\n<meta property=\"og:type\" content=\"article\" \/>\n<meta property=\"og:title\" content=\"REGULAMIN NEWSLETTERA - Radca Prawny Karol Hojda\" \/>\n<meta property=\"og:description\" content=\"REGULAMIN NEWSLETTERA \u00a0 \u00a0 \u00a0 \u00a0 \u00a0 \u00a0 \u00a0 \u00a0 \u00a0 \u00a0 \u00a0 \u00a0 \u00a0 \u00a0 \u00a0 \u00a0 \u00a0 \u00a0 \u00a0 \u00a71\u00a0Najwa\u017cniejsze informacje dot. Us\u0142ugodawcy Us\u0142ugi i tre\u015bci cyfrowe udost\u0119pniane w ramach Newslettera \u015bwiadczone s\u0105 przez Karola Hojd\u0119 prowadz\u0105cego dzia\u0142alno\u015b\u0107 gospodarcz\u0105 pod Kancelaria Radcy Prawnego Karol Hojda NIP 6912553016, Podwale, nr 1, lok. 28, 50-043 [&hellip;]\" \/>\n<meta property=\"og:url\" content=\"https:\/\/kancelariahojda.pl\/en\/regulamin-newslettera\/\" \/>\n<meta property=\"og:site_name\" content=\"Radca Prawny Karol Hojda\" \/>\n<meta property=\"article:modified_time\" content=\"2023-01-12T21:35:17+00:00\" \/>\n<meta name=\"twitter:card\" content=\"summary_large_image\" \/>\n<meta name=\"twitter:label1\" content=\"Szacowany czas czytania\" \/>\n\t<meta name=\"twitter:data1\" content=\"8 minut\" \/>\n<script type=\"application\/ld+json\" class=\"yoast-schema-graph\">{\"@context\":\"https:\/\/schema.org\",\"@graph\":[{\"@type\":\"WebSite\",\"@id\":\"https:\/\/kancelariahojda.pl\/en\/#website\",\"url\":\"https:\/\/kancelariahojda.pl\/en\/\",\"name\":\"Radca Prawny Karol Hojda\",\"description\":\"Kancelaria Prawna Wroc\\u0142aw\",\"potentialAction\":[{\"@type\":\"SearchAction\",\"target\":\"https:\/\/kancelariahojda.pl\/en\/?s={search_term_string}\",\"query-input\":\"required name=search_term_string\"}],\"inLanguage\":\"pl-PL\"},{\"@type\":\"WebPage\",\"@id\":\"https:\/\/kancelariahojda.pl\/en\/regulamin-newslettera\/#webpage\",\"url\":\"https:\/\/kancelariahojda.pl\/en\/regulamin-newslettera\/\",\"name\":\"REGULAMIN NEWSLETTERA - Radca Prawny Karol Hojda\",\"isPartOf\":{\"@id\":\"https:\/\/kancelariahojda.pl\/en\/#website\"},\"datePublished\":\"2023-01-12T11:39:04+00:00\",\"dateModified\":\"2023-01-12T21:35:17+00:00\",\"breadcrumb\":{\"@id\":\"https:\/\/kancelariahojda.pl\/en\/regulamin-newslettera\/#breadcrumb\"},\"inLanguage\":\"pl-PL\",\"potentialAction\":[{\"@type\":\"ReadAction\",\"target\":[\"https:\/\/kancelariahojda.pl\/en\/regulamin-newslettera\/\"]}]},{\"@type\":\"BreadcrumbList\",\"@id\":\"https:\/\/kancelariahojda.pl\/en\/regulamin-newslettera\/#breadcrumb\",\"itemListElement\":[{\"@type\":\"ListItem\",\"position\":1,\"name\":\"Strona g\\u0142\\u00f3wna\",\"item\":\"https:\/\/kancelariahojda.pl\/en\/\"},{\"@type\":\"ListItem\",\"position\":2,\"name\":\"REGULAMIN NEWSLETTERA\"}]}]}<\/script>\n<!-- \/ Yoast SEO plugin. -->","_links":{"self":[{"href":"https:\/\/kancelariahojda.pl\/en\/wp-json\/wp\/v2\/pages\/790"}],"collection":[{"href":"https:\/\/kancelariahojda.pl\/en\/wp-json\/wp\/v2\/pages"}],"about":[{"href":"https:\/\/kancelariahojda.pl\/en\/wp-json\/wp\/v2\/types\/page"}],"author":[{"embeddable":true,"href":"https:\/\/kancelariahojda.pl\/en\/wp-json\/wp\/v2\/users\/1"}],"replies":[{"embeddable":true,"href":"https:\/\/kancelariahojda.pl\/en\/wp-json\/wp\/v2\/comments?post=790"}],"version-history":[{"count":12,"href":"https:\/\/kancelariahojda.pl\/en\/wp-json\/wp\/v2\/pages\/790\/revisions"}],"predecessor-version":[{"id":813,"href":"https:\/\/kancelariahojda.pl\/en\/wp-json\/wp\/v2\/pages\/790\/revisions\/813"}],"wp:attachment":[{"href":"https:\/\/kancelariahojda.pl\/en\/wp-json\/wp\/v2\/media?parent=790"}],"curies":[{"name":"wp","href":"https:\/\/api.w.org\/{rel}","templated":true}]}}