{"id":3,"date":"2021-04-06T12:48:33","date_gmt":"2021-04-06T10:48:33","guid":{"rendered":"http:\/\/kancelariahojda.pl\/?page_id=3"},"modified":"2023-01-12T22:24:03","modified_gmt":"2023-01-12T21:24:03","slug":"polityka-prywatnosci","status":"publish","type":"page","link":"https:\/\/kancelariahojda.pl\/en\/polityka-prywatnosci\/","title":{"rendered":"Polityka prywatno\u015bci"},"content":{"rendered":"\t\t<div data-elementor-type=\"wp-page\" data-elementor-id=\"3\" class=\"elementor elementor-3\" data-elementor-settings=\"[]\">\n\t\t\t\t\t\t\t<div class=\"elementor-section-wrap\">\n\t\t\t\t\t\t\t<section class=\"elementor-section elementor-top-section elementor-element elementor-element-4180c02c elementor-section-full_width elementor-section-height-min-height elementor-section-stretched elementor-section-height-default elementor-section-items-middle\" data-id=\"4180c02c\" data-element_type=\"section\" data-settings=\"{&quot;stretch_section&quot;:&quot;section-stretched&quot;,&quot;background_background&quot;:&quot;classic&quot;}\">\n\t\t\t\t\t\t<div class=\"elementor-container elementor-column-gap-default\">\n\t\t\t\t\t<div class=\"elementor-column elementor-col-100 elementor-top-column elementor-element elementor-element-678eae8b\" data-id=\"678eae8b\" data-element_type=\"column\">\n\t\t\t<div class=\"elementor-widget-wrap elementor-element-populated\">\n\t\t\t\t\t\t\t\t<div class=\"elementor-element elementor-element-52ac523a elementor-widget elementor-widget-heading\" data-id=\"52ac523a\" data-element_type=\"widget\" data-widget_type=\"heading.default\">\n\t\t\t\t<div class=\"elementor-widget-container\">\n\t\t\t<h2 class=\"elementor-heading-title elementor-size-default\">Polityka prywatno\u015bci<\/h2>\t\t<\/div>\n\t\t\t\t<\/div>\n\t\t\t\t\t<\/div>\n\t\t<\/div>\n\t\t\t\t\t\t\t<\/div>\n\t\t<\/section>\n\t\t\t\t<section class=\"elementor-section elementor-top-section elementor-element elementor-element-7f13e63 elementor-section-boxed elementor-section-height-default elementor-section-height-default\" data-id=\"7f13e63\" data-element_type=\"section\">\n\t\t\t\t\t\t<div class=\"elementor-container elementor-column-gap-default\">\n\t\t\t\t\t<div class=\"elementor-column elementor-col-100 elementor-top-column elementor-element elementor-element-6a33655\" data-id=\"6a33655\" data-element_type=\"column\">\n\t\t\t<div class=\"elementor-widget-wrap elementor-element-populated\">\n\t\t\t\t\t\t\t\t<div class=\"elementor-element elementor-element-4a2ae9b elementor-widget elementor-widget-text-editor\" data-id=\"4a2ae9b\" data-element_type=\"widget\" data-widget_type=\"text-editor.default\">\n\t\t\t\t<div class=\"elementor-widget-container\">\n\t\t\t\t\t\t\t\t<h2>POLITYKA PRYWATNO\u015aCI<\/h2><p>\u00a0<\/p><h2>\u00a71 Kim jest Administrator Twoich danych osobowych? <\/h2><p><br \/>Administratorem danych jest Karol Hojda prowadz\u0105cy dzia\u0142alno\u015b\u0107 gospodarcz\u0105 pod\u00a0<strong>Kancelaria Radcy Prawnego Karol Hojda<\/strong>NIP 6912553016, Podwale, nr 1, lok. 28, 50-043 Wroc\u0142aw, e-mail: kontakt@kancelariahojda.pl tel: 695-139-135.<\/p><h2>\u00a72 W jakim celu zbieramy Twoje dane i jak d\u0142ugo je przechowujemy?<\/h2><p>\u00a0<\/p><p>Mo\u017cemy przetwarza\u0107 Twoje dane w nast\u0119puj\u0105cych celach:<\/p><p>\u00a0<\/p><ol><li><strong>Komunikacji z Tob\u0105, w tym udzielania odpowiedzi na pytania przekazane przez formularz kontaktowy, wiadomo\u015b\u0107 e-mail, itp.<\/strong><\/li><\/ol><p>\u00a0<\/p><p>Dane b\u0119d\u0105 przetwarzane w oparciu o uzasadniony interes Administratora w postaci komunikacji z U\u017cytkownikami Strony (art. 6 ust. 1 lit. f RODO). Twoje dane b\u0119d\u0105 przetwarzane nie d\u0142u\u017cej ni\u017c do czasu wniesienia przez Ciebie sprzeciwu lub ustania celu biznesowego. Podanie tych danych jest dobrowolne, ale niezb\u0119dne do komunikacji z Tob\u0105. Dane mog\u0105 by\u0107 tak\u017ce przetwarzane w celu archiwizacji do cel\u00f3w wewn\u0119trznych w oparciu o uzasadniony interes Administratora (art. 6 ust. 1 lit. f RODO) do czasu wniesienia sprzeciwu lub ustania celu biznesowego.<\/p><p><strong>\u00a0<\/strong><\/p><ol start=\"2\"><li><strong>Zawarcia umowy i jej realizacji (z\u0142o\u017cenia zam\u00f3wienia).<\/strong><\/li><li><strong>Ustalenia, obrony i dochodzenia roszcze\u0144 <\/strong><\/li><li><strong>Realizacji obowi\u0105zk\u00f3w prawnych ci\u0105\u017c\u0105cych na Administratorze (m.in. obowi\u0105zk\u00f3w podatkowych i archiwizacyjnych). <\/strong><\/li><\/ol><p><strong>\u00a0<\/strong><\/p><p><strong>Dane niezb\u0119dne do zawarcia i realizacji umowy<\/strong> b\u0119d\u0105 przetwarzane przez czas realizacji umowy, w tym przez czas realizacji uprawnie\u0144 wynikaj\u0105cych z umowy, jak np. prawo do reklamacji z tytu\u0142u r\u0119kojmi (art. 6 ust. 1 lit. b i f RODO). Podanie tych danych jest dobrowolne, ale niezb\u0119dne do zawarcia i realizacji umowy.<\/p><p><strong>Dane dodatkowe podane w celu m.in. usprawnienia realizacji umowy <\/strong>b\u0119d\u0105 przetwarzane nie d\u0142u\u017cej ni\u017c do czasu wniesienia przez Ciebie sprzeciwu lub ustania celu biznesowego w oparciu o uzasadniony interes w postaci obs\u0142ugi Klient\u00f3w (art. 6 ust. 1 lit. f RODO).<\/p><p>Po tym okresie, <strong>dane b\u0119d\u0105 <\/strong><strong>przetwarzane <\/strong><strong>przez okres przedawnienia roszcze\u0144<\/strong> w oparciu o uzasadniony interes Administratora w celu obrony przed roszczeniami, a tak\u017ce w celu ustalenia i dochodzenia roszcze\u0144 (art. 6 ust. 1 lit. f RODO).<\/p><p>W przypadku gdy <strong>dane s\u0105 niezb\u0119dne do realizacji obowi\u0105zk\u00f3w prawnych ci\u0105\u017c\u0105cych na Administratorze<\/strong> (jak np. wystawianie i przechowywanie faktur) \u2013 dane b\u0119d\u0105 przetwarzane w tym celu nie d\u0142u\u017cej ni\u017c przez 6 lat (obowi\u0105zki archiwizacyjne dot. dokument\u00f3w ksi\u0119gowych), chyba \u017ce przepisy prawa wymagaj\u0105 d\u0142u\u017cszego okresu (art. 6 ust. 1 lit. c RODO).<\/p><p>Dane mog\u0105 by\u0107 tak\u017ce archiwizowane do cel\u00f3w wewn\u0119trznych i statystycznych do czasu wniesienia przez Ciebie sprzeciwu lub ustania celu biznesowego w oparciu o uzasadniony interes Administratora (art. 6 ust. 1 lit. f RODO).<\/p><p><strong>\u00a0<\/strong><\/p><ol start=\"5\"><li><strong>Dostarczania informacji marketingowych (m.in. wysy\u0142ki newslettera oraz informacji o us\u0142ugach, produktach, promocjach, darmowych tre\u015bciach za pomoc\u0105 innych narz\u0119dzi, np. chatbot, telefonicznie).<\/strong><\/li><\/ol><p>\u00a0<\/p><p>Dane b\u0119d\u0105 przetwarzane w oparciu o uzasadniony interes Administratora w postaci marketingu produkt\u00f3w i us\u0142ug Administratora (art. 6 ust. 1 lit. f RODO). Twoje dane b\u0119d\u0105 przetwarzane nie d\u0142u\u017cej ni\u017c do czasu wniesienia przez Ciebie sprzeciwu lub ustania celu biznesowego \u2013 w zale\u017cno\u015bci od tego, co nast\u0105pi wcze\u015bniej. Podanie danych jest dobrowolne, jednak niezb\u0119dne do otrzymywania informacji marketingowych\/handlowych.\u00a0\u00a0\u00a0\u00a0\u00a0\u00a0\u00a0\u00a0 <br \/><br \/>Do cel\u00f3w komunikacji handlowej oraz telefonicznej potrzebuj\u0119 Twojej zgody zgodnie z art. 10 ustawy o \u015bwiadczeniu us\u0142ug drog\u0105 elektroniczn\u0105. Mo\u017cesz j\u0105 w ka\u017cdej chwili wycofa\u0107, klikaj\u0105c link w stopce maila lub pisz\u0105c do mnie na adres podany wy\u017cej<strong>.<\/strong><\/p><p><strong>\u00a0<\/strong><\/p><ol start=\"6\"><li><strong>Administrowania i zarz\u0105dzania stron\u0105 i grupami na platformach spo\u0142eczno\u015bciowych (m.in. Facebook (Meta), Instagram, Linkedin<\/strong><strong>) <\/strong><strong>w przypadku przetwarzania danych na platformach spo\u0142eczno\u015bciowych, w tym <\/strong><strong>komunikacji z Tob\u0105, kierowania do Ciebie tre\u015bci marketingowych. <\/strong><\/li><\/ol><p>Dane te b\u0119d\u0105 przetwarzane wy\u0142\u0105cznie wtedy, gdy zdecydujesz si\u0119 na polubienie strony \/ do\u0142\u0105czenie do grupy \/ wybranie opcji \u201eObserwuj\u201d lub w inny spos\u00f3b zostawisz swoje dane na platformie zarz\u0105dzanej przeze mnie, np. w formie umieszczenia wpisu lub komentarza. Dane b\u0119d\u0105 przetwarzane przez okres istnienia strony\/grupy lub do czasu wniesienia przez Ciebie sprzeciwu, co mo\u017ce nast\u0105pi\u0107 poprzez odklikni\u0119cie opcji \u201eLubi\u0119 to\u201d, \u201eObserwuj\u201d, usuni\u0119cie komentarza\/wpisu lub w inny spos\u00f3b przewidziany w ramach platformy\/strony lub poprzez skontaktowanie si\u0119 z nami. Informujemy, \u017ce zasady odnosz\u0105ce si\u0119 do strony\/fanpage\u2019a\/grupy ustala Administrator, natomiast zasady korzystania z portalu spo\u0142eczno\u015bciowego, na kt\u00f3rym umieszczona jest strona\/fanpage\/grupa ustala podmiot zarz\u0105dzaj\u0105cy tymi portalami.<\/p><p>\u00a0<\/p><ol start=\"7\"><li><strong>Analitycznym i statycznym <\/strong><\/li><\/ol><p>Dane przetwarzane co cel\u00f3w analitycznych i statystycznych polegaj\u0105cym w szczeg\u00f3lno\u015bci na analizie danych pozyskanych automatycznie przy korzystaniu ze strony internetowej, w tym plik\u00f3w cookies, przetwarzane s\u0105 w oparciu o uzasadniony interes Administratora w postaci dostosowania zawarto\u015bci Strony do preferencji U\u017cytkownika oraz optymalizacji korzystania ze Strony; tworzenia statystyk, kt\u00f3re pomagaj\u0105 zrozumie\u0107, w jaki spos\u00f3b U\u017cytkownicy korzystaj\u0105 ze Strony, co umo\u017cliwia ulepszanie jej struktury i zawarto\u015bci (art. 6 ust. 1 lit. f RODO). Dane mog\u0105 by\u0107 tak\u017ce archiwizowane do cel\u00f3w wewn\u0119trznych i statystycznych do czasu wniesienia przez Ciebie sprzeciwu lub ustania celu biznesowego w oparciu o uzasadniony interes Administratora (art. 6 ust. 1 lit. f RODO).<\/p><ol start=\"8\"><li><strong>Odzyskiwania odrzuconych koszyk\u00f3w.<\/strong><\/li><\/ol><p>\u00a0<\/p><p>W sytuacji gdy nie uko\u0144czysz sk\u0142adania zam\u00f3wienia, otrzymasz przypomnienie o rozpocz\u0119tym, ale niesfinalizowanym zam\u00f3wieniu. Dane przetwarzane b\u0119d\u0105 w oparciu o uzasadniony interes Administratora w postaci obs\u0142ugi potencjalnych Klient\u00f3w i Klient\u00f3w(art. 6 ust. 1 lit. f RODO). Dane te b\u0119d\u0105 przetwarzane przez czas niezb\u0119dny do realizacji cel\u00f3w biznesowych lub wniesienia sprzeciwu.<\/p><p><strong>\u00a0<\/strong><\/p><ol start=\"9\"><li><strong>Zamieszczania komentarzy<\/strong>.<\/li><\/ol><p>\u00a0<\/p><p>W stosunku do danych widocznych na naszej Stronie przy zamieszczonym komentarzu, dane te s\u0105 przetwarzane przez nas w celu administrowania Stron\u0105 i jej obs\u0142ugi oraz komunikacji z Tob\u0105 w oparciu o uzasadniony interes Administratora (art. \u00a06 ust. 1 lit. f) przez czas niezb\u0119dny do realizacji cel\u00f3w biznesowych lub wniesienia sprzeciwu.<\/p><p>\u00a0<\/p><ol start=\"10\"><li><strong>Promocji i marketingu <\/strong><\/li><\/ol><p>\u00a0<\/p><p>W sytuacji gdy przeka\u017cesz nam swoje dane w szczeg\u00f3lno\u015bci w postaci opinii dotycz\u0105cej produktu lub us\u0142ugi, w tym dane dot. wizerunku, dane te b\u0119d\u0105 przetwarzane b\u0119d\u0105 w oparciu o uzasadniony interes Administratora w postaci marketingu us\u0142ug i produkt\u00f3w Administratora oraz podnoszenia ich jako\u015bci. Dane te b\u0119d\u0105 przetwarzane przez czas niezb\u0119dny do realizacji cel\u00f3w biznesowych lub wniesienia sprzeciwu. Podanie danych jest dobrowolne.<\/p><p><strong>\u00a0<\/strong><\/p><ol start=\"11\"><li><strong>Zbierania danych wra\u017cliwych <br \/><br \/><\/strong><\/li><\/ol><p>Dane wra\u017cliwe s\u0105 zbierane w celu realizacji umowy i jej prawid\u0142owego wykonywania w oparciu o Twoj\u0105 \u015bwiadom\u0105 i dobrowoln\u0105 zgod\u0119 (art. 9 ust. 2 lit. a RODO) \u2013 do czasu ustania celu biznesowego lub cofni\u0119cia zgody. Podanie danych jest dobrowolne, ale jest niezb\u0119dne do prawid\u0142owej realizacji umowy.<\/p><p>\u00a0<\/p><ol start=\"12\"><li><strong>Rekrutacji <\/strong><\/li><\/ol><p>\u00a0<\/p><p>Dane mog\u0105 by\u0107 przetwarzane przez czas niezb\u0119dny do procesu rekrutacji i zawarcia umowy(art. 6 ust.1 lit. b oraz 6 ust.1 lit. c RODO), a w przypadku danych dodatkowych dobrowolnie podanych \u2013 w oparciu o Twoj\u0105 zgod\u0119; do cel\u00f3w przysz\u0142ych rekrutacji &#8211; na podstawie wyra\u017conej przez Ciebie zgody, przez okres maksymalnie 3 lat (okres ten liczony jest od zako\u0144czenia roku, w kt\u00f3rych aplikacja zosta\u0142a pozyskana). Podanie danych osobowych jest dobrowolne, z tym, \u017ce podanie niekt\u00f3rych danych mo\u017ce by\u0107 niezb\u0119dne do przeprowadzenia rekrutacji, jak r\u00f3wnie\u017c do zawarcia umowy. Konsekwencj\u0105 niepodania tych danych b\u0119dzie brak realizacji ww. dzia\u0142a\u0144.<\/p><p>\u00a0<\/p><h2>\u00a73 Komu mo\u017cemy przekaza\u0107 Twoje dane?<\/h2><p>\u00a0<\/p><p>Przekazujemy Twoje dane innym podmiotom tylko wtedy, gdy jest to niezb\u0119dne do realizacji cel\u00f3w przetwarzania, o kt\u00f3rych mowa w \u00a72 oraz wy\u0142\u0105cznie w zakresie koniecznym do realizacji tego celu.\u00a0 Co do zasady zbieramy i przetwarzamy tylko te dane, kt\u00f3re sam nam poda\u0142e\u015b z zastrze\u017ceniem danych zbieranych automatycznie (plik\u00f3w cookies). Wi\u0119cej o cookies znajdziesz w \u00a77.<\/p><p>\u00a0<\/p><p>W razie potrzeby Twoje dane mog\u0105 by\u0107 przekazane podmiotom, z kt\u00f3rymi wsp\u00f3\u0142pracujemy przy realizacji ww. cel\u00f3w, w szczeg\u00f3lno\u015bci firmie hostingowej<\/p><p>\u00a0<\/p><p>Co do zasady dane nie b\u0119d\u0105 przekazywane poza obszar EOG, z zastrze\u017ceniem sytuacji opisanych poni\u017cej. W pozosta\u0142ych przypadkach, w sytuacji gdy dane b\u0119d\u0105 przekazane poza EOG, nast\u0105pi to w oparciu o Twoj\u0105 zgod\u0119, standardowe klauzule umowne lub w oparciu o inne zabezpieczenia przewidziane w RODO po spe\u0142nieniu m.in. obowi\u0105zku informacyjnego.<\/p><p>Us\u0142ugi \u015bwiadczone przez Google lub Facebook (META) \u015bwiadczone s\u0105 co do zasady przez podmioty maj\u0105ce swoj\u0105 siedzib\u0119 w Unii Europejskiej. Z uwagi jednak na globalny charakter dzia\u0142ania tych podmiot\u00f3w, Twoje dane mog\u0105 by\u0107 przekazywane do USA, w zwi\u0105zku z ich przechowywaniem na serwerach ameryka\u0144skich (w ca\u0142o\u015bci lub w cz\u0119\u015bci). Niezale\u017cnie od tego, Google i Facebook wdro\u017cy\u0142y zabezpieczenia przewidziane RODO maj\u0105ce na celu ochron\u0119 danych osobowych zgodnie z wymogami RODO poprzez stosowanie standardowych klauzul umownych.\u00a0 Wi\u0119cej informacji o zasadach przetwarzania danych przez ww. dostawc\u00f3w znajduj\u0105 si\u0119 w Politykach prywatno\u015bci ka\u017cdego z podmiot\u00f3w.<\/p><h2>\u00a74 Jakie prawa Ci przys\u0142uguj\u0105?<\/h2><p>W zwi\u0105zku z RODO przys\u0142uguje Ci prawo:<\/p><ul><li>dost\u0119pu do swoich danych osobowych,<\/li><li>sprostowania danych osobowych,<\/li><li>usuni\u0119cia danych osobowych,<\/li><li>ograniczenia przetwarzania danych osobowych,<\/li><li>sprzeciwu wobec przetwarzania danych osobowych,<\/li><li>przenoszenia danych osobowych,<\/li><li>cofni\u0119cia zgody; wycofanie zgody nie wp\u0142ywa na zgodno\u015b\u0107 z prawem przetwarzania dokonanego przed jej cofni\u0119ciem.<\/li><\/ul><p>\u00a0<\/p><p>Je\u017celi uwa\u017casz, \u017ce Twoje dane osobowe s\u0105 przetwarzane niezgodnie z obowi\u0105zuj\u0105cym prawem, przys\u0142uguje Ci skarga do Prezesa Urz\u0119du Ochrony Danych Osobowych. W takim przypadku zach\u0119cam jednak do wcze\u015bniejszego kontaktu ze mn\u0105 celem wyja\u015bnienia swoich w\u0105tpliwo\u015bci.<\/p><p><strong>\u00a0<\/strong><\/p><h2>\u00a75 Czy Twoje dane s\u0105 profilowane?<\/h2><p><strong>\u00a0<\/strong><\/p><p>Administrator analizuje dane osobowe w spos\u00f3b zautomatyzowany za pomoc\u0105 narz\u0119dzi udost\u0119pnionych przez dostawc\u00f3w oprogramowania (np. za pomoc\u0105 statystyk, historii) wy\u0142\u0105cznie w zakresie, kt\u00f3ry nie wywo\u0142uje wobec Ciebie \u017cadnych skutk\u00f3w prawnych lub w podobny spos\u00f3b istotnie wp\u0142ywa na Twoj\u0105 sytuacj\u0119, w tym prawa lub wolno\u015bci. Celem przetwarzania danych w spos\u00f3b zautomatyzowany jest poznanie przez preferencji U\u017cytkownik\u00f3w (wi\u0119cej o analizie wskazano w rozdziale Polityka plik\u00f3w cookies).<\/p><h2>\u00a76 Przepisy prawa obowi\u0105zuj\u0105ce w zakresie danych osobowych<\/h2><p>\u00a0<\/p><p>W\u00a0sprawach nieuregulowanych stosuje si\u0119 w\u0142a\u015bciwe przepisy prawa, w tym prawa europejskiego (m.in. RODO).<\/p><p>\u00a0<\/p><h2>\u00a77 Polityka plik\u00f3w cookies<\/h2><p>\u00a0<\/p><p>Strona nie zbiera w spos\u00f3b automatyczny \u017cadnych informacji, z wyj\u0105tkiem informacji zawartych w plikach cookies. Dane te s\u0105 zbierane w spos\u00f3b uniemo\u017cliwiaj\u0105cy identyfikacj\u0119 U\u017cytkownika, tzw. Dane Anonimowe.<\/p><p>Pliki cookies (tzw. \u201eciasteczka\u201d) stanowi\u0105 dane informatyczne, w szczeg\u00f3lno\u015bci pliki tekstowe, kt\u00f3re przechowywane s\u0105 w urz\u0105dzeniu ko\u0144cowym U\u017cytkownika Strony i przeznaczone s\u0105 do korzystania ze Strony. Cookies zazwyczaj zawieraj\u0105 nazw\u0119 strony internetowej, z kt\u00f3rej pochodz\u0105, czas przechowywania ich na urz\u0105dzeniu ko\u0144cowym oraz unikalny numer.<\/p><p>Pliki cookies wykorzystywane s\u0105 w celu dostosowania zawarto\u015bci Strony do preferencji U\u017cytkownika oraz optymalizacji korzystania ze Strony; tworzenia statystyk, kt\u00f3re pomagaj\u0105 zrozumie\u0107, w jaki spos\u00f3b U\u017cytkownicy korzystaj\u0105 ze Strony, co umo\u017cliwia ulepszanie jej struktury i zawarto\u015bci.<\/p><p>Mo\u017cesz dokona\u0107 samodzielnie zmian w ustawieniach dotycz\u0105cych plik\u00f3w cookies. W wielu przypadkach przegl\u0105darka internetowa domy\u015blnie dopuszcza przechowywanie plik\u00f3w cookies w urz\u0105dzeniu ko\u0144cowym U\u017cytkownika. Szczeg\u00f3\u0142owe informacje o mo\u017cliwo\u015bci i sposobach obs\u0142ugi plik\u00f3w cookies dost\u0119pne s\u0105 w ustawieniach oprogramowania (przegl\u0105darki internetowej). Brak wyra\u017cenia zgody na pliki cookies mo\u017ce ogranicza\u0107 dzia\u0142anie niekt\u00f3rych funkcjonalno\u015bci na Stronie.\u00a0\u00a0\u00a0\u00a0\u00a0 <br \/><br \/>Administrator stosuje technologie obserwuj\u0105ce dzia\u0142ania podejmowane przez U\u017cytkownika w ramach Strony:<\/p><ul><li>piksel konwersji Facebooka (Meta) dostarczany przez Meta Platforms Ireland Limited\u2013 w celu zarz\u0105dzania reklamami na Meta i prowadzenia dzia\u0142a\u0144 remarketingowych; Facebook Pixel to fragment kodu opublikowany na stronie internetowej, kt\u00f3ry pozwala na docieranie do grupy docelowej w oparciu o dane os\u00f3b, kt\u00f3re korzysta\u0142y ze strony internetowej. W\u00a0ramach funkcji Facebook Pixel mo\u017cliwe jest zatem wy\u015bwietlanie opublikowanych reklam na portalu nale\u017c\u0105cych do Meta wy\u0142\u0105cznie u\u017cytkownikom portalu, kt\u00f3rzy wykazali zainteresowanie produktami lub us\u0142ugami lub maj\u0105 wsp\u00f3lne czynniki do ww. os\u00f3b. Dane te przetwarzane s\u0105 w oparciu o uzasadniony interes Administratora (art. 6 ust. 1 lit. f RODO). Szczeg\u00f3\u0142owe informacje dot. Piksela Facebooka mo\u017cna znale\u017a\u0107 na stronie <a href=\"https:\/\/www.facebook.com\/privacy\/center\/?entry_point=privacy_shortcuts_redirect\">Polityki prywatno\u015bci Facebooka (Meta).\u00a0\u00a0\u00a0\u00a0\u00a0 <br \/><\/a><\/li><li>narz\u0119dzia Google, w tym Google Analytics dostarczane przezGoogle LLC, 1600 Amphitheatre Parkway, Mountain View, CA 94043, USA. Dane pozyskane w ramach korzystania z ww. narz\u0119dzia wykorzystuj\u0119 w celu analizy statystyk Strony. Google Analytics korzysta z w\u0142asnych plik\u00f3w cookies do analizowania dzia\u0142a\u0144 i zachowa\u0144 U\u017cytkownik\u00f3w Strony. Pliki te s\u0142u\u017c\u0105 do przechowywania informacji, np. z jakiej strony U\u017cytkownik trafi\u0142 na bie\u017c\u0105c\u0105 stron\u0119 internetow\u0105. Pomagaj\u0105 udoskonali\u0107 Stron\u0119; Dane te przetwarzane s\u0105 w oparciu o uzasadniony interes Administratora (art. 6 ust. 1 lit. f RODO). \u00a0Szczeg\u00f3\u0142owe informacje dot. Piksela Facebooka mo\u017cna znale\u017a\u0107 na stronie <a href=\"https:\/\/policies.google.com\/technologies\/partner-sites\"> zasad korzystania z narz\u0119dzi Google.\u00a0\u00a0\u00a0\u00a0\u00a0 <br \/><\/a><\/li><\/ul><h2>\u00a78 Wtyczki spo\u0142eczno\u015bciowe<\/h2><p>\u00a0<\/p><p>Na Stronie u\u017cywane s\u0105 wtyczki, widgety i inne narz\u0119dzia spo\u0142eczno\u015bciowe udost\u0119pniane przez portale takie jak: Facebook (Meta). Zasady dotycz\u0105ce przetwarzania danych osobowych opisane s\u0105 bezpo\u015brednio na stronach ww. Us\u0142ugodawc\u00f3w.<\/p>\t\t\t\t\t\t<\/div>\n\t\t\t\t<\/div>\n\t\t\t\t\t<\/div>\n\t\t<\/div>\n\t\t\t\t\t\t\t<\/div>\n\t\t<\/section>\n\t\t\t\t\t\t<\/div>\n\t\t\t\t\t<\/div>\n\t\t","protected":false},"excerpt":{"rendered":"<p>Polityka prywatno\u015bci POLITYKA PRYWATNO\u015aCI \u00a0 \u00a71 Kim jest Administrator Twoich danych osobowych? Administratorem danych jest Karol Hojda prowadz\u0105cy dzia\u0142alno\u015b\u0107 gospodarcz\u0105 pod\u00a0Kancelaria Radcy Prawnego Karol HojdaNIP 6912553016, Podwale, nr 1, lok. 28, 50-043 Wroc\u0142aw, e-mail: kontakt@kancelariahojda.pl tel: 695-139-135. \u00a72 W jakim celu zbieramy Twoje dane i jak d\u0142ugo je przechowujemy? \u00a0 Mo\u017cemy przetwarza\u0107 Twoje dane w [&hellip;]<\/p>\n","protected":false},"author":1,"featured_media":0,"parent":0,"menu_order":0,"comment_status":"closed","ping_status":"open","template":"","meta":[],"yoast_head":"<!-- This site is optimized with the Yoast SEO plugin v16.5 - https:\/\/yoast.com\/wordpress\/plugins\/seo\/ -->\n<title>Polityka prywatno\u015bci - Radca Prawny Karol Hojda<\/title>\n<meta name=\"robots\" content=\"index, follow, max-snippet:-1, max-image-preview:large, max-video-preview:-1\" \/>\n<link rel=\"canonical\" href=\"https:\/\/kancelariahojda.pl\/en\/polityka-prywatnosci\/\" \/>\n<meta property=\"og:locale\" content=\"pl_PL\" \/>\n<meta property=\"og:type\" content=\"article\" \/>\n<meta property=\"og:title\" content=\"Polityka prywatno\u015bci - Radca Prawny Karol Hojda\" \/>\n<meta property=\"og:description\" content=\"Polityka prywatno\u015bci POLITYKA PRYWATNO\u015aCI \u00a0 \u00a71 Kim jest Administrator Twoich danych osobowych? Administratorem danych jest Karol Hojda prowadz\u0105cy dzia\u0142alno\u015b\u0107 gospodarcz\u0105 pod\u00a0Kancelaria Radcy Prawnego Karol HojdaNIP 6912553016, Podwale, nr 1, lok. 28, 50-043 Wroc\u0142aw, e-mail: kontakt@kancelariahojda.pl tel: 695-139-135. \u00a72 W jakim celu zbieramy Twoje dane i jak d\u0142ugo je przechowujemy? \u00a0 Mo\u017cemy przetwarza\u0107 Twoje dane w [&hellip;]\" \/>\n<meta property=\"og:url\" content=\"https:\/\/kancelariahojda.pl\/en\/polityka-prywatnosci\/\" \/>\n<meta property=\"og:site_name\" content=\"Radca Prawny Karol Hojda\" \/>\n<meta property=\"article:modified_time\" content=\"2023-01-12T21:24:03+00:00\" \/>\n<meta name=\"twitter:card\" content=\"summary_large_image\" \/>\n<meta name=\"twitter:label1\" content=\"Szacowany czas czytania\" \/>\n\t<meta name=\"twitter:data1\" content=\"9 minut\" \/>\n<script type=\"application\/ld+json\" class=\"yoast-schema-graph\">{\"@context\":\"https:\/\/schema.org\",\"@graph\":[{\"@type\":\"WebSite\",\"@id\":\"https:\/\/kancelariahojda.pl\/en\/#website\",\"url\":\"https:\/\/kancelariahojda.pl\/en\/\",\"name\":\"Radca Prawny Karol Hojda\",\"description\":\"Kancelaria Prawna Wroc\\u0142aw\",\"potentialAction\":[{\"@type\":\"SearchAction\",\"target\":\"https:\/\/kancelariahojda.pl\/en\/?s={search_term_string}\",\"query-input\":\"required name=search_term_string\"}],\"inLanguage\":\"pl-PL\"},{\"@type\":\"WebPage\",\"@id\":\"https:\/\/kancelariahojda.pl\/en\/polityka-prywatnosci\/#webpage\",\"url\":\"https:\/\/kancelariahojda.pl\/en\/polityka-prywatnosci\/\",\"name\":\"Polityka prywatno\\u015bci - Radca Prawny Karol Hojda\",\"isPartOf\":{\"@id\":\"https:\/\/kancelariahojda.pl\/en\/#website\"},\"datePublished\":\"2021-04-06T10:48:33+00:00\",\"dateModified\":\"2023-01-12T21:24:03+00:00\",\"breadcrumb\":{\"@id\":\"https:\/\/kancelariahojda.pl\/en\/polityka-prywatnosci\/#breadcrumb\"},\"inLanguage\":\"pl-PL\",\"potentialAction\":[{\"@type\":\"ReadAction\",\"target\":[\"https:\/\/kancelariahojda.pl\/en\/polityka-prywatnosci\/\"]}]},{\"@type\":\"BreadcrumbList\",\"@id\":\"https:\/\/kancelariahojda.pl\/en\/polityka-prywatnosci\/#breadcrumb\",\"itemListElement\":[{\"@type\":\"ListItem\",\"position\":1,\"name\":\"Strona g\\u0142\\u00f3wna\",\"item\":\"https:\/\/kancelariahojda.pl\/en\/\"},{\"@type\":\"ListItem\",\"position\":2,\"name\":\"Polityka prywatno\\u015bci\"}]}]}<\/script>\n<!-- \/ Yoast SEO plugin. -->","_links":{"self":[{"href":"https:\/\/kancelariahojda.pl\/en\/wp-json\/wp\/v2\/pages\/3"}],"collection":[{"href":"https:\/\/kancelariahojda.pl\/en\/wp-json\/wp\/v2\/pages"}],"about":[{"href":"https:\/\/kancelariahojda.pl\/en\/wp-json\/wp\/v2\/types\/page"}],"author":[{"embeddable":true,"href":"https:\/\/kancelariahojda.pl\/en\/wp-json\/wp\/v2\/users\/1"}],"replies":[{"embeddable":true,"href":"https:\/\/kancelariahojda.pl\/en\/wp-json\/wp\/v2\/comments?post=3"}],"version-history":[{"count":13,"href":"https:\/\/kancelariahojda.pl\/en\/wp-json\/wp\/v2\/pages\/3\/revisions"}],"predecessor-version":[{"id":806,"href":"https:\/\/kancelariahojda.pl\/en\/wp-json\/wp\/v2\/pages\/3\/revisions\/806"}],"wp:attachment":[{"href":"https:\/\/kancelariahojda.pl\/en\/wp-json\/wp\/v2\/media?parent=3"}],"curies":[{"name":"wp","href":"https:\/\/api.w.org\/{rel}","templated":true}]}}