{"id":271,"date":"2021-06-15T17:11:01","date_gmt":"2021-06-15T15:11:01","guid":{"rendered":"https:\/\/kancelariahojda.pl\/?page_id=271"},"modified":"2021-06-15T22:10:15","modified_gmt":"2021-06-15T20:10:15","slug":"prawo-rodzinne","status":"publish","type":"page","link":"https:\/\/kancelariahojda.pl\/en\/prawo-rodzinne\/","title":{"rendered":"Prawo rodzinne"},"content":{"rendered":"\t\t<div data-elementor-type=\"wp-page\" data-elementor-id=\"271\" class=\"elementor elementor-271\" data-elementor-settings=\"[]\">\n\t\t\t\t\t\t\t<div class=\"elementor-section-wrap\">\n\t\t\t\t\t\t\t<section class=\"elementor-section elementor-top-section elementor-element elementor-element-a524a79 elementor-section-full_width elementor-section-height-min-height elementor-section-stretched elementor-section-height-default elementor-section-items-middle\" data-id=\"a524a79\" data-element_type=\"section\" data-settings=\"{&quot;stretch_section&quot;:&quot;section-stretched&quot;,&quot;background_background&quot;:&quot;classic&quot;}\">\n\t\t\t\t\t\t<div class=\"elementor-container elementor-column-gap-default\">\n\t\t\t\t\t<div class=\"elementor-column elementor-col-100 elementor-top-column elementor-element elementor-element-b35d6f7\" data-id=\"b35d6f7\" data-element_type=\"column\">\n\t\t\t<div class=\"elementor-widget-wrap elementor-element-populated\">\n\t\t\t\t\t\t\t\t<div class=\"elementor-element elementor-element-56143cc elementor-widget elementor-widget-heading\" data-id=\"56143cc\" data-element_type=\"widget\" data-widget_type=\"heading.default\">\n\t\t\t\t<div class=\"elementor-widget-container\">\n\t\t\t<h2 class=\"elementor-heading-title elementor-size-default\">Prawo rodzinne<\/h2>\t\t<\/div>\n\t\t\t\t<\/div>\n\t\t\t\t\t<\/div>\n\t\t<\/div>\n\t\t\t\t\t\t\t<\/div>\n\t\t<\/section>\n\t\t\t\t<section class=\"elementor-section elementor-top-section elementor-element elementor-element-90e2983 elementor-section-boxed elementor-section-height-default elementor-section-height-default\" data-id=\"90e2983\" data-element_type=\"section\">\n\t\t\t\t\t\t<div class=\"elementor-container elementor-column-gap-default\">\n\t\t\t\t\t<div class=\"elementor-column elementor-col-33 elementor-top-column elementor-element elementor-element-a9c73ad\" data-id=\"a9c73ad\" data-element_type=\"column\">\n\t\t\t<div class=\"elementor-widget-wrap elementor-element-populated\">\n\t\t\t\t\t\t\t\t<div class=\"elementor-element elementor-element-5706d0f elementor-widget elementor-widget-image\" data-id=\"5706d0f\" data-element_type=\"widget\" data-widget_type=\"image.default\">\n\t\t\t\t<div class=\"elementor-widget-container\">\n\t\t\t\t\t\t\t\t\t\t\t\t\t\t\t<img width=\"800\" height=\"534\" src=\"https:\/\/kancelariahojda.pl\/en\/wp-content\/uploads\/2021\/06\/kancelaria-wroclaw-prawo-rodzinne.jpg\" class=\"attachment-large size-large\" alt=\"kancelaria wroc\u0142aw prawo rodzinne\" decoding=\"async\" loading=\"lazy\" srcset=\"https:\/\/kancelariahojda.pl\/en\/wp-content\/uploads\/2021\/06\/kancelaria-wroclaw-prawo-rodzinne.jpg 1000w, https:\/\/kancelariahojda.pl\/en\/wp-content\/uploads\/2021\/06\/kancelaria-wroclaw-prawo-rodzinne-300x200.jpg 300w, https:\/\/kancelariahojda.pl\/en\/wp-content\/uploads\/2021\/06\/kancelaria-wroclaw-prawo-rodzinne-768x512.jpg 768w\" sizes=\"(max-width: 800px) 100vw, 800px\" \/>\t\t\t\t\t\t\t\t\t\t\t\t\t\t\t<\/div>\n\t\t\t\t<\/div>\n\t\t\t\t\t<\/div>\n\t\t<\/div>\n\t\t\t\t<div class=\"elementor-column elementor-col-66 elementor-top-column elementor-element elementor-element-3b146ed\" data-id=\"3b146ed\" data-element_type=\"column\">\n\t\t\t<div class=\"elementor-widget-wrap elementor-element-populated\">\n\t\t\t\t\t\t\t\t<div class=\"elementor-element elementor-element-633fe2f elementor-widget elementor-widget-text-editor\" data-id=\"633fe2f\" data-element_type=\"widget\" data-widget_type=\"text-editor.default\">\n\t\t\t\t<div class=\"elementor-widget-container\">\n\t\t\t\t\t\t\t\t<p><strong>Prawo rodzinne<\/strong> \u2013 wyspecjalizowany dzia\u0142 prawa cywilnego, kt\u00f3ry reguluje powstanie, istnienie i funkcjonowanie rodziny. Jest to dziedzina prawa budz\u0105ca wiele emocji, kt\u00f3ra cz\u0119sto dotyczy spraw wyj\u0105tkowo osobistych i wra\u017cliwych. Dlatego Kancelaria zapewnia klientom nie tylko wsparcie merytoryczne, ale r\u00f3wnie\u017c niezb\u0119dn\u0105 empati\u0119 i wyrozumia\u0142o\u015b\u0107 w rozwi\u0105zaniu spor\u00f3w na tym pod\u0142o\u017cu.<\/p><div><p><strong>Kancelaria \u015bwiadczy us\u0142ugi w szczeg\u00f3lno\u015bci w sprawach o:<\/strong><\/p><\/div>\t\t\t\t\t\t<\/div>\n\t\t\t\t<\/div>\n\t\t\t\t<div class=\"elementor-element elementor-element-0f367ac elementor-icon-list--layout-traditional elementor-list-item-link-full_width elementor-widget elementor-widget-icon-list\" data-id=\"0f367ac\" data-element_type=\"widget\" data-widget_type=\"icon-list.default\">\n\t\t\t\t<div class=\"elementor-widget-container\">\n\t\t\t\t\t<ul class=\"elementor-icon-list-items\">\n\t\t\t\t\t\t\t<li class=\"elementor-icon-list-item\">\n\t\t\t\t\t\t\t\t\t\t\t<span class=\"elementor-icon-list-icon\">\n\t\t\t\t\t\t\t<i aria-hidden=\"true\" class=\"fas fa-check-circle\"><\/i>\t\t\t\t\t\t<\/span>\n\t\t\t\t\t\t\t\t\t\t<span class=\"elementor-icon-list-text\">rozw\u00f3d lub separacj\u0119,<\/span>\n\t\t\t\t\t\t\t\t\t<\/li>\n\t\t\t\t\t\t\t\t<li class=\"elementor-icon-list-item\">\n\t\t\t\t\t\t\t\t\t\t\t<span class=\"elementor-icon-list-icon\">\n\t\t\t\t\t\t\t<i aria-hidden=\"true\" class=\"fas fa-check-circle\"><\/i>\t\t\t\t\t\t<\/span>\n\t\t\t\t\t\t\t\t\t\t<span class=\"elementor-icon-list-text\">ustalenie obowi\u0105zku alimentacyjnego,<\/span>\n\t\t\t\t\t\t\t\t\t<\/li>\n\t\t\t\t\t\t\t\t<li class=\"elementor-icon-list-item\">\n\t\t\t\t\t\t\t\t\t\t\t<span class=\"elementor-icon-list-icon\">\n\t\t\t\t\t\t\t<i aria-hidden=\"true\" class=\"fas fa-check-circle\"><\/i>\t\t\t\t\t\t<\/span>\n\t\t\t\t\t\t\t\t\t\t<span class=\"elementor-icon-list-text\">skuteczn\u0105 egzekucj\u0119 obowi\u0105zku alimentacyjnego,<\/span>\n\t\t\t\t\t\t\t\t\t<\/li>\n\t\t\t\t\t\t\t\t<li class=\"elementor-icon-list-item\">\n\t\t\t\t\t\t\t\t\t\t\t<span class=\"elementor-icon-list-icon\">\n\t\t\t\t\t\t\t<i aria-hidden=\"true\" class=\"fas fa-check-circle\"><\/i>\t\t\t\t\t\t<\/span>\n\t\t\t\t\t\t\t\t\t\t<span class=\"elementor-icon-list-text\">uchylenie obowi\u0105zku alimentacyjnego,<\/span>\n\t\t\t\t\t\t\t\t\t<\/li>\n\t\t\t\t\t\t\t\t<li class=\"elementor-icon-list-item\">\n\t\t\t\t\t\t\t\t\t\t\t<span class=\"elementor-icon-list-icon\">\n\t\t\t\t\t\t\t<i aria-hidden=\"true\" class=\"fas fa-check-circle\"><\/i>\t\t\t\t\t\t<\/span>\n\t\t\t\t\t\t\t\t\t\t<span class=\"elementor-icon-list-text\">ustalenie kontakt\u00f3w z dzieckiem,<\/span>\n\t\t\t\t\t\t\t\t\t<\/li>\n\t\t\t\t\t\t\t\t<li class=\"elementor-icon-list-item\">\n\t\t\t\t\t\t\t\t\t\t\t<span class=\"elementor-icon-list-icon\">\n\t\t\t\t\t\t\t<i aria-hidden=\"true\" class=\"fas fa-check-circle\"><\/i>\t\t\t\t\t\t<\/span>\n\t\t\t\t\t\t\t\t\t\t<span class=\"elementor-icon-list-text\">pozbawienie lub ograniczenie w\u0142adzy rodzicielskiej,<\/span>\n\t\t\t\t\t\t\t\t\t<\/li>\n\t\t\t\t\t\t\t\t<li class=\"elementor-icon-list-item\">\n\t\t\t\t\t\t\t\t\t\t\t<span class=\"elementor-icon-list-icon\">\n\t\t\t\t\t\t\t<i aria-hidden=\"true\" class=\"fas fa-check-circle\"><\/i>\t\t\t\t\t\t<\/span>\n\t\t\t\t\t\t\t\t\t\t<span class=\"elementor-icon-list-text\">podzia\u0142 maj\u0105tku wsp\u00f3lnego ma\u0142\u017conk\u00f3w.<\/span>\n\t\t\t\t\t\t\t\t\t<\/li>\n\t\t\t\t\t\t<\/ul>\n\t\t\t\t<\/div>\n\t\t\t\t<\/div>\n\t\t\t\t\t<\/div>\n\t\t<\/div>\n\t\t\t\t\t\t\t<\/div>\n\t\t<\/section>\n\t\t\t\t<section class=\"elementor-section elementor-top-section elementor-element elementor-element-df3ee73 elementor-section-boxed elementor-section-height-default elementor-section-height-default\" data-id=\"df3ee73\" data-element_type=\"section\">\n\t\t\t\t\t\t<div class=\"elementor-container elementor-column-gap-default\">\n\t\t\t\t\t<div class=\"elementor-column elementor-col-100 elementor-top-column elementor-element elementor-element-493c877\" data-id=\"493c877\" data-element_type=\"column\">\n\t\t\t<div class=\"elementor-widget-wrap elementor-element-populated\">\n\t\t\t\t\t\t\t\t<div class=\"elementor-element elementor-element-dae9dbd elementor-widget elementor-widget-heading\" data-id=\"dae9dbd\" data-element_type=\"widget\" data-widget_type=\"heading.default\">\n\t\t\t\t<div class=\"elementor-widget-container\">\n\t\t\t<h2 class=\"elementor-heading-title elementor-size-default\">Ostatnie wpisy z kategorii prawo rodzinne<\/h2>\t\t<\/div>\n\t\t\t\t<\/div>\n\t\t\t\t\t<\/div>\n\t\t<\/div>\n\t\t\t\t\t\t\t<\/div>\n\t\t<\/section>\n\t\t\t\t\t\t<\/div>\n\t\t\t\t\t<\/div>\n\t\t","protected":false},"excerpt":{"rendered":"<p>Prawo rodzinne Prawo rodzinne \u2013 wyspecjalizowany dzia\u0142 prawa cywilnego, kt\u00f3ry reguluje powstanie, istnienie i funkcjonowanie rodziny. Jest to dziedzina prawa budz\u0105ca wiele emocji, kt\u00f3ra cz\u0119sto dotyczy spraw wyj\u0105tkowo osobistych i wra\u017cliwych. Dlatego Kancelaria zapewnia klientom nie tylko wsparcie merytoryczne, ale r\u00f3wnie\u017c niezb\u0119dn\u0105 empati\u0119 i wyrozumia\u0142o\u015b\u0107 w rozwi\u0105zaniu spor\u00f3w na tym pod\u0142o\u017cu. Kancelaria \u015bwiadczy us\u0142ugi w [&hellip;]<\/p>\n","protected":false},"author":1,"featured_media":0,"parent":0,"menu_order":0,"comment_status":"closed","ping_status":"closed","template":"","meta":[],"yoast_head":"<!-- This site is optimized with the Yoast SEO plugin v16.5 - https:\/\/yoast.com\/wordpress\/plugins\/seo\/ -->\n<title>Prawo rodzinne - Radca Prawny Karol Hojda<\/title>\n<meta name=\"robots\" content=\"index, follow, max-snippet:-1, max-image-preview:large, max-video-preview:-1\" \/>\n<link rel=\"canonical\" href=\"https:\/\/kancelariahojda.pl\/en\/prawo-rodzinne\/\" \/>\n<meta property=\"og:locale\" content=\"pl_PL\" \/>\n<meta property=\"og:type\" content=\"article\" \/>\n<meta property=\"og:title\" content=\"Prawo rodzinne - Radca Prawny Karol Hojda\" \/>\n<meta property=\"og:description\" content=\"Prawo rodzinne Prawo rodzinne \u2013 wyspecjalizowany dzia\u0142 prawa cywilnego, kt\u00f3ry reguluje powstanie, istnienie i funkcjonowanie rodziny. Jest to dziedzina prawa budz\u0105ca wiele emocji, kt\u00f3ra cz\u0119sto dotyczy spraw wyj\u0105tkowo osobistych i wra\u017cliwych. Dlatego Kancelaria zapewnia klientom nie tylko wsparcie merytoryczne, ale r\u00f3wnie\u017c niezb\u0119dn\u0105 empati\u0119 i wyrozumia\u0142o\u015b\u0107 w rozwi\u0105zaniu spor\u00f3w na tym pod\u0142o\u017cu. Kancelaria \u015bwiadczy us\u0142ugi w [&hellip;]\" \/>\n<meta property=\"og:url\" content=\"https:\/\/kancelariahojda.pl\/en\/prawo-rodzinne\/\" \/>\n<meta property=\"og:site_name\" content=\"Radca Prawny Karol Hojda\" \/>\n<meta property=\"article:modified_time\" content=\"2021-06-15T20:10:15+00:00\" \/>\n<meta property=\"og:image\" content=\"https:\/\/kancelariahojda.pl\/wp-content\/uploads\/2021\/06\/kancelaria-wroclaw-prawo-rodzinne.jpg\" \/>\n<meta name=\"twitter:card\" content=\"summary_large_image\" \/>\n<meta name=\"twitter:label1\" content=\"Szacowany czas czytania\" \/>\n\t<meta name=\"twitter:data1\" content=\"1 minuta\" \/>\n<script type=\"application\/ld+json\" class=\"yoast-schema-graph\">{\"@context\":\"https:\/\/schema.org\",\"@graph\":[{\"@type\":\"WebSite\",\"@id\":\"https:\/\/kancelariahojda.pl\/en\/#website\",\"url\":\"https:\/\/kancelariahojda.pl\/en\/\",\"name\":\"Radca Prawny Karol Hojda\",\"description\":\"Kancelaria Prawna Wroc\\u0142aw\",\"potentialAction\":[{\"@type\":\"SearchAction\",\"target\":\"https:\/\/kancelariahojda.pl\/en\/?s={search_term_string}\",\"query-input\":\"required name=search_term_string\"}],\"inLanguage\":\"pl-PL\"},{\"@type\":\"ImageObject\",\"@id\":\"https:\/\/kancelariahojda.pl\/en\/prawo-rodzinne\/#primaryimage\",\"inLanguage\":\"pl-PL\",\"url\":\"https:\/\/kancelariahojda.pl\/wp-content\/uploads\/2021\/06\/kancelaria-wroclaw-prawo-rodzinne.jpg\",\"contentUrl\":\"https:\/\/kancelariahojda.pl\/wp-content\/uploads\/2021\/06\/kancelaria-wroclaw-prawo-rodzinne.jpg\"},{\"@type\":\"WebPage\",\"@id\":\"https:\/\/kancelariahojda.pl\/en\/prawo-rodzinne\/#webpage\",\"url\":\"https:\/\/kancelariahojda.pl\/en\/prawo-rodzinne\/\",\"name\":\"Prawo rodzinne - Radca Prawny Karol Hojda\",\"isPartOf\":{\"@id\":\"https:\/\/kancelariahojda.pl\/en\/#website\"},\"primaryImageOfPage\":{\"@id\":\"https:\/\/kancelariahojda.pl\/en\/prawo-rodzinne\/#primaryimage\"},\"datePublished\":\"2021-06-15T15:11:01+00:00\",\"dateModified\":\"2021-06-15T20:10:15+00:00\",\"breadcrumb\":{\"@id\":\"https:\/\/kancelariahojda.pl\/en\/prawo-rodzinne\/#breadcrumb\"},\"inLanguage\":\"pl-PL\",\"potentialAction\":[{\"@type\":\"ReadAction\",\"target\":[\"https:\/\/kancelariahojda.pl\/en\/prawo-rodzinne\/\"]}]},{\"@type\":\"BreadcrumbList\",\"@id\":\"https:\/\/kancelariahojda.pl\/en\/prawo-rodzinne\/#breadcrumb\",\"itemListElement\":[{\"@type\":\"ListItem\",\"position\":1,\"name\":\"Strona g\\u0142\\u00f3wna\",\"item\":\"https:\/\/kancelariahojda.pl\/en\/\"},{\"@type\":\"ListItem\",\"position\":2,\"name\":\"Prawo rodzinne\"}]}]}<\/script>\n<!-- \/ Yoast SEO plugin. -->","_links":{"self":[{"href":"https:\/\/kancelariahojda.pl\/en\/wp-json\/wp\/v2\/pages\/271"}],"collection":[{"href":"https:\/\/kancelariahojda.pl\/en\/wp-json\/wp\/v2\/pages"}],"about":[{"href":"https:\/\/kancelariahojda.pl\/en\/wp-json\/wp\/v2\/types\/page"}],"author":[{"embeddable":true,"href":"https:\/\/kancelariahojda.pl\/en\/wp-json\/wp\/v2\/users\/1"}],"replies":[{"embeddable":true,"href":"https:\/\/kancelariahojda.pl\/en\/wp-json\/wp\/v2\/comments?post=271"}],"version-history":[{"count":16,"href":"https:\/\/kancelariahojda.pl\/en\/wp-json\/wp\/v2\/pages\/271\/revisions"}],"predecessor-version":[{"id":452,"href":"https:\/\/kancelariahojda.pl\/en\/wp-json\/wp\/v2\/pages\/271\/revisions\/452"}],"wp:attachment":[{"href":"https:\/\/kancelariahojda.pl\/en\/wp-json\/wp\/v2\/media?parent=271"}],"curies":[{"name":"wp","href":"https:\/\/api.w.org\/{rel}","templated":true}]}}