{"id":269,"date":"2021-06-15T17:08:19","date_gmt":"2021-06-15T15:08:19","guid":{"rendered":"https:\/\/kancelariahojda.pl\/?page_id=269"},"modified":"2021-06-15T22:10:59","modified_gmt":"2021-06-15T20:10:59","slug":"prawo-kontraktowe","status":"publish","type":"page","link":"https:\/\/kancelariahojda.pl\/en\/prawo-kontraktowe\/","title":{"rendered":"Prawo kontraktowe"},"content":{"rendered":"\t\t<div data-elementor-type=\"wp-page\" data-elementor-id=\"269\" class=\"elementor elementor-269\" data-elementor-settings=\"[]\">\n\t\t\t\t\t\t\t<div class=\"elementor-section-wrap\">\n\t\t\t\t\t\t\t<section class=\"elementor-section elementor-top-section elementor-element elementor-element-cc6dd99 elementor-section-full_width elementor-section-height-min-height elementor-section-stretched elementor-section-height-default elementor-section-items-middle\" data-id=\"cc6dd99\" data-element_type=\"section\" data-settings=\"{&quot;stretch_section&quot;:&quot;section-stretched&quot;,&quot;background_background&quot;:&quot;classic&quot;}\">\n\t\t\t\t\t\t<div class=\"elementor-container elementor-column-gap-default\">\n\t\t\t\t\t<div class=\"elementor-column elementor-col-100 elementor-top-column elementor-element elementor-element-b5452ae\" data-id=\"b5452ae\" data-element_type=\"column\">\n\t\t\t<div class=\"elementor-widget-wrap elementor-element-populated\">\n\t\t\t\t\t\t\t\t<div class=\"elementor-element elementor-element-9aa6449 elementor-widget elementor-widget-heading\" data-id=\"9aa6449\" data-element_type=\"widget\" data-widget_type=\"heading.default\">\n\t\t\t\t<div class=\"elementor-widget-container\">\n\t\t\t<h2 class=\"elementor-heading-title elementor-size-default\">Prawo kontraktowe<\/h2>\t\t<\/div>\n\t\t\t\t<\/div>\n\t\t\t\t\t<\/div>\n\t\t<\/div>\n\t\t\t\t\t\t\t<\/div>\n\t\t<\/section>\n\t\t\t\t<section class=\"elementor-section elementor-top-section elementor-element elementor-element-2f516b4 elementor-section-boxed elementor-section-height-default elementor-section-height-default\" data-id=\"2f516b4\" data-element_type=\"section\">\n\t\t\t\t\t\t<div class=\"elementor-container elementor-column-gap-default\">\n\t\t\t\t\t<div class=\"elementor-column elementor-col-33 elementor-top-column elementor-element elementor-element-78d9add\" data-id=\"78d9add\" data-element_type=\"column\">\n\t\t\t<div class=\"elementor-widget-wrap elementor-element-populated\">\n\t\t\t\t\t\t\t\t<div class=\"elementor-element elementor-element-a4468b9 elementor-widget elementor-widget-image\" data-id=\"a4468b9\" data-element_type=\"widget\" data-widget_type=\"image.default\">\n\t\t\t\t<div class=\"elementor-widget-container\">\n\t\t\t\t\t\t\t\t\t\t\t\t\t\t\t<img width=\"800\" height=\"534\" src=\"https:\/\/kancelariahojda.pl\/en\/wp-content\/uploads\/2021\/06\/kancelaria-wroclaw-prawo-kontraktowe.jpg\" class=\"attachment-large size-large\" alt=\"kancelaria wroc\u0142aw prawo kontraktowe\" decoding=\"async\" loading=\"lazy\" srcset=\"https:\/\/kancelariahojda.pl\/en\/wp-content\/uploads\/2021\/06\/kancelaria-wroclaw-prawo-kontraktowe.jpg 1000w, https:\/\/kancelariahojda.pl\/en\/wp-content\/uploads\/2021\/06\/kancelaria-wroclaw-prawo-kontraktowe-300x200.jpg 300w, https:\/\/kancelariahojda.pl\/en\/wp-content\/uploads\/2021\/06\/kancelaria-wroclaw-prawo-kontraktowe-768x512.jpg 768w\" sizes=\"(max-width: 800px) 100vw, 800px\" \/>\t\t\t\t\t\t\t\t\t\t\t\t\t\t\t<\/div>\n\t\t\t\t<\/div>\n\t\t\t\t\t<\/div>\n\t\t<\/div>\n\t\t\t\t<div class=\"elementor-column elementor-col-66 elementor-top-column elementor-element elementor-element-61843e6\" data-id=\"61843e6\" data-element_type=\"column\">\n\t\t\t<div class=\"elementor-widget-wrap elementor-element-populated\">\n\t\t\t\t\t\t\t\t<div class=\"elementor-element elementor-element-ca7e606 elementor-widget elementor-widget-text-editor\" data-id=\"ca7e606\" data-element_type=\"widget\" data-widget_type=\"text-editor.default\">\n\t\t\t\t<div class=\"elementor-widget-container\">\n\t\t\t\t\t\t\t\t<div><p><strong>Prawo kontraktowe<\/strong> \u2013 dziedzina prawa obejmuj\u0105ca etap od negocjacji warunk\u00f3w umowy poprzez jej zawarcie i realizacj\u0119, ko\u0144cz\u0105c na ewentualnych sporach s\u0105dowych zwi\u0105zanych z jej tre\u015bci\u0105.\u00a0<\/p><\/div><div><p><strong>W ramach prawa kontraktowego Kancelaria zapewnia w szczeg\u00f3lno\u015bci nast\u0119puj\u0105ce us\u0142ugi:<\/strong><\/p><\/div>\t\t\t\t\t\t<\/div>\n\t\t\t\t<\/div>\n\t\t\t\t<div class=\"elementor-element elementor-element-0677add elementor-icon-list--layout-traditional elementor-list-item-link-full_width elementor-widget elementor-widget-icon-list\" data-id=\"0677add\" data-element_type=\"widget\" data-widget_type=\"icon-list.default\">\n\t\t\t\t<div class=\"elementor-widget-container\">\n\t\t\t\t\t<ul class=\"elementor-icon-list-items\">\n\t\t\t\t\t\t\t<li class=\"elementor-icon-list-item\">\n\t\t\t\t\t\t\t\t\t\t\t<span class=\"elementor-icon-list-icon\">\n\t\t\t\t\t\t\t<i aria-hidden=\"true\" class=\"fas fa-check-circle\"><\/i>\t\t\t\t\t\t<\/span>\n\t\t\t\t\t\t\t\t\t\t<span class=\"elementor-icon-list-text\">tworzenie wzorc\u00f3w umownych zgodnie z oczekiwaniami klienta, w tym r\u00f3wnie\u017c wewn\u0119trznych regulamin\u00f3w,<\/span>\n\t\t\t\t\t\t\t\t\t<\/li>\n\t\t\t\t\t\t\t\t<li class=\"elementor-icon-list-item\">\n\t\t\t\t\t\t\t\t\t\t\t<span class=\"elementor-icon-list-icon\">\n\t\t\t\t\t\t\t<i aria-hidden=\"true\" class=\"fas fa-check-circle\"><\/i>\t\t\t\t\t\t<\/span>\n\t\t\t\t\t\t\t\t\t\t<span class=\"elementor-icon-list-text\">analizowanie oraz opiniowanie projekt\u00f3w um\u00f3w,<\/span>\n\t\t\t\t\t\t\t\t\t<\/li>\n\t\t\t\t\t\t\t\t<li class=\"elementor-icon-list-item\">\n\t\t\t\t\t\t\t\t\t\t\t<span class=\"elementor-icon-list-icon\">\n\t\t\t\t\t\t\t<i aria-hidden=\"true\" class=\"fas fa-check-circle\"><\/i>\t\t\t\t\t\t<\/span>\n\t\t\t\t\t\t\t\t\t\t<span class=\"elementor-icon-list-text\">reprezentacja w sporach dotycz\u0105cych roszcze\u0144 umownych i powi\u0105zanych.<\/span>\n\t\t\t\t\t\t\t\t\t<\/li>\n\t\t\t\t\t\t<\/ul>\n\t\t\t\t<\/div>\n\t\t\t\t<\/div>\n\t\t\t\t\t<\/div>\n\t\t<\/div>\n\t\t\t\t\t\t\t<\/div>\n\t\t<\/section>\n\t\t\t\t<section class=\"elementor-section elementor-top-section elementor-element elementor-element-5c68ac0 elementor-section-boxed elementor-section-height-default elementor-section-height-default\" data-id=\"5c68ac0\" data-element_type=\"section\">\n\t\t\t\t\t\t<div class=\"elementor-container elementor-column-gap-default\">\n\t\t\t\t\t<div class=\"elementor-column elementor-col-100 elementor-top-column elementor-element elementor-element-4128ddd\" data-id=\"4128ddd\" data-element_type=\"column\">\n\t\t\t<div class=\"elementor-widget-wrap elementor-element-populated\">\n\t\t\t\t\t\t\t\t<div class=\"elementor-element elementor-element-e363108 elementor-widget elementor-widget-heading\" data-id=\"e363108\" data-element_type=\"widget\" data-widget_type=\"heading.default\">\n\t\t\t\t<div class=\"elementor-widget-container\">\n\t\t\t<h2 class=\"elementor-heading-title elementor-size-default\">Ostatnie wpisy z kategorii prawo kontraktowe<\/h2>\t\t<\/div>\n\t\t\t\t<\/div>\n\t\t\t\t<div class=\"elementor-element elementor-element-934e7d1 elementor-grid-3 elementor-grid-tablet-2 elementor-grid-mobile-1 elementor-posts--thumbnail-top elementor-widget elementor-widget-posts\" data-id=\"934e7d1\" data-element_type=\"widget\" data-settings=\"{&quot;classic_columns&quot;:&quot;3&quot;,&quot;classic_columns_tablet&quot;:&quot;2&quot;,&quot;classic_columns_mobile&quot;:&quot;1&quot;,&quot;classic_row_gap&quot;:{&quot;unit&quot;:&quot;px&quot;,&quot;size&quot;:35,&quot;sizes&quot;:[]}}\" data-widget_type=\"posts.classic\">\n\t\t\t\t<div class=\"elementor-widget-container\">\n\t\t\t\t\t<div class=\"elementor-posts-container elementor-posts elementor-posts--skin-classic elementor-grid\">\n\t\t\t\t<article class=\"elementor-post elementor-grid-item post-819 post type-post status-publish format-standard hentry category-brak-kategorii category-prawo-cywilne category-prawo-kontraktowe tag-dr-smile tag-dr-smile-odstapienie tag-dr-smile-oszukani tag-dr-smile-oszustwo tag-dr-smile-prawnik tag-dr-smile-rezygnacja tag-dr-smile-umowa\">\n\t\t\t\t<div class=\"elementor-post__text\">\n\t\t\t\t<h3 class=\"elementor-post__title\">\n\t\t\t<a href=\"https:\/\/kancelariahojda.pl\/en\/blog\/2023\/03\/27\/dr-smile\/\" >\n\t\t\t\tDr Smile &#8211; odst\u0105pienie od umowy\t\t\t<\/a>\n\t\t<\/h3>\n\t\t\t\t<div class=\"elementor-post__meta-data\">\n\t\t\t\t\t<span class=\"elementor-post-date\">\n\t\t\t27 marca 2023\t\t<\/span>\n\t\t\t\t<span class=\"elementor-post-avatar\">\n\t\t\tBrak komentarzy\t\t<\/span>\n\t\t\t\t<\/div>\n\t\t\t\t<div class=\"elementor-post__excerpt\">\n\t\t\t<p>W ostatnim czasie liczne \u017ar\u00f3d\u0142a wskazuj\u0105 na w\u0105tpliwe praktyki przedsi\u0119biorcy dzia\u0142aj\u0105cego pod firm\u0105 &#8220;Dr Smile&#8221;. Pod\u0105\u017caj\u0105c za informacjami widniej\u0105cymi na oficjalnej stronie (https:\/\/drsmile.pl\/jak-to-dziala\/), dzia\u0142alno\u015b\u0107 Dr<\/p>\n\t\t<\/div>\n\t\t\t\t\t<a class=\"elementor-post__read-more\" href=\"https:\/\/kancelariahojda.pl\/en\/blog\/2023\/03\/27\/dr-smile\/\" >\n\t\t\t\tPrzeczytaj \u00bb\t\t\t<\/a>\n\t\t\t\t<\/div>\n\t\t\t\t<\/article>\n\t\t\t\t<article class=\"elementor-post elementor-grid-item post-659 post type-post status-publish format-standard hentry category-brak-kategorii category-prawo-cywilne category-prawo-gospodarcze category-prawo-kontraktowe tag-biuro-nieruchomosci tag-brak-umowy-z-posrednikiem tag-jak-wycofac-sie-z-umowy-z-posrednikiem tag-posrednik-nieruchomosci tag-pozew-od-biura-nieruchomosci tag-pozew-od-posrednika-nieruchomosci tag-umowa-z-posrednikiem\">\n\t\t\t\t<div class=\"elementor-post__text\">\n\t\t\t\t<h3 class=\"elementor-post__title\">\n\t\t\t<a href=\"https:\/\/kancelariahojda.pl\/en\/blog\/2023\/01\/08\/pozew-od-posrednika-nieruchomosci\/\" >\n\t\t\t\tPozew od po\u015brednika nieruchomo\u015bci\t\t\t<\/a>\n\t\t<\/h3>\n\t\t\t\t<div class=\"elementor-post__meta-data\">\n\t\t\t\t\t<span class=\"elementor-post-date\">\n\t\t\t8 stycznia 2023\t\t<\/span>\n\t\t\t\t<span class=\"elementor-post-avatar\">\n\t\t\tBrak komentarzy\t\t<\/span>\n\t\t\t\t<\/div>\n\t\t\t\t<div class=\"elementor-post__excerpt\">\n\t\t\t<p>Interesuj\u0105c\u0105 specyfik\u0105 zawodu po\u015brednika w obrocie nieruchomo\u015bciami, jest praktykowanie pobierania prowizji od obu stron danej transakcji. Najpopularniejszym uzasadnieniem jest stwierdzenie, \u017ce skoro obie strony transakcji<\/p>\n\t\t<\/div>\n\t\t\t\t\t<a class=\"elementor-post__read-more\" href=\"https:\/\/kancelariahojda.pl\/en\/blog\/2023\/01\/08\/pozew-od-posrednika-nieruchomosci\/\" >\n\t\t\t\tPrzeczytaj \u00bb\t\t\t<\/a>\n\t\t\t\t<\/div>\n\t\t\t\t<\/article>\n\t\t\t\t<article class=\"elementor-post elementor-grid-item post-570 post type-post status-publish format-standard hentry category-prawo-cywilne category-prawo-kontraktowe tag-oddac-pozyczke tag-pozyczka tag-zwrot-pieniedzy tag-zwrot-pozyczki\">\n\t\t\t\t<div class=\"elementor-post__text\">\n\t\t\t\t<h3 class=\"elementor-post__title\">\n\t\t\t<a href=\"https:\/\/kancelariahojda.pl\/en\/blog\/2022\/03\/14\/zwrot-pozyczki\/\" >\n\t\t\t\tZwrot po\u017cyczki\t\t\t<\/a>\n\t\t<\/h3>\n\t\t\t\t<div class=\"elementor-post__meta-data\">\n\t\t\t\t\t<span class=\"elementor-post-date\">\n\t\t\t14 marca 2022\t\t<\/span>\n\t\t\t\t<span class=\"elementor-post-avatar\">\n\t\t\tBrak komentarzy\t\t<\/span>\n\t\t\t\t<\/div>\n\t\t\t\t<div class=\"elementor-post__excerpt\">\n\t\t\t<p>D\u0142u\u017cnik nie chce odda\u0107 mi moich pieni\u0119dzy Prawdopodobnie ka\u017cdy z nas po\u017cyczy\u0142 kiedy\u015b pieni\u0105dze znajomemu albo cz\u0142onkowi rodziny. Problem jednak w tym, \u017ce nie ka\u017cdy<\/p>\n\t\t<\/div>\n\t\t\t\t\t<a class=\"elementor-post__read-more\" href=\"https:\/\/kancelariahojda.pl\/en\/blog\/2022\/03\/14\/zwrot-pozyczki\/\" >\n\t\t\t\tPrzeczytaj \u00bb\t\t\t<\/a>\n\t\t\t\t<\/div>\n\t\t\t\t<\/article>\n\t\t\t\t<\/div>\n\t\t\t\t<\/div>\n\t\t\t\t<\/div>\n\t\t\t\t\t<\/div>\n\t\t<\/div>\n\t\t\t\t\t\t\t<\/div>\n\t\t<\/section>\n\t\t\t\t\t\t<\/div>\n\t\t\t\t\t<\/div>\n\t\t","protected":false},"excerpt":{"rendered":"<p>Prawo kontraktowe Prawo kontraktowe \u2013 dziedzina prawa obejmuj\u0105ca etap od negocjacji warunk\u00f3w umowy poprzez jej zawarcie i realizacj\u0119, ko\u0144cz\u0105c na ewentualnych sporach s\u0105dowych zwi\u0105zanych z jej tre\u015bci\u0105.\u00a0 W ramach prawa kontraktowego Kancelaria zapewnia w szczeg\u00f3lno\u015bci nast\u0119puj\u0105ce us\u0142ugi: tworzenie wzorc\u00f3w umownych zgodnie z oczekiwaniami klienta, w tym r\u00f3wnie\u017c wewn\u0119trznych regulamin\u00f3w, analizowanie oraz opiniowanie projekt\u00f3w um\u00f3w, reprezentacja [&hellip;]<\/p>\n","protected":false},"author":1,"featured_media":0,"parent":0,"menu_order":0,"comment_status":"closed","ping_status":"closed","template":"","meta":[],"yoast_head":"<!-- This site is optimized with the Yoast SEO plugin v16.5 - https:\/\/yoast.com\/wordpress\/plugins\/seo\/ -->\n<title>Prawo kontraktowe - Radca Prawny Karol Hojda<\/title>\n<meta name=\"robots\" content=\"index, follow, max-snippet:-1, max-image-preview:large, max-video-preview:-1\" \/>\n<link rel=\"canonical\" href=\"https:\/\/kancelariahojda.pl\/en\/prawo-kontraktowe\/\" \/>\n<meta property=\"og:locale\" content=\"pl_PL\" \/>\n<meta property=\"og:type\" content=\"article\" \/>\n<meta property=\"og:title\" content=\"Prawo kontraktowe - Radca Prawny Karol Hojda\" \/>\n<meta property=\"og:description\" content=\"Prawo kontraktowe Prawo kontraktowe \u2013 dziedzina prawa obejmuj\u0105ca etap od negocjacji warunk\u00f3w umowy poprzez jej zawarcie i realizacj\u0119, ko\u0144cz\u0105c na ewentualnych sporach s\u0105dowych zwi\u0105zanych z jej tre\u015bci\u0105.\u00a0 W ramach prawa kontraktowego Kancelaria zapewnia w szczeg\u00f3lno\u015bci nast\u0119puj\u0105ce us\u0142ugi: tworzenie wzorc\u00f3w umownych zgodnie z oczekiwaniami klienta, w tym r\u00f3wnie\u017c wewn\u0119trznych regulamin\u00f3w, analizowanie oraz opiniowanie projekt\u00f3w um\u00f3w, reprezentacja [&hellip;]\" \/>\n<meta property=\"og:url\" content=\"https:\/\/kancelariahojda.pl\/en\/prawo-kontraktowe\/\" \/>\n<meta property=\"og:site_name\" content=\"Radca Prawny Karol Hojda\" \/>\n<meta property=\"article:modified_time\" content=\"2021-06-15T20:10:59+00:00\" \/>\n<meta property=\"og:image\" content=\"https:\/\/kancelariahojda.pl\/wp-content\/uploads\/2021\/06\/kancelaria-wroclaw-prawo-kontraktowe.jpg\" \/>\n<meta name=\"twitter:card\" content=\"summary_large_image\" \/>\n<meta name=\"twitter:label1\" content=\"Szacowany czas czytania\" \/>\n\t<meta name=\"twitter:data1\" content=\"1 minuta\" \/>\n<script type=\"application\/ld+json\" class=\"yoast-schema-graph\">{\"@context\":\"https:\/\/schema.org\",\"@graph\":[{\"@type\":\"WebSite\",\"@id\":\"https:\/\/kancelariahojda.pl\/en\/#website\",\"url\":\"https:\/\/kancelariahojda.pl\/en\/\",\"name\":\"Radca Prawny Karol Hojda\",\"description\":\"Kancelaria Prawna Wroc\\u0142aw\",\"potentialAction\":[{\"@type\":\"SearchAction\",\"target\":\"https:\/\/kancelariahojda.pl\/en\/?s={search_term_string}\",\"query-input\":\"required name=search_term_string\"}],\"inLanguage\":\"pl-PL\"},{\"@type\":\"ImageObject\",\"@id\":\"https:\/\/kancelariahojda.pl\/en\/prawo-kontraktowe\/#primaryimage\",\"inLanguage\":\"pl-PL\",\"url\":\"https:\/\/kancelariahojda.pl\/wp-content\/uploads\/2021\/06\/kancelaria-wroclaw-prawo-kontraktowe.jpg\",\"contentUrl\":\"https:\/\/kancelariahojda.pl\/wp-content\/uploads\/2021\/06\/kancelaria-wroclaw-prawo-kontraktowe.jpg\"},{\"@type\":\"WebPage\",\"@id\":\"https:\/\/kancelariahojda.pl\/en\/prawo-kontraktowe\/#webpage\",\"url\":\"https:\/\/kancelariahojda.pl\/en\/prawo-kontraktowe\/\",\"name\":\"Prawo kontraktowe - Radca Prawny Karol Hojda\",\"isPartOf\":{\"@id\":\"https:\/\/kancelariahojda.pl\/en\/#website\"},\"primaryImageOfPage\":{\"@id\":\"https:\/\/kancelariahojda.pl\/en\/prawo-kontraktowe\/#primaryimage\"},\"datePublished\":\"2021-06-15T15:08:19+00:00\",\"dateModified\":\"2021-06-15T20:10:59+00:00\",\"breadcrumb\":{\"@id\":\"https:\/\/kancelariahojda.pl\/en\/prawo-kontraktowe\/#breadcrumb\"},\"inLanguage\":\"pl-PL\",\"potentialAction\":[{\"@type\":\"ReadAction\",\"target\":[\"https:\/\/kancelariahojda.pl\/en\/prawo-kontraktowe\/\"]}]},{\"@type\":\"BreadcrumbList\",\"@id\":\"https:\/\/kancelariahojda.pl\/en\/prawo-kontraktowe\/#breadcrumb\",\"itemListElement\":[{\"@type\":\"ListItem\",\"position\":1,\"name\":\"Strona g\\u0142\\u00f3wna\",\"item\":\"https:\/\/kancelariahojda.pl\/en\/\"},{\"@type\":\"ListItem\",\"position\":2,\"name\":\"Prawo kontraktowe\"}]}]}<\/script>\n<!-- \/ Yoast SEO plugin. -->","_links":{"self":[{"href":"https:\/\/kancelariahojda.pl\/en\/wp-json\/wp\/v2\/pages\/269"}],"collection":[{"href":"https:\/\/kancelariahojda.pl\/en\/wp-json\/wp\/v2\/pages"}],"about":[{"href":"https:\/\/kancelariahojda.pl\/en\/wp-json\/wp\/v2\/types\/page"}],"author":[{"embeddable":true,"href":"https:\/\/kancelariahojda.pl\/en\/wp-json\/wp\/v2\/users\/1"}],"replies":[{"embeddable":true,"href":"https:\/\/kancelariahojda.pl\/en\/wp-json\/wp\/v2\/comments?post=269"}],"version-history":[{"count":19,"href":"https:\/\/kancelariahojda.pl\/en\/wp-json\/wp\/v2\/pages\/269\/revisions"}],"predecessor-version":[{"id":458,"href":"https:\/\/kancelariahojda.pl\/en\/wp-json\/wp\/v2\/pages\/269\/revisions\/458"}],"wp:attachment":[{"href":"https:\/\/kancelariahojda.pl\/en\/wp-json\/wp\/v2\/media?parent=269"}],"curies":[{"name":"wp","href":"https:\/\/api.w.org\/{rel}","templated":true}]}}