{"id":265,"date":"2021-06-15T17:05:57","date_gmt":"2021-06-15T15:05:57","guid":{"rendered":"https:\/\/kancelariahojda.pl\/?page_id=265"},"modified":"2021-06-15T22:11:25","modified_gmt":"2021-06-15T20:11:25","slug":"prawo-gospodarcze","status":"publish","type":"page","link":"https:\/\/kancelariahojda.pl\/en\/prawo-gospodarcze\/","title":{"rendered":"Prawo gospodarcze"},"content":{"rendered":"\t\t<div data-elementor-type=\"wp-page\" data-elementor-id=\"265\" class=\"elementor elementor-265\" data-elementor-settings=\"[]\">\n\t\t\t\t\t\t\t<div class=\"elementor-section-wrap\">\n\t\t\t\t\t\t\t<section class=\"elementor-section elementor-top-section elementor-element elementor-element-da3afd9 elementor-section-full_width elementor-section-height-min-height elementor-section-stretched elementor-section-height-default elementor-section-items-middle\" data-id=\"da3afd9\" data-element_type=\"section\" data-settings=\"{&quot;stretch_section&quot;:&quot;section-stretched&quot;,&quot;background_background&quot;:&quot;classic&quot;}\">\n\t\t\t\t\t\t<div class=\"elementor-container elementor-column-gap-default\">\n\t\t\t\t\t<div class=\"elementor-column elementor-col-100 elementor-top-column elementor-element elementor-element-1eb83c6\" data-id=\"1eb83c6\" data-element_type=\"column\">\n\t\t\t<div class=\"elementor-widget-wrap elementor-element-populated\">\n\t\t\t\t\t\t\t\t<div class=\"elementor-element elementor-element-7e1ab51 elementor-widget elementor-widget-heading\" data-id=\"7e1ab51\" data-element_type=\"widget\" data-widget_type=\"heading.default\">\n\t\t\t\t<div class=\"elementor-widget-container\">\n\t\t\t<h2 class=\"elementor-heading-title elementor-size-default\">Prawo gospodarcze<\/h2>\t\t<\/div>\n\t\t\t\t<\/div>\n\t\t\t\t\t<\/div>\n\t\t<\/div>\n\t\t\t\t\t\t\t<\/div>\n\t\t<\/section>\n\t\t\t\t<section class=\"elementor-section elementor-top-section elementor-element elementor-element-a229112 elementor-section-boxed elementor-section-height-default elementor-section-height-default\" data-id=\"a229112\" data-element_type=\"section\">\n\t\t\t\t\t\t<div class=\"elementor-container elementor-column-gap-default\">\n\t\t\t\t\t<div class=\"elementor-column elementor-col-33 elementor-top-column elementor-element elementor-element-a814e08\" data-id=\"a814e08\" data-element_type=\"column\">\n\t\t\t<div class=\"elementor-widget-wrap elementor-element-populated\">\n\t\t\t\t\t\t\t\t<div class=\"elementor-element elementor-element-7b180c4 elementor-widget elementor-widget-image\" data-id=\"7b180c4\" data-element_type=\"widget\" data-widget_type=\"image.default\">\n\t\t\t\t<div class=\"elementor-widget-container\">\n\t\t\t\t\t\t\t\t\t\t\t\t\t\t\t<img width=\"800\" height=\"534\" src=\"https:\/\/kancelariahojda.pl\/en\/wp-content\/uploads\/2021\/06\/kancelaria-wroclaw-prawo-gospodarcze.jpg\" class=\"attachment-large size-large\" alt=\"kancelaria wroc\u0142aw prawo gospodarcze\" decoding=\"async\" loading=\"lazy\" srcset=\"https:\/\/kancelariahojda.pl\/en\/wp-content\/uploads\/2021\/06\/kancelaria-wroclaw-prawo-gospodarcze.jpg 1000w, https:\/\/kancelariahojda.pl\/en\/wp-content\/uploads\/2021\/06\/kancelaria-wroclaw-prawo-gospodarcze-300x200.jpg 300w, https:\/\/kancelariahojda.pl\/en\/wp-content\/uploads\/2021\/06\/kancelaria-wroclaw-prawo-gospodarcze-768x512.jpg 768w\" sizes=\"(max-width: 800px) 100vw, 800px\" \/>\t\t\t\t\t\t\t\t\t\t\t\t\t\t\t<\/div>\n\t\t\t\t<\/div>\n\t\t\t\t\t<\/div>\n\t\t<\/div>\n\t\t\t\t<div class=\"elementor-column elementor-col-66 elementor-top-column elementor-element elementor-element-131efc5\" data-id=\"131efc5\" data-element_type=\"column\">\n\t\t\t<div class=\"elementor-widget-wrap elementor-element-populated\">\n\t\t\t\t\t\t\t\t<div class=\"elementor-element elementor-element-e3280df elementor-widget elementor-widget-text-editor\" data-id=\"e3280df\" data-element_type=\"widget\" data-widget_type=\"text-editor.default\">\n\t\t\t\t<div class=\"elementor-widget-container\">\n\t\t\t\t\t\t\t\t<div><p><strong>Prawo gospodarcze<\/strong> \u2013 ga\u0142\u0105\u017a prawa obejmuj\u0105ca swoim zakresem liczne dziedziny zwi\u0105zane z szeroko rozumian\u0105 dzia\u0142alno\u015bci\u0105 gospodarcz\u0105. Kancelaria zapewnia klientom biznesowym wszechstronne wsparcie zar\u00f3wno na etapie jej powstawania (doradztwo co do formy prowadzonej dzia\u0142alno\u015bci), prowadzenia (m. in. reprezentacja przed organami kontrolnymi, dochodzenie roszcze\u0144 od kontrahent\u00f3w) oraz likwidacji (np. og\u0142oszenie upad\u0142o\u015bci).<\/p><\/div><div><p><strong>Kancelaria \u015bwiadczy us\u0142ugi w szczeg\u00f3lno\u015bci w sprawach dotycz\u0105cych:<\/strong><\/p><\/div>\t\t\t\t\t\t<\/div>\n\t\t\t\t<\/div>\n\t\t\t\t<div class=\"elementor-element elementor-element-c09183a elementor-icon-list--layout-traditional elementor-list-item-link-full_width elementor-widget elementor-widget-icon-list\" data-id=\"c09183a\" data-element_type=\"widget\" data-widget_type=\"icon-list.default\">\n\t\t\t\t<div class=\"elementor-widget-container\">\n\t\t\t\t\t<ul class=\"elementor-icon-list-items\">\n\t\t\t\t\t\t\t<li class=\"elementor-icon-list-item\">\n\t\t\t\t\t\t\t\t\t\t\t<span class=\"elementor-icon-list-icon\">\n\t\t\t\t\t\t\t<i aria-hidden=\"true\" class=\"fas fa-check-circle\"><\/i>\t\t\t\t\t\t<\/span>\n\t\t\t\t\t\t\t\t\t\t<span class=\"elementor-icon-list-text\">ochrony d\u00f3br osobistych przedsi\u0119biorc\u00f3w,<\/span>\n\t\t\t\t\t\t\t\t\t<\/li>\n\t\t\t\t\t\t\t\t<li class=\"elementor-icon-list-item\">\n\t\t\t\t\t\t\t\t\t\t\t<span class=\"elementor-icon-list-icon\">\n\t\t\t\t\t\t\t<i aria-hidden=\"true\" class=\"fas fa-check-circle\"><\/i>\t\t\t\t\t\t<\/span>\n\t\t\t\t\t\t\t\t\t\t<span class=\"elementor-icon-list-text\">zwalczania nieuczciwej konkurencji,<\/span>\n\t\t\t\t\t\t\t\t\t<\/li>\n\t\t\t\t\t\t\t\t<li class=\"elementor-icon-list-item\">\n\t\t\t\t\t\t\t\t\t\t\t<span class=\"elementor-icon-list-icon\">\n\t\t\t\t\t\t\t<i aria-hidden=\"true\" class=\"fas fa-check-circle\"><\/i>\t\t\t\t\t\t<\/span>\n\t\t\t\t\t\t\t\t\t\t<span class=\"elementor-icon-list-text\">narusze\u0144 autorskich praw maj\u0105tkowych,<\/span>\n\t\t\t\t\t\t\t\t\t<\/li>\n\t\t\t\t\t\t\t\t<li class=\"elementor-icon-list-item\">\n\t\t\t\t\t\t\t\t\t\t\t<span class=\"elementor-icon-list-icon\">\n\t\t\t\t\t\t\t<i aria-hidden=\"true\" class=\"fas fa-check-circle\"><\/i>\t\t\t\t\t\t<\/span>\n\t\t\t\t\t\t\t\t\t\t<span class=\"elementor-icon-list-text\">roszcze\u0144 pochodz\u0105cych od konsument\u00f3w.<\/span>\n\t\t\t\t\t\t\t\t\t<\/li>\n\t\t\t\t\t\t<\/ul>\n\t\t\t\t<\/div>\n\t\t\t\t<\/div>\n\t\t\t\t\t<\/div>\n\t\t<\/div>\n\t\t\t\t\t\t\t<\/div>\n\t\t<\/section>\n\t\t\t\t<section class=\"elementor-section elementor-top-section elementor-element elementor-element-7e72309 elementor-section-boxed elementor-section-height-default elementor-section-height-default\" data-id=\"7e72309\" data-element_type=\"section\">\n\t\t\t\t\t\t<div class=\"elementor-container elementor-column-gap-default\">\n\t\t\t\t\t<div class=\"elementor-column elementor-col-100 elementor-top-column elementor-element elementor-element-2f0d857\" data-id=\"2f0d857\" data-element_type=\"column\">\n\t\t\t<div class=\"elementor-widget-wrap elementor-element-populated\">\n\t\t\t\t\t\t\t\t<div class=\"elementor-element elementor-element-a60163a elementor-widget elementor-widget-heading\" data-id=\"a60163a\" data-element_type=\"widget\" data-widget_type=\"heading.default\">\n\t\t\t\t<div class=\"elementor-widget-container\">\n\t\t\t<h2 class=\"elementor-heading-title elementor-size-default\">Ostatnie wpisy z kategorii prawo gospodarcze<\/h2>\t\t<\/div>\n\t\t\t\t<\/div>\n\t\t\t\t<div class=\"elementor-element elementor-element-d1202be elementor-grid-3 elementor-grid-tablet-2 elementor-grid-mobile-1 elementor-posts--thumbnail-top elementor-widget elementor-widget-posts\" data-id=\"d1202be\" data-element_type=\"widget\" data-settings=\"{&quot;classic_columns&quot;:&quot;3&quot;,&quot;classic_columns_tablet&quot;:&quot;2&quot;,&quot;classic_columns_mobile&quot;:&quot;1&quot;,&quot;classic_row_gap&quot;:{&quot;unit&quot;:&quot;px&quot;,&quot;size&quot;:35,&quot;sizes&quot;:[]}}\" data-widget_type=\"posts.classic\">\n\t\t\t\t<div class=\"elementor-widget-container\">\n\t\t\t\t\t<div class=\"elementor-posts-container elementor-posts elementor-posts--skin-classic elementor-grid\">\n\t\t\t\t<article class=\"elementor-post elementor-grid-item post-659 post type-post status-publish format-standard hentry category-brak-kategorii category-prawo-cywilne category-prawo-gospodarcze category-prawo-kontraktowe tag-biuro-nieruchomosci tag-brak-umowy-z-posrednikiem tag-jak-wycofac-sie-z-umowy-z-posrednikiem tag-posrednik-nieruchomosci tag-pozew-od-biura-nieruchomosci tag-pozew-od-posrednika-nieruchomosci tag-umowa-z-posrednikiem\">\n\t\t\t\t<div class=\"elementor-post__text\">\n\t\t\t\t<h3 class=\"elementor-post__title\">\n\t\t\t<a href=\"https:\/\/kancelariahojda.pl\/en\/blog\/2023\/01\/08\/pozew-od-posrednika-nieruchomosci\/\" >\n\t\t\t\tPozew od po\u015brednika nieruchomo\u015bci\t\t\t<\/a>\n\t\t<\/h3>\n\t\t\t\t<div class=\"elementor-post__meta-data\">\n\t\t\t\t\t<span class=\"elementor-post-date\">\n\t\t\t8 stycznia 2023\t\t<\/span>\n\t\t\t\t<span class=\"elementor-post-avatar\">\n\t\t\tBrak komentarzy\t\t<\/span>\n\t\t\t\t<\/div>\n\t\t\t\t<div class=\"elementor-post__excerpt\">\n\t\t\t<p>Interesuj\u0105c\u0105 specyfik\u0105 zawodu po\u015brednika w obrocie nieruchomo\u015bciami, jest praktykowanie pobierania prowizji od obu stron danej transakcji. Najpopularniejszym uzasadnieniem jest stwierdzenie, \u017ce skoro obie strony transakcji<\/p>\n\t\t<\/div>\n\t\t\t\t\t<a class=\"elementor-post__read-more\" href=\"https:\/\/kancelariahojda.pl\/en\/blog\/2023\/01\/08\/pozew-od-posrednika-nieruchomosci\/\" >\n\t\t\t\tPrzeczytaj \u00bb\t\t\t<\/a>\n\t\t\t\t<\/div>\n\t\t\t\t<\/article>\n\t\t\t\t<article class=\"elementor-post elementor-grid-item post-560 post type-post status-publish format-standard hentry category-prawo-cywilne category-prawo-gospodarcze category-prawo-wykroczen tag-rzecznik-konsumentow tag-udzielenie-wyjasnien-rzecznikowi tag-wezwanie-od-rzecznika\">\n\t\t\t\t<div class=\"elementor-post__text\">\n\t\t\t\t<h3 class=\"elementor-post__title\">\n\t\t\t<a href=\"https:\/\/kancelariahojda.pl\/en\/blog\/2022\/05\/07\/pismo-od-powiatowego-miejskiego-rzecznika-konsumentow\/\" >\n\t\t\t\tPismo od Powiatowego (Miejskiego) Rzecznika Konsument\u00f3w\t\t\t<\/a>\n\t\t<\/h3>\n\t\t\t\t<div class=\"elementor-post__meta-data\">\n\t\t\t\t\t<span class=\"elementor-post-date\">\n\t\t\t7 maja 2022\t\t<\/span>\n\t\t\t\t<span class=\"elementor-post-avatar\">\n\t\t\tBrak komentarzy\t\t<\/span>\n\t\t\t\t<\/div>\n\t\t\t\t<div class=\"elementor-post__excerpt\">\n\t\t\t<p>Bardzo cz\u0119sto w sporach na p\u0142aszczy\u017anie konsument &#8211; przedsi\u0119biorca, konsument udaje si\u0119 po pomoc do Rzecznika Konsument\u00f3w. Obowi\u0105zkiem Rzecznika jest zbadanie sprawy, a je\u015bli wchodzi<\/p>\n\t\t<\/div>\n\t\t\t\t\t<a class=\"elementor-post__read-more\" href=\"https:\/\/kancelariahojda.pl\/en\/blog\/2022\/05\/07\/pismo-od-powiatowego-miejskiego-rzecznika-konsumentow\/\" >\n\t\t\t\tPrzeczytaj \u00bb\t\t\t<\/a>\n\t\t\t\t<\/div>\n\t\t\t\t<\/article>\n\t\t\t\t<\/div>\n\t\t\t\t<\/div>\n\t\t\t\t<\/div>\n\t\t\t\t\t<\/div>\n\t\t<\/div>\n\t\t\t\t\t\t\t<\/div>\n\t\t<\/section>\n\t\t\t\t\t\t<\/div>\n\t\t\t\t\t<\/div>\n\t\t","protected":false},"excerpt":{"rendered":"<p>Prawo gospodarcze Prawo gospodarcze \u2013 ga\u0142\u0105\u017a prawa obejmuj\u0105ca swoim zakresem liczne dziedziny zwi\u0105zane z szeroko rozumian\u0105 dzia\u0142alno\u015bci\u0105 gospodarcz\u0105. Kancelaria zapewnia klientom biznesowym wszechstronne wsparcie zar\u00f3wno na etapie jej powstawania (doradztwo co do formy prowadzonej dzia\u0142alno\u015bci), prowadzenia (m. in. reprezentacja przed organami kontrolnymi, dochodzenie roszcze\u0144 od kontrahent\u00f3w) oraz likwidacji (np. og\u0142oszenie upad\u0142o\u015bci). Kancelaria \u015bwiadczy us\u0142ugi w [&hellip;]<\/p>\n","protected":false},"author":1,"featured_media":0,"parent":0,"menu_order":0,"comment_status":"closed","ping_status":"closed","template":"","meta":[],"yoast_head":"<!-- This site is optimized with the Yoast SEO plugin v16.5 - https:\/\/yoast.com\/wordpress\/plugins\/seo\/ -->\n<title>Prawo gospodarcze - Radca Prawny Karol Hojda<\/title>\n<meta name=\"robots\" content=\"index, follow, max-snippet:-1, max-image-preview:large, max-video-preview:-1\" \/>\n<link rel=\"canonical\" href=\"https:\/\/kancelariahojda.pl\/en\/prawo-gospodarcze\/\" \/>\n<meta property=\"og:locale\" content=\"pl_PL\" \/>\n<meta property=\"og:type\" content=\"article\" \/>\n<meta property=\"og:title\" content=\"Prawo gospodarcze - Radca Prawny Karol Hojda\" \/>\n<meta property=\"og:description\" content=\"Prawo gospodarcze Prawo gospodarcze \u2013 ga\u0142\u0105\u017a prawa obejmuj\u0105ca swoim zakresem liczne dziedziny zwi\u0105zane z szeroko rozumian\u0105 dzia\u0142alno\u015bci\u0105 gospodarcz\u0105. Kancelaria zapewnia klientom biznesowym wszechstronne wsparcie zar\u00f3wno na etapie jej powstawania (doradztwo co do formy prowadzonej dzia\u0142alno\u015bci), prowadzenia (m. in. reprezentacja przed organami kontrolnymi, dochodzenie roszcze\u0144 od kontrahent\u00f3w) oraz likwidacji (np. og\u0142oszenie upad\u0142o\u015bci). Kancelaria \u015bwiadczy us\u0142ugi w [&hellip;]\" \/>\n<meta property=\"og:url\" content=\"https:\/\/kancelariahojda.pl\/en\/prawo-gospodarcze\/\" \/>\n<meta property=\"og:site_name\" content=\"Radca Prawny Karol Hojda\" \/>\n<meta property=\"article:modified_time\" content=\"2021-06-15T20:11:25+00:00\" \/>\n<meta property=\"og:image\" content=\"https:\/\/kancelariahojda.pl\/wp-content\/uploads\/2021\/06\/kancelaria-wroclaw-prawo-gospodarcze.jpg\" \/>\n<meta name=\"twitter:card\" content=\"summary_large_image\" \/>\n<meta name=\"twitter:label1\" content=\"Szacowany czas czytania\" \/>\n\t<meta name=\"twitter:data1\" content=\"1 minuta\" \/>\n<script type=\"application\/ld+json\" class=\"yoast-schema-graph\">{\"@context\":\"https:\/\/schema.org\",\"@graph\":[{\"@type\":\"WebSite\",\"@id\":\"https:\/\/kancelariahojda.pl\/en\/#website\",\"url\":\"https:\/\/kancelariahojda.pl\/en\/\",\"name\":\"Radca Prawny Karol Hojda\",\"description\":\"Kancelaria Prawna Wroc\\u0142aw\",\"potentialAction\":[{\"@type\":\"SearchAction\",\"target\":\"https:\/\/kancelariahojda.pl\/en\/?s={search_term_string}\",\"query-input\":\"required name=search_term_string\"}],\"inLanguage\":\"pl-PL\"},{\"@type\":\"ImageObject\",\"@id\":\"https:\/\/kancelariahojda.pl\/en\/prawo-gospodarcze\/#primaryimage\",\"inLanguage\":\"pl-PL\",\"url\":\"https:\/\/kancelariahojda.pl\/wp-content\/uploads\/2021\/06\/kancelaria-wroclaw-prawo-gospodarcze.jpg\",\"contentUrl\":\"https:\/\/kancelariahojda.pl\/wp-content\/uploads\/2021\/06\/kancelaria-wroclaw-prawo-gospodarcze.jpg\"},{\"@type\":\"WebPage\",\"@id\":\"https:\/\/kancelariahojda.pl\/en\/prawo-gospodarcze\/#webpage\",\"url\":\"https:\/\/kancelariahojda.pl\/en\/prawo-gospodarcze\/\",\"name\":\"Prawo gospodarcze - Radca Prawny Karol Hojda\",\"isPartOf\":{\"@id\":\"https:\/\/kancelariahojda.pl\/en\/#website\"},\"primaryImageOfPage\":{\"@id\":\"https:\/\/kancelariahojda.pl\/en\/prawo-gospodarcze\/#primaryimage\"},\"datePublished\":\"2021-06-15T15:05:57+00:00\",\"dateModified\":\"2021-06-15T20:11:25+00:00\",\"breadcrumb\":{\"@id\":\"https:\/\/kancelariahojda.pl\/en\/prawo-gospodarcze\/#breadcrumb\"},\"inLanguage\":\"pl-PL\",\"potentialAction\":[{\"@type\":\"ReadAction\",\"target\":[\"https:\/\/kancelariahojda.pl\/en\/prawo-gospodarcze\/\"]}]},{\"@type\":\"BreadcrumbList\",\"@id\":\"https:\/\/kancelariahojda.pl\/en\/prawo-gospodarcze\/#breadcrumb\",\"itemListElement\":[{\"@type\":\"ListItem\",\"position\":1,\"name\":\"Strona g\\u0142\\u00f3wna\",\"item\":\"https:\/\/kancelariahojda.pl\/en\/\"},{\"@type\":\"ListItem\",\"position\":2,\"name\":\"Prawo gospodarcze\"}]}]}<\/script>\n<!-- \/ Yoast SEO plugin. -->","_links":{"self":[{"href":"https:\/\/kancelariahojda.pl\/en\/wp-json\/wp\/v2\/pages\/265"}],"collection":[{"href":"https:\/\/kancelariahojda.pl\/en\/wp-json\/wp\/v2\/pages"}],"about":[{"href":"https:\/\/kancelariahojda.pl\/en\/wp-json\/wp\/v2\/types\/page"}],"author":[{"embeddable":true,"href":"https:\/\/kancelariahojda.pl\/en\/wp-json\/wp\/v2\/users\/1"}],"replies":[{"embeddable":true,"href":"https:\/\/kancelariahojda.pl\/en\/wp-json\/wp\/v2\/comments?post=265"}],"version-history":[{"count":19,"href":"https:\/\/kancelariahojda.pl\/en\/wp-json\/wp\/v2\/pages\/265\/revisions"}],"predecessor-version":[{"id":461,"href":"https:\/\/kancelariahojda.pl\/en\/wp-json\/wp\/v2\/pages\/265\/revisions\/461"}],"wp:attachment":[{"href":"https:\/\/kancelariahojda.pl\/en\/wp-json\/wp\/v2\/media?parent=265"}],"curies":[{"name":"wp","href":"https:\/\/api.w.org\/{rel}","templated":true}]}}