{"id":263,"date":"2021-06-15T17:03:27","date_gmt":"2021-06-15T15:03:27","guid":{"rendered":"https:\/\/kancelariahojda.pl\/?page_id=263"},"modified":"2021-06-15T22:12:21","modified_gmt":"2021-06-15T20:12:21","slug":"prawo-wykroczen","status":"publish","type":"page","link":"https:\/\/kancelariahojda.pl\/en\/prawo-wykroczen\/","title":{"rendered":"Prawo wykrocze\u0144"},"content":{"rendered":"\t\t<div data-elementor-type=\"wp-page\" data-elementor-id=\"263\" class=\"elementor elementor-263\" data-elementor-settings=\"[]\">\n\t\t\t\t\t\t\t<div class=\"elementor-section-wrap\">\n\t\t\t\t\t\t\t<section class=\"elementor-section elementor-top-section elementor-element elementor-element-913f560 elementor-section-full_width elementor-section-height-min-height elementor-section-stretched elementor-section-height-default elementor-section-items-middle\" data-id=\"913f560\" data-element_type=\"section\" data-settings=\"{&quot;stretch_section&quot;:&quot;section-stretched&quot;,&quot;background_background&quot;:&quot;classic&quot;}\">\n\t\t\t\t\t\t<div class=\"elementor-container elementor-column-gap-default\">\n\t\t\t\t\t<div class=\"elementor-column elementor-col-100 elementor-top-column elementor-element elementor-element-023be7a\" data-id=\"023be7a\" data-element_type=\"column\">\n\t\t\t<div class=\"elementor-widget-wrap elementor-element-populated\">\n\t\t\t\t\t\t\t\t<div class=\"elementor-element elementor-element-b7e2fa0 elementor-widget elementor-widget-heading\" data-id=\"b7e2fa0\" data-element_type=\"widget\" data-widget_type=\"heading.default\">\n\t\t\t\t<div class=\"elementor-widget-container\">\n\t\t\t<h2 class=\"elementor-heading-title elementor-size-default\">Prawo wykrocze\u0144<\/h2>\t\t<\/div>\n\t\t\t\t<\/div>\n\t\t\t\t\t<\/div>\n\t\t<\/div>\n\t\t\t\t\t\t\t<\/div>\n\t\t<\/section>\n\t\t\t\t<section class=\"elementor-section elementor-top-section elementor-element elementor-element-581d49e elementor-section-boxed elementor-section-height-default elementor-section-height-default\" data-id=\"581d49e\" data-element_type=\"section\">\n\t\t\t\t\t\t<div class=\"elementor-container elementor-column-gap-default\">\n\t\t\t\t\t<div class=\"elementor-column elementor-col-33 elementor-top-column elementor-element elementor-element-1a35606\" data-id=\"1a35606\" data-element_type=\"column\">\n\t\t\t<div class=\"elementor-widget-wrap elementor-element-populated\">\n\t\t\t\t\t\t\t\t<div class=\"elementor-element elementor-element-19790b0 elementor-widget elementor-widget-image\" data-id=\"19790b0\" data-element_type=\"widget\" data-widget_type=\"image.default\">\n\t\t\t\t<div class=\"elementor-widget-container\">\n\t\t\t\t\t\t\t\t\t\t\t\t\t\t\t<img width=\"800\" height=\"534\" src=\"https:\/\/kancelariahojda.pl\/en\/wp-content\/uploads\/2021\/06\/kancelaria-wroclaw-prawo-wykroczen.jpg\" class=\"attachment-large size-large\" alt=\"kancelaria wroc\u0142aw prawo wykrocze\u0144\" decoding=\"async\" loading=\"lazy\" srcset=\"https:\/\/kancelariahojda.pl\/en\/wp-content\/uploads\/2021\/06\/kancelaria-wroclaw-prawo-wykroczen.jpg 1000w, https:\/\/kancelariahojda.pl\/en\/wp-content\/uploads\/2021\/06\/kancelaria-wroclaw-prawo-wykroczen-300x200.jpg 300w, https:\/\/kancelariahojda.pl\/en\/wp-content\/uploads\/2021\/06\/kancelaria-wroclaw-prawo-wykroczen-768x512.jpg 768w\" sizes=\"(max-width: 800px) 100vw, 800px\" \/>\t\t\t\t\t\t\t\t\t\t\t\t\t\t\t<\/div>\n\t\t\t\t<\/div>\n\t\t\t\t\t<\/div>\n\t\t<\/div>\n\t\t\t\t<div class=\"elementor-column elementor-col-66 elementor-top-column elementor-element elementor-element-ce8cc08\" data-id=\"ce8cc08\" data-element_type=\"column\">\n\t\t\t<div class=\"elementor-widget-wrap elementor-element-populated\">\n\t\t\t\t\t\t\t\t<div class=\"elementor-element elementor-element-3855a17 elementor-widget elementor-widget-text-editor\" data-id=\"3855a17\" data-element_type=\"widget\" data-widget_type=\"text-editor.default\">\n\t\t\t\t<div class=\"elementor-widget-container\">\n\t\t\t\t\t\t\t\t<div><p><strong>Prawo wykrocze\u0144<\/strong> \u2013 istot\u0105 szeroko rozumianego prawa wykrocze\u0144 jest ustalenie sprawcy czynu zabronionego oraz poci\u0105gni\u0119cie go do odpowiedzialno\u015bci za pope\u0142niony czyn. Analogicznie jak w przypadku prawa karnego, Kancelaria zapewnia wsparcie prawne niezale\u017cnie od tego, czy klient jest sprawc\u0105, czy te\u017c osob\u0105 pokrzywdzon\u0105.<\/p><\/div><div><p><strong>Kancelaria \u015bwiadczy us\u0142ugi w szczeg\u00f3lno\u015bci w sprawach dotycz\u0105cych:<\/strong><\/p><\/div>\t\t\t\t\t\t<\/div>\n\t\t\t\t<\/div>\n\t\t\t\t<div class=\"elementor-element elementor-element-08a7aa4 elementor-icon-list--layout-traditional elementor-list-item-link-full_width elementor-widget elementor-widget-icon-list\" data-id=\"08a7aa4\" data-element_type=\"widget\" data-widget_type=\"icon-list.default\">\n\t\t\t\t<div class=\"elementor-widget-container\">\n\t\t\t\t\t<ul class=\"elementor-icon-list-items\">\n\t\t\t\t\t\t\t<li class=\"elementor-icon-list-item\">\n\t\t\t\t\t\t\t\t\t\t\t<span class=\"elementor-icon-list-icon\">\n\t\t\t\t\t\t\t<i aria-hidden=\"true\" class=\"fas fa-check-circle\"><\/i>\t\t\t\t\t\t<\/span>\n\t\t\t\t\t\t\t\t\t\t<span class=\"elementor-icon-list-text\">zak\u0142\u00f3cania spokoju,<\/span>\n\t\t\t\t\t\t\t\t\t<\/li>\n\t\t\t\t\t\t\t\t<li class=\"elementor-icon-list-item\">\n\t\t\t\t\t\t\t\t\t\t\t<span class=\"elementor-icon-list-icon\">\n\t\t\t\t\t\t\t<i aria-hidden=\"true\" class=\"fas fa-check-circle\"><\/i>\t\t\t\t\t\t<\/span>\n\t\t\t\t\t\t\t\t\t\t<span class=\"elementor-icon-list-text\">z\u0142o\u015bliwego niepokojenia,<\/span>\n\t\t\t\t\t\t\t\t\t<\/li>\n\t\t\t\t\t\t\t\t<li class=\"elementor-icon-list-item\">\n\t\t\t\t\t\t\t\t\t\t\t<span class=\"elementor-icon-list-icon\">\n\t\t\t\t\t\t\t<i aria-hidden=\"true\" class=\"fas fa-check-circle\"><\/i>\t\t\t\t\t\t<\/span>\n\t\t\t\t\t\t\t\t\t\t<span class=\"elementor-icon-list-text\">wykrocze\u0144 zwi\u0105zanych z ruchem drogowym,<\/span>\n\t\t\t\t\t\t\t\t\t<\/li>\n\t\t\t\t\t\t\t\t<li class=\"elementor-icon-list-item\">\n\t\t\t\t\t\t\t\t\t\t\t<span class=\"elementor-icon-list-icon\">\n\t\t\t\t\t\t\t<i aria-hidden=\"true\" class=\"fas fa-check-circle\"><\/i>\t\t\t\t\t\t<\/span>\n\t\t\t\t\t\t\t\t\t\t<span class=\"elementor-icon-list-text\">rozpowszechniania nieprawdziwych informacji na temat przedsi\u0119biorstwa,<\/span>\n\t\t\t\t\t\t\t\t\t<\/li>\n\t\t\t\t\t\t\t\t<li class=\"elementor-icon-list-item\">\n\t\t\t\t\t\t\t\t\t\t\t<span class=\"elementor-icon-list-icon\">\n\t\t\t\t\t\t\t<i aria-hidden=\"true\" class=\"fas fa-check-circle\"><\/i>\t\t\t\t\t\t<\/span>\n\t\t\t\t\t\t\t\t\t\t<span class=\"elementor-icon-list-text\">naruszenia obowi\u0105zku udzielenia rzecznikowi konsument\u00f3w wyja\u015bnie\u0144 i informacji,<\/span>\n\t\t\t\t\t\t\t\t\t<\/li>\n\t\t\t\t\t\t\t\t<li class=\"elementor-icon-list-item\">\n\t\t\t\t\t\t\t\t\t\t\t<span class=\"elementor-icon-list-icon\">\n\t\t\t\t\t\t\t<i aria-hidden=\"true\" class=\"fas fa-check-circle\"><\/i>\t\t\t\t\t\t<\/span>\n\t\t\t\t\t\t\t\t\t\t<span class=\"elementor-icon-list-text\">innych wykrocze\u0144 uregulowanych w przepisach szczeg\u00f3lnych.<\/span>\n\t\t\t\t\t\t\t\t\t<\/li>\n\t\t\t\t\t\t<\/ul>\n\t\t\t\t<\/div>\n\t\t\t\t<\/div>\n\t\t\t\t\t<\/div>\n\t\t<\/div>\n\t\t\t\t\t\t\t<\/div>\n\t\t<\/section>\n\t\t\t\t<section class=\"elementor-section elementor-top-section elementor-element elementor-element-146d636 elementor-section-boxed elementor-section-height-default elementor-section-height-default\" data-id=\"146d636\" data-element_type=\"section\">\n\t\t\t\t\t\t<div class=\"elementor-container elementor-column-gap-default\">\n\t\t\t\t\t<div class=\"elementor-column elementor-col-100 elementor-top-column elementor-element elementor-element-035b4a2\" data-id=\"035b4a2\" data-element_type=\"column\">\n\t\t\t<div class=\"elementor-widget-wrap elementor-element-populated\">\n\t\t\t\t\t\t\t\t<div class=\"elementor-element elementor-element-0281b6d elementor-widget elementor-widget-heading\" data-id=\"0281b6d\" data-element_type=\"widget\" data-widget_type=\"heading.default\">\n\t\t\t\t<div class=\"elementor-widget-container\">\n\t\t\t<h2 class=\"elementor-heading-title elementor-size-default\">Ostatnie wpisy z kategorii prawo wykrocze\u0144<\/h2>\t\t<\/div>\n\t\t\t\t<\/div>\n\t\t\t\t<div class=\"elementor-element elementor-element-322350c elementor-grid-3 elementor-grid-tablet-2 elementor-grid-mobile-1 elementor-posts--thumbnail-top elementor-widget elementor-widget-posts\" data-id=\"322350c\" data-element_type=\"widget\" data-settings=\"{&quot;classic_columns&quot;:&quot;3&quot;,&quot;classic_columns_tablet&quot;:&quot;2&quot;,&quot;classic_columns_mobile&quot;:&quot;1&quot;,&quot;classic_row_gap&quot;:{&quot;unit&quot;:&quot;px&quot;,&quot;size&quot;:35,&quot;sizes&quot;:[]}}\" data-widget_type=\"posts.classic\">\n\t\t\t\t<div class=\"elementor-widget-container\">\n\t\t\t\t\t<div class=\"elementor-posts-container elementor-posts elementor-posts--skin-classic elementor-grid\">\n\t\t\t\t<article class=\"elementor-post elementor-grid-item post-911 post type-post status-publish format-standard hentry category-brak-kategorii category-prawo-karne category-prawo-wykroczen\">\n\t\t\t\t<div class=\"elementor-post__text\">\n\t\t\t\t<h3 class=\"elementor-post__title\">\n\t\t\t<a href=\"https:\/\/kancelariahojda.pl\/en\/blog\/2023\/08\/05\/niezamowiona-informacja-handlowa-jak-sobie-z-tym-radzic\/\" >\n\t\t\t\tNiezam\u00f3wiona informacja handlowa &#8211; jak sobie z tym radzi\u0107?\t\t\t<\/a>\n\t\t<\/h3>\n\t\t\t\t<div class=\"elementor-post__meta-data\">\n\t\t\t\t\t<span class=\"elementor-post-date\">\n\t\t\t5 sierpnia 2023\t\t<\/span>\n\t\t\t\t<span class=\"elementor-post-avatar\">\n\t\t\tBrak komentarzy\t\t<\/span>\n\t\t\t\t<\/div>\n\t\t\t\t<div class=\"elementor-post__excerpt\">\n\t\t\t<p>Otrzymujesz na sw\u00f3j adres e-mail oferty, kt\u00f3re kompletnie Ci\u0119 nie interesuj\u0105? Mniej lub bardziej kulturalne wyrazy braku zainteresowania nie docieraj\u0105 do nadawcy? Zastanawia Ci\u0119 co<\/p>\n\t\t<\/div>\n\t\t\t\t\t<a class=\"elementor-post__read-more\" href=\"https:\/\/kancelariahojda.pl\/en\/blog\/2023\/08\/05\/niezamowiona-informacja-handlowa-jak-sobie-z-tym-radzic\/\" >\n\t\t\t\tPrzeczytaj \u00bb\t\t\t<\/a>\n\t\t\t\t<\/div>\n\t\t\t\t<\/article>\n\t\t\t\t<article class=\"elementor-post elementor-grid-item post-560 post type-post status-publish format-standard hentry category-prawo-cywilne category-prawo-gospodarcze category-prawo-wykroczen tag-rzecznik-konsumentow tag-udzielenie-wyjasnien-rzecznikowi tag-wezwanie-od-rzecznika\">\n\t\t\t\t<div class=\"elementor-post__text\">\n\t\t\t\t<h3 class=\"elementor-post__title\">\n\t\t\t<a href=\"https:\/\/kancelariahojda.pl\/en\/blog\/2022\/05\/07\/pismo-od-powiatowego-miejskiego-rzecznika-konsumentow\/\" >\n\t\t\t\tPismo od Powiatowego (Miejskiego) Rzecznika Konsument\u00f3w\t\t\t<\/a>\n\t\t<\/h3>\n\t\t\t\t<div class=\"elementor-post__meta-data\">\n\t\t\t\t\t<span class=\"elementor-post-date\">\n\t\t\t7 maja 2022\t\t<\/span>\n\t\t\t\t<span class=\"elementor-post-avatar\">\n\t\t\tBrak komentarzy\t\t<\/span>\n\t\t\t\t<\/div>\n\t\t\t\t<div class=\"elementor-post__excerpt\">\n\t\t\t<p>Bardzo cz\u0119sto w sporach na p\u0142aszczy\u017anie konsument &#8211; przedsi\u0119biorca, konsument udaje si\u0119 po pomoc do Rzecznika Konsument\u00f3w. Obowi\u0105zkiem Rzecznika jest zbadanie sprawy, a je\u015bli wchodzi<\/p>\n\t\t<\/div>\n\t\t\t\t\t<a class=\"elementor-post__read-more\" href=\"https:\/\/kancelariahojda.pl\/en\/blog\/2022\/05\/07\/pismo-od-powiatowego-miejskiego-rzecznika-konsumentow\/\" >\n\t\t\t\tPrzeczytaj \u00bb\t\t\t<\/a>\n\t\t\t\t<\/div>\n\t\t\t\t<\/article>\n\t\t\t\t<article class=\"elementor-post elementor-grid-item post-544 post type-post status-publish format-standard hentry category-prawo-wykroczen\">\n\t\t\t\t<div class=\"elementor-post__text\">\n\t\t\t\t<h3 class=\"elementor-post__title\">\n\t\t\t<a href=\"https:\/\/kancelariahojda.pl\/en\/blog\/2021\/06\/22\/czy-musze-wozic-ze-soba-kolo-zapasowe\/\" >\n\t\t\t\tCzy musz\u0119 wozi\u0107 ze sob\u0105 ko\u0142o zapasowe?\t\t\t<\/a>\n\t\t<\/h3>\n\t\t\t\t<div class=\"elementor-post__meta-data\">\n\t\t\t\t\t<span class=\"elementor-post-date\">\n\t\t\t22 czerwca 2021\t\t<\/span>\n\t\t\t\t<span class=\"elementor-post-avatar\">\n\t\t\tBrak komentarzy\t\t<\/span>\n\t\t\t\t<\/div>\n\t\t\t\t<div class=\"elementor-post__excerpt\">\n\t\t\t<p>Przedmiotowe zagadnienie reguluje Rozporz\u0105dzenie Ministra Infrastruktury w sprawie warunk\u00f3w technicznych pojazd\u00f3w oraz zakresu ich niezb\u0119dnego wyposa\u017cenia t.j. Dz.U. z 2016 r. poz. 2022. Na terenie<\/p>\n\t\t<\/div>\n\t\t\t\t\t<a class=\"elementor-post__read-more\" href=\"https:\/\/kancelariahojda.pl\/en\/blog\/2021\/06\/22\/czy-musze-wozic-ze-soba-kolo-zapasowe\/\" >\n\t\t\t\tPrzeczytaj \u00bb\t\t\t<\/a>\n\t\t\t\t<\/div>\n\t\t\t\t<\/article>\n\t\t\t\t<\/div>\n\t\t\t\t<\/div>\n\t\t\t\t<\/div>\n\t\t\t\t\t<\/div>\n\t\t<\/div>\n\t\t\t\t\t\t\t<\/div>\n\t\t<\/section>\n\t\t\t\t\t\t<\/div>\n\t\t\t\t\t<\/div>\n\t\t","protected":false},"excerpt":{"rendered":"<p>Prawo wykrocze\u0144 Prawo wykrocze\u0144 \u2013 istot\u0105 szeroko rozumianego prawa wykrocze\u0144 jest ustalenie sprawcy czynu zabronionego oraz poci\u0105gni\u0119cie go do odpowiedzialno\u015bci za pope\u0142niony czyn. Analogicznie jak w przypadku prawa karnego, Kancelaria zapewnia wsparcie prawne niezale\u017cnie od tego, czy klient jest sprawc\u0105, czy te\u017c osob\u0105 pokrzywdzon\u0105. Kancelaria \u015bwiadczy us\u0142ugi w szczeg\u00f3lno\u015bci w sprawach dotycz\u0105cych: zak\u0142\u00f3cania spokoju, z\u0142o\u015bliwego [&hellip;]<\/p>\n","protected":false},"author":1,"featured_media":0,"parent":0,"menu_order":0,"comment_status":"closed","ping_status":"closed","template":"","meta":[],"yoast_head":"<!-- This site is optimized with the Yoast SEO plugin v16.5 - https:\/\/yoast.com\/wordpress\/plugins\/seo\/ -->\n<title>Prawo wykrocze\u0144 - Radca Prawny Karol Hojda<\/title>\n<meta name=\"robots\" content=\"index, follow, max-snippet:-1, max-image-preview:large, max-video-preview:-1\" \/>\n<link rel=\"canonical\" href=\"https:\/\/kancelariahojda.pl\/en\/prawo-wykroczen\/\" \/>\n<meta property=\"og:locale\" content=\"pl_PL\" \/>\n<meta property=\"og:type\" content=\"article\" \/>\n<meta property=\"og:title\" content=\"Prawo wykrocze\u0144 - Radca Prawny Karol Hojda\" \/>\n<meta property=\"og:description\" content=\"Prawo wykrocze\u0144 Prawo wykrocze\u0144 \u2013 istot\u0105 szeroko rozumianego prawa wykrocze\u0144 jest ustalenie sprawcy czynu zabronionego oraz poci\u0105gni\u0119cie go do odpowiedzialno\u015bci za pope\u0142niony czyn. Analogicznie jak w przypadku prawa karnego, Kancelaria zapewnia wsparcie prawne niezale\u017cnie od tego, czy klient jest sprawc\u0105, czy te\u017c osob\u0105 pokrzywdzon\u0105. Kancelaria \u015bwiadczy us\u0142ugi w szczeg\u00f3lno\u015bci w sprawach dotycz\u0105cych: zak\u0142\u00f3cania spokoju, z\u0142o\u015bliwego [&hellip;]\" \/>\n<meta property=\"og:url\" content=\"https:\/\/kancelariahojda.pl\/en\/prawo-wykroczen\/\" \/>\n<meta property=\"og:site_name\" content=\"Radca Prawny Karol Hojda\" \/>\n<meta property=\"article:modified_time\" content=\"2021-06-15T20:12:21+00:00\" \/>\n<meta property=\"og:image\" content=\"https:\/\/kancelariahojda.pl\/wp-content\/uploads\/2021\/06\/kancelaria-wroclaw-prawo-wykroczen.jpg\" \/>\n<meta name=\"twitter:card\" content=\"summary_large_image\" \/>\n<meta name=\"twitter:label1\" content=\"Szacowany czas czytania\" \/>\n\t<meta name=\"twitter:data1\" content=\"1 minuta\" \/>\n<script type=\"application\/ld+json\" class=\"yoast-schema-graph\">{\"@context\":\"https:\/\/schema.org\",\"@graph\":[{\"@type\":\"WebSite\",\"@id\":\"https:\/\/kancelariahojda.pl\/en\/#website\",\"url\":\"https:\/\/kancelariahojda.pl\/en\/\",\"name\":\"Radca Prawny Karol Hojda\",\"description\":\"Kancelaria Prawna Wroc\\u0142aw\",\"potentialAction\":[{\"@type\":\"SearchAction\",\"target\":\"https:\/\/kancelariahojda.pl\/en\/?s={search_term_string}\",\"query-input\":\"required name=search_term_string\"}],\"inLanguage\":\"pl-PL\"},{\"@type\":\"ImageObject\",\"@id\":\"https:\/\/kancelariahojda.pl\/en\/prawo-wykroczen\/#primaryimage\",\"inLanguage\":\"pl-PL\",\"url\":\"https:\/\/kancelariahojda.pl\/wp-content\/uploads\/2021\/06\/kancelaria-wroclaw-prawo-wykroczen.jpg\",\"contentUrl\":\"https:\/\/kancelariahojda.pl\/wp-content\/uploads\/2021\/06\/kancelaria-wroclaw-prawo-wykroczen.jpg\"},{\"@type\":\"WebPage\",\"@id\":\"https:\/\/kancelariahojda.pl\/en\/prawo-wykroczen\/#webpage\",\"url\":\"https:\/\/kancelariahojda.pl\/en\/prawo-wykroczen\/\",\"name\":\"Prawo wykrocze\\u0144 - Radca Prawny Karol Hojda\",\"isPartOf\":{\"@id\":\"https:\/\/kancelariahojda.pl\/en\/#website\"},\"primaryImageOfPage\":{\"@id\":\"https:\/\/kancelariahojda.pl\/en\/prawo-wykroczen\/#primaryimage\"},\"datePublished\":\"2021-06-15T15:03:27+00:00\",\"dateModified\":\"2021-06-15T20:12:21+00:00\",\"breadcrumb\":{\"@id\":\"https:\/\/kancelariahojda.pl\/en\/prawo-wykroczen\/#breadcrumb\"},\"inLanguage\":\"pl-PL\",\"potentialAction\":[{\"@type\":\"ReadAction\",\"target\":[\"https:\/\/kancelariahojda.pl\/en\/prawo-wykroczen\/\"]}]},{\"@type\":\"BreadcrumbList\",\"@id\":\"https:\/\/kancelariahojda.pl\/en\/prawo-wykroczen\/#breadcrumb\",\"itemListElement\":[{\"@type\":\"ListItem\",\"position\":1,\"name\":\"Strona g\\u0142\\u00f3wna\",\"item\":\"https:\/\/kancelariahojda.pl\/en\/\"},{\"@type\":\"ListItem\",\"position\":2,\"name\":\"Prawo wykrocze\\u0144\"}]}]}<\/script>\n<!-- \/ Yoast SEO plugin. -->","_links":{"self":[{"href":"https:\/\/kancelariahojda.pl\/en\/wp-json\/wp\/v2\/pages\/263"}],"collection":[{"href":"https:\/\/kancelariahojda.pl\/en\/wp-json\/wp\/v2\/pages"}],"about":[{"href":"https:\/\/kancelariahojda.pl\/en\/wp-json\/wp\/v2\/types\/page"}],"author":[{"embeddable":true,"href":"https:\/\/kancelariahojda.pl\/en\/wp-json\/wp\/v2\/users\/1"}],"replies":[{"embeddable":true,"href":"https:\/\/kancelariahojda.pl\/en\/wp-json\/wp\/v2\/comments?post=263"}],"version-history":[{"count":16,"href":"https:\/\/kancelariahojda.pl\/en\/wp-json\/wp\/v2\/pages\/263\/revisions"}],"predecessor-version":[{"id":464,"href":"https:\/\/kancelariahojda.pl\/en\/wp-json\/wp\/v2\/pages\/263\/revisions\/464"}],"wp:attachment":[{"href":"https:\/\/kancelariahojda.pl\/en\/wp-json\/wp\/v2\/media?parent=263"}],"curies":[{"name":"wp","href":"https:\/\/api.w.org\/{rel}","templated":true}]}}