{"id":261,"date":"2021-06-15T17:03:13","date_gmt":"2021-06-15T15:03:13","guid":{"rendered":"https:\/\/kancelariahojda.pl\/?page_id=261"},"modified":"2021-06-15T22:12:41","modified_gmt":"2021-06-15T20:12:41","slug":"prawo-karne","status":"publish","type":"page","link":"https:\/\/kancelariahojda.pl\/en\/prawo-karne\/","title":{"rendered":"Prawo karne"},"content":{"rendered":"\t\t<div data-elementor-type=\"wp-page\" data-elementor-id=\"261\" class=\"elementor elementor-261\" data-elementor-settings=\"[]\">\n\t\t\t\t\t\t\t<div class=\"elementor-section-wrap\">\n\t\t\t\t\t\t\t<section class=\"elementor-section elementor-top-section elementor-element elementor-element-18bb3d9 elementor-section-full_width elementor-section-height-min-height elementor-section-stretched elementor-section-height-default elementor-section-items-middle\" data-id=\"18bb3d9\" data-element_type=\"section\" data-settings=\"{&quot;stretch_section&quot;:&quot;section-stretched&quot;,&quot;background_background&quot;:&quot;classic&quot;}\">\n\t\t\t\t\t\t<div class=\"elementor-container elementor-column-gap-default\">\n\t\t\t\t\t<div class=\"elementor-column elementor-col-100 elementor-top-column elementor-element elementor-element-4cf10b9\" data-id=\"4cf10b9\" data-element_type=\"column\">\n\t\t\t<div class=\"elementor-widget-wrap elementor-element-populated\">\n\t\t\t\t\t\t\t\t<div class=\"elementor-element elementor-element-a0a858c elementor-widget elementor-widget-heading\" data-id=\"a0a858c\" data-element_type=\"widget\" data-widget_type=\"heading.default\">\n\t\t\t\t<div class=\"elementor-widget-container\">\n\t\t\t<h2 class=\"elementor-heading-title elementor-size-default\">Prawo karne<\/h2>\t\t<\/div>\n\t\t\t\t<\/div>\n\t\t\t\t\t<\/div>\n\t\t<\/div>\n\t\t\t\t\t\t\t<\/div>\n\t\t<\/section>\n\t\t\t\t<section class=\"elementor-section elementor-top-section elementor-element elementor-element-5c54278 elementor-section-boxed elementor-section-height-default elementor-section-height-default\" data-id=\"5c54278\" data-element_type=\"section\">\n\t\t\t\t\t\t<div class=\"elementor-container elementor-column-gap-default\">\n\t\t\t\t\t<div class=\"elementor-column elementor-col-33 elementor-top-column elementor-element elementor-element-6e88926\" data-id=\"6e88926\" data-element_type=\"column\">\n\t\t\t<div class=\"elementor-widget-wrap elementor-element-populated\">\n\t\t\t\t\t\t\t\t<div class=\"elementor-element elementor-element-1865f98 elementor-widget elementor-widget-image\" data-id=\"1865f98\" data-element_type=\"widget\" data-widget_type=\"image.default\">\n\t\t\t\t<div class=\"elementor-widget-container\">\n\t\t\t\t\t\t\t\t\t\t\t\t\t\t\t<img width=\"800\" height=\"534\" src=\"https:\/\/kancelariahojda.pl\/en\/wp-content\/uploads\/2021\/06\/kancelaria-wroclaw-prawo-karne.jpg\" class=\"attachment-large size-large\" alt=\"kancelaria wroc\u0142aw prawo karne\" decoding=\"async\" loading=\"lazy\" srcset=\"https:\/\/kancelariahojda.pl\/en\/wp-content\/uploads\/2021\/06\/kancelaria-wroclaw-prawo-karne.jpg 1000w, https:\/\/kancelariahojda.pl\/en\/wp-content\/uploads\/2021\/06\/kancelaria-wroclaw-prawo-karne-300x200.jpg 300w, https:\/\/kancelariahojda.pl\/en\/wp-content\/uploads\/2021\/06\/kancelaria-wroclaw-prawo-karne-768x512.jpg 768w\" sizes=\"(max-width: 800px) 100vw, 800px\" \/>\t\t\t\t\t\t\t\t\t\t\t\t\t\t\t<\/div>\n\t\t\t\t<\/div>\n\t\t\t\t\t<\/div>\n\t\t<\/div>\n\t\t\t\t<div class=\"elementor-column elementor-col-66 elementor-top-column elementor-element elementor-element-846f962\" data-id=\"846f962\" data-element_type=\"column\">\n\t\t\t<div class=\"elementor-widget-wrap elementor-element-populated\">\n\t\t\t\t\t\t\t\t<div class=\"elementor-element elementor-element-a30e2aa elementor-widget elementor-widget-text-editor\" data-id=\"a30e2aa\" data-element_type=\"widget\" data-widget_type=\"text-editor.default\">\n\t\t\t\t<div class=\"elementor-widget-container\">\n\t\t\t\t\t\t\t\t<div><p><strong>Prawo karne<\/strong> \u2013 istot\u0105 szeroko rozumianego prawa karnego jest ustalenie sprawcy czynu zabronionego oraz poci\u0105gni\u0119cie go do odpowiedzialno\u015bci karnej. Nie mo\u017cna przy tym pomin\u0105\u0107 osoby pokrzywdzonej przest\u0119pstwem, kt\u00f3rej interesy powinny podlega\u0107 szczeg\u00f3lnej ochronie.<\/p><\/div><div><p>Wsparcie Kancelarii w toku post\u0119powania karnego bywa nieocenione, niezale\u017cnie od tego, czy reprezentuje ona osob\u0119 pokrzywdzon\u0105, czy te\u017c potencjalnego sprawc\u0119. W przypadku osoby pokrzywdzonej, Kancelaria nadzoruje przebieg post\u0119powania w szczeg\u00f3lno\u015bci pod k\u0105tem wymierzenia sprawcy kary adekwatnej do przewinienia. W niekt\u00f3rych sprawach podj\u0119cie konkretnych dzia\u0142a\u0144 pozwala na zapewnienie pokrzywdzonemu r\u00f3wnie\u017c stosownej rekompensaty finansowej w formie odszkodowania, zado\u015b\u0107uczynienia lub nawi\u0105zki.<\/p><\/div><div><p>Natomiast w przypadku dzia\u0142ania jako obro\u0144ca, nadrz\u0119dnym celem Kancelarii jest doprowadzenie do jak najkorzystniejszego rozstrzygni\u0119cia, w szczeg\u00f3lno\u015bci poprzez weryfikowanie prawid\u0142owo\u015bci dzia\u0142a\u0144 organ\u00f3w \u015bcigania i S\u0105du.<\/p><\/div><div><p><strong>Kancelaria \u015bwiadczy us\u0142ugi w szczeg\u00f3lno\u015bci w sprawach dotycz\u0105cych:<\/strong><\/p><\/div>\t\t\t\t\t\t<\/div>\n\t\t\t\t<\/div>\n\t\t\t\t<div class=\"elementor-element elementor-element-d340926 elementor-icon-list--layout-traditional elementor-list-item-link-full_width elementor-widget elementor-widget-icon-list\" data-id=\"d340926\" data-element_type=\"widget\" data-widget_type=\"icon-list.default\">\n\t\t\t\t<div class=\"elementor-widget-container\">\n\t\t\t\t\t<ul class=\"elementor-icon-list-items\">\n\t\t\t\t\t\t\t<li class=\"elementor-icon-list-item\">\n\t\t\t\t\t\t\t\t\t\t\t<span class=\"elementor-icon-list-icon\">\n\t\t\t\t\t\t\t<i aria-hidden=\"true\" class=\"fas fa-check-circle\"><\/i>\t\t\t\t\t\t<\/span>\n\t\t\t\t\t\t\t\t\t\t<span class=\"elementor-icon-list-text\">przest\u0119pstw przeciwko \u017cyciu i zdrowiu (zab\u00f3jstwo, uszczerbek na zdrowiu, nieumy\u015blne spowodowanie \u015bmierci),<\/span>\n\t\t\t\t\t\t\t\t\t<\/li>\n\t\t\t\t\t\t\t\t<li class=\"elementor-icon-list-item\">\n\t\t\t\t\t\t\t\t\t\t\t<span class=\"elementor-icon-list-icon\">\n\t\t\t\t\t\t\t<i aria-hidden=\"true\" class=\"fas fa-check-circle\"><\/i>\t\t\t\t\t\t<\/span>\n\t\t\t\t\t\t\t\t\t\t<span class=\"elementor-icon-list-text\">przest\u0119pstw drogowych,<\/span>\n\t\t\t\t\t\t\t\t\t<\/li>\n\t\t\t\t\t\t\t\t<li class=\"elementor-icon-list-item\">\n\t\t\t\t\t\t\t\t\t\t\t<span class=\"elementor-icon-list-icon\">\n\t\t\t\t\t\t\t<i aria-hidden=\"true\" class=\"fas fa-check-circle\"><\/i>\t\t\t\t\t\t<\/span>\n\t\t\t\t\t\t\t\t\t\t<span class=\"elementor-icon-list-text\">przest\u0119pstw \u015bciganych z oskar\u017cenia prywatnego (zniewaga, znies\u0142awienie),<\/span>\n\t\t\t\t\t\t\t\t\t<\/li>\n\t\t\t\t\t\t\t\t<li class=\"elementor-icon-list-item\">\n\t\t\t\t\t\t\t\t\t\t\t<span class=\"elementor-icon-list-icon\">\n\t\t\t\t\t\t\t<i aria-hidden=\"true\" class=\"fas fa-check-circle\"><\/i>\t\t\t\t\t\t<\/span>\n\t\t\t\t\t\t\t\t\t\t<span class=\"elementor-icon-list-text\">przest\u0119pstw przeciwko mieniu (przyw\u0142aszczenie, kradzie\u017c, rozb\u00f3j, oszustwo),<\/span>\n\t\t\t\t\t\t\t\t\t<\/li>\n\t\t\t\t\t\t\t\t<li class=\"elementor-icon-list-item\">\n\t\t\t\t\t\t\t\t\t\t\t<span class=\"elementor-icon-list-icon\">\n\t\t\t\t\t\t\t<i aria-hidden=\"true\" class=\"fas fa-check-circle\"><\/i>\t\t\t\t\t\t<\/span>\n\t\t\t\t\t\t\t\t\t\t<span class=\"elementor-icon-list-text\">przest\u0119pstw zwi\u0105zanych z prowadzon\u0105 dzia\u0142alno\u015bci\u0105 gospodarcz\u0105 (m.in. naruszenie tajemnicy przedsi\u0119biorstwa, rozpowszechnienie cudzych utwor\u00f3w bez uprawnienia).<\/span>\n\t\t\t\t\t\t\t\t\t<\/li>\n\t\t\t\t\t\t<\/ul>\n\t\t\t\t<\/div>\n\t\t\t\t<\/div>\n\t\t\t\t\t<\/div>\n\t\t<\/div>\n\t\t\t\t\t\t\t<\/div>\n\t\t<\/section>\n\t\t\t\t<section class=\"elementor-section elementor-top-section elementor-element elementor-element-4a25b20 elementor-section-boxed elementor-section-height-default elementor-section-height-default\" data-id=\"4a25b20\" data-element_type=\"section\">\n\t\t\t\t\t\t<div class=\"elementor-container elementor-column-gap-default\">\n\t\t\t\t\t<div class=\"elementor-column elementor-col-100 elementor-top-column elementor-element elementor-element-8542c0e\" data-id=\"8542c0e\" data-element_type=\"column\">\n\t\t\t<div class=\"elementor-widget-wrap elementor-element-populated\">\n\t\t\t\t\t\t\t\t<div class=\"elementor-element elementor-element-471fef7 elementor-widget elementor-widget-heading\" data-id=\"471fef7\" data-element_type=\"widget\" data-widget_type=\"heading.default\">\n\t\t\t\t<div class=\"elementor-widget-container\">\n\t\t\t<h2 class=\"elementor-heading-title elementor-size-default\">Ostatnie wpisy z kategorii prawo karne<\/h2>\t\t<\/div>\n\t\t\t\t<\/div>\n\t\t\t\t<div class=\"elementor-element elementor-element-4adb595 elementor-grid-3 elementor-grid-tablet-2 elementor-grid-mobile-1 elementor-posts--thumbnail-top elementor-widget elementor-widget-posts\" data-id=\"4adb595\" data-element_type=\"widget\" data-settings=\"{&quot;classic_columns&quot;:&quot;3&quot;,&quot;classic_columns_tablet&quot;:&quot;2&quot;,&quot;classic_columns_mobile&quot;:&quot;1&quot;,&quot;classic_row_gap&quot;:{&quot;unit&quot;:&quot;px&quot;,&quot;size&quot;:35,&quot;sizes&quot;:[]}}\" data-widget_type=\"posts.classic\">\n\t\t\t\t<div class=\"elementor-widget-container\">\n\t\t\t\t\t<div class=\"elementor-posts-container elementor-posts elementor-posts--skin-classic elementor-grid\">\n\t\t\t\t<article class=\"elementor-post elementor-grid-item post-911 post type-post status-publish format-standard hentry category-brak-kategorii category-prawo-karne category-prawo-wykroczen\">\n\t\t\t\t<div class=\"elementor-post__text\">\n\t\t\t\t<h3 class=\"elementor-post__title\">\n\t\t\t<a href=\"https:\/\/kancelariahojda.pl\/en\/blog\/2023\/08\/05\/niezamowiona-informacja-handlowa-jak-sobie-z-tym-radzic\/\" >\n\t\t\t\tNiezam\u00f3wiona informacja handlowa &#8211; jak sobie z tym radzi\u0107?\t\t\t<\/a>\n\t\t<\/h3>\n\t\t\t\t<div class=\"elementor-post__meta-data\">\n\t\t\t\t\t<span class=\"elementor-post-date\">\n\t\t\t5 sierpnia 2023\t\t<\/span>\n\t\t\t\t<span class=\"elementor-post-avatar\">\n\t\t\tBrak komentarzy\t\t<\/span>\n\t\t\t\t<\/div>\n\t\t\t\t<div class=\"elementor-post__excerpt\">\n\t\t\t<p>Otrzymujesz na sw\u00f3j adres e-mail oferty, kt\u00f3re kompletnie Ci\u0119 nie interesuj\u0105? Mniej lub bardziej kulturalne wyrazy braku zainteresowania nie docieraj\u0105 do nadawcy? Zastanawia Ci\u0119 co<\/p>\n\t\t<\/div>\n\t\t\t\t\t<a class=\"elementor-post__read-more\" href=\"https:\/\/kancelariahojda.pl\/en\/blog\/2023\/08\/05\/niezamowiona-informacja-handlowa-jak-sobie-z-tym-radzic\/\" >\n\t\t\t\tPrzeczytaj \u00bb\t\t\t<\/a>\n\t\t\t\t<\/div>\n\t\t\t\t<\/article>\n\t\t\t\t<article class=\"elementor-post elementor-grid-item post-563 post type-post status-publish format-standard hentry category-prawo-karne\">\n\t\t\t\t<div class=\"elementor-post__text\">\n\t\t\t\t<h3 class=\"elementor-post__title\">\n\t\t\t<a href=\"https:\/\/kancelariahojda.pl\/en\/blog\/2021\/08\/02\/okazanie-zaswiadczenia-o-szczepieniu-przeciwko-covid-19-jako-warunek-skorzystania-z-uslugi\/\" >\n\t\t\t\tOkazanie za\u015bwiadczenia o szczepieniu przeciwko COVID-19 jako warunek skorzystania z us\u0142ugi\t\t\t<\/a>\n\t\t<\/h3>\n\t\t\t\t<div class=\"elementor-post__meta-data\">\n\t\t\t\t\t<span class=\"elementor-post-date\">\n\t\t\t2 sierpnia 2021\t\t<\/span>\n\t\t\t\t<span class=\"elementor-post-avatar\">\n\t\t\tBrak komentarzy\t\t<\/span>\n\t\t\t\t<\/div>\n\t\t\t\t<div class=\"elementor-post__excerpt\">\n\t\t\t<p>Na wst\u0119pie nale\u017cy wyra\u017anie zaznaczy\u0107, \u017ce celem niniejszego wpisu nie jest polemika co do zasadno\u015bci szczepie\u0144. Omawiane lub komentowane nie b\u0119d\u0105 r\u00f3wnie\u017c jakiekolwiek zagadnienia medyczne.<\/p>\n\t\t<\/div>\n\t\t\t\t\t<a class=\"elementor-post__read-more\" href=\"https:\/\/kancelariahojda.pl\/en\/blog\/2021\/08\/02\/okazanie-zaswiadczenia-o-szczepieniu-przeciwko-covid-19-jako-warunek-skorzystania-z-uslugi\/\" >\n\t\t\t\tPrzeczytaj \u00bb\t\t\t<\/a>\n\t\t\t\t<\/div>\n\t\t\t\t<\/article>\n\t\t\t\t<\/div>\n\t\t\t\t<\/div>\n\t\t\t\t<\/div>\n\t\t\t\t\t<\/div>\n\t\t<\/div>\n\t\t\t\t\t\t\t<\/div>\n\t\t<\/section>\n\t\t\t\t\t\t<\/div>\n\t\t\t\t\t<\/div>\n\t\t","protected":false},"excerpt":{"rendered":"<p>Prawo karne Prawo karne \u2013 istot\u0105 szeroko rozumianego prawa karnego jest ustalenie sprawcy czynu zabronionego oraz poci\u0105gni\u0119cie go do odpowiedzialno\u015bci karnej. Nie mo\u017cna przy tym pomin\u0105\u0107 osoby pokrzywdzonej przest\u0119pstwem, kt\u00f3rej interesy powinny podlega\u0107 szczeg\u00f3lnej ochronie. Wsparcie Kancelarii w toku post\u0119powania karnego bywa nieocenione, niezale\u017cnie od tego, czy reprezentuje ona osob\u0119 pokrzywdzon\u0105, czy te\u017c potencjalnego sprawc\u0119. [&hellip;]<\/p>\n","protected":false},"author":1,"featured_media":0,"parent":0,"menu_order":0,"comment_status":"closed","ping_status":"closed","template":"","meta":[],"yoast_head":"<!-- This site is optimized with the Yoast SEO plugin v16.5 - https:\/\/yoast.com\/wordpress\/plugins\/seo\/ -->\n<title>Prawo karne - Radca Prawny Karol Hojda<\/title>\n<meta name=\"robots\" content=\"index, follow, max-snippet:-1, max-image-preview:large, max-video-preview:-1\" \/>\n<link rel=\"canonical\" href=\"https:\/\/kancelariahojda.pl\/en\/prawo-karne\/\" \/>\n<meta property=\"og:locale\" content=\"pl_PL\" \/>\n<meta property=\"og:type\" content=\"article\" \/>\n<meta property=\"og:title\" content=\"Prawo karne - Radca Prawny Karol Hojda\" \/>\n<meta property=\"og:description\" content=\"Prawo karne Prawo karne \u2013 istot\u0105 szeroko rozumianego prawa karnego jest ustalenie sprawcy czynu zabronionego oraz poci\u0105gni\u0119cie go do odpowiedzialno\u015bci karnej. Nie mo\u017cna przy tym pomin\u0105\u0107 osoby pokrzywdzonej przest\u0119pstwem, kt\u00f3rej interesy powinny podlega\u0107 szczeg\u00f3lnej ochronie. Wsparcie Kancelarii w toku post\u0119powania karnego bywa nieocenione, niezale\u017cnie od tego, czy reprezentuje ona osob\u0119 pokrzywdzon\u0105, czy te\u017c potencjalnego sprawc\u0119. [&hellip;]\" \/>\n<meta property=\"og:url\" content=\"https:\/\/kancelariahojda.pl\/en\/prawo-karne\/\" \/>\n<meta property=\"og:site_name\" content=\"Radca Prawny Karol Hojda\" \/>\n<meta property=\"article:modified_time\" content=\"2021-06-15T20:12:41+00:00\" \/>\n<meta property=\"og:image\" content=\"https:\/\/kancelariahojda.pl\/wp-content\/uploads\/2021\/06\/kancelaria-wroclaw-prawo-karne.jpg\" \/>\n<meta name=\"twitter:card\" content=\"summary_large_image\" \/>\n<meta name=\"twitter:label1\" content=\"Szacowany czas czytania\" \/>\n\t<meta name=\"twitter:data1\" content=\"1 minuta\" \/>\n<script type=\"application\/ld+json\" class=\"yoast-schema-graph\">{\"@context\":\"https:\/\/schema.org\",\"@graph\":[{\"@type\":\"WebSite\",\"@id\":\"https:\/\/kancelariahojda.pl\/en\/#website\",\"url\":\"https:\/\/kancelariahojda.pl\/en\/\",\"name\":\"Radca Prawny Karol Hojda\",\"description\":\"Kancelaria Prawna Wroc\\u0142aw\",\"potentialAction\":[{\"@type\":\"SearchAction\",\"target\":\"https:\/\/kancelariahojda.pl\/en\/?s={search_term_string}\",\"query-input\":\"required name=search_term_string\"}],\"inLanguage\":\"pl-PL\"},{\"@type\":\"ImageObject\",\"@id\":\"https:\/\/kancelariahojda.pl\/en\/prawo-karne\/#primaryimage\",\"inLanguage\":\"pl-PL\",\"url\":\"https:\/\/kancelariahojda.pl\/wp-content\/uploads\/2021\/06\/kancelaria-wroclaw-prawo-karne.jpg\",\"contentUrl\":\"https:\/\/kancelariahojda.pl\/wp-content\/uploads\/2021\/06\/kancelaria-wroclaw-prawo-karne.jpg\"},{\"@type\":\"WebPage\",\"@id\":\"https:\/\/kancelariahojda.pl\/en\/prawo-karne\/#webpage\",\"url\":\"https:\/\/kancelariahojda.pl\/en\/prawo-karne\/\",\"name\":\"Prawo karne - Radca Prawny Karol Hojda\",\"isPartOf\":{\"@id\":\"https:\/\/kancelariahojda.pl\/en\/#website\"},\"primaryImageOfPage\":{\"@id\":\"https:\/\/kancelariahojda.pl\/en\/prawo-karne\/#primaryimage\"},\"datePublished\":\"2021-06-15T15:03:13+00:00\",\"dateModified\":\"2021-06-15T20:12:41+00:00\",\"breadcrumb\":{\"@id\":\"https:\/\/kancelariahojda.pl\/en\/prawo-karne\/#breadcrumb\"},\"inLanguage\":\"pl-PL\",\"potentialAction\":[{\"@type\":\"ReadAction\",\"target\":[\"https:\/\/kancelariahojda.pl\/en\/prawo-karne\/\"]}]},{\"@type\":\"BreadcrumbList\",\"@id\":\"https:\/\/kancelariahojda.pl\/en\/prawo-karne\/#breadcrumb\",\"itemListElement\":[{\"@type\":\"ListItem\",\"position\":1,\"name\":\"Strona g\\u0142\\u00f3wna\",\"item\":\"https:\/\/kancelariahojda.pl\/en\/\"},{\"@type\":\"ListItem\",\"position\":2,\"name\":\"Prawo karne\"}]}]}<\/script>\n<!-- \/ Yoast SEO plugin. -->","_links":{"self":[{"href":"https:\/\/kancelariahojda.pl\/en\/wp-json\/wp\/v2\/pages\/261"}],"collection":[{"href":"https:\/\/kancelariahojda.pl\/en\/wp-json\/wp\/v2\/pages"}],"about":[{"href":"https:\/\/kancelariahojda.pl\/en\/wp-json\/wp\/v2\/types\/page"}],"author":[{"embeddable":true,"href":"https:\/\/kancelariahojda.pl\/en\/wp-json\/wp\/v2\/users\/1"}],"replies":[{"embeddable":true,"href":"https:\/\/kancelariahojda.pl\/en\/wp-json\/wp\/v2\/comments?post=261"}],"version-history":[{"count":16,"href":"https:\/\/kancelariahojda.pl\/en\/wp-json\/wp\/v2\/pages\/261\/revisions"}],"predecessor-version":[{"id":467,"href":"https:\/\/kancelariahojda.pl\/en\/wp-json\/wp\/v2\/pages\/261\/revisions\/467"}],"wp:attachment":[{"href":"https:\/\/kancelariahojda.pl\/en\/wp-json\/wp\/v2\/media?parent=261"}],"curies":[{"name":"wp","href":"https:\/\/api.w.org\/{rel}","templated":true}]}}