{"id":259,"date":"2021-06-15T17:03:03","date_gmt":"2021-06-15T15:03:03","guid":{"rendered":"https:\/\/kancelariahojda.pl\/?page_id=259"},"modified":"2021-06-15T22:09:24","modified_gmt":"2021-06-15T20:09:24","slug":"prawo-cywilne","status":"publish","type":"page","link":"https:\/\/kancelariahojda.pl\/en\/prawo-cywilne\/","title":{"rendered":"Prawo cywilne"},"content":{"rendered":"\t\t<div data-elementor-type=\"wp-page\" data-elementor-id=\"259\" class=\"elementor elementor-259\" data-elementor-settings=\"[]\">\n\t\t\t\t\t\t\t<div class=\"elementor-section-wrap\">\n\t\t\t\t\t\t\t<section class=\"elementor-section elementor-top-section elementor-element elementor-element-49e2dc10 elementor-section-full_width elementor-section-height-min-height elementor-section-stretched elementor-section-height-default elementor-section-items-middle\" data-id=\"49e2dc10\" data-element_type=\"section\" data-settings=\"{&quot;stretch_section&quot;:&quot;section-stretched&quot;,&quot;background_background&quot;:&quot;classic&quot;}\">\n\t\t\t\t\t\t<div class=\"elementor-container elementor-column-gap-default\">\n\t\t\t\t\t<div class=\"elementor-column elementor-col-100 elementor-top-column elementor-element elementor-element-2113dc2d\" data-id=\"2113dc2d\" data-element_type=\"column\">\n\t\t\t<div class=\"elementor-widget-wrap elementor-element-populated\">\n\t\t\t\t\t\t\t\t<div class=\"elementor-element elementor-element-112553a8 elementor-widget elementor-widget-heading\" data-id=\"112553a8\" data-element_type=\"widget\" data-widget_type=\"heading.default\">\n\t\t\t\t<div class=\"elementor-widget-container\">\n\t\t\t<h2 class=\"elementor-heading-title elementor-size-default\">Prawo cywilne<\/h2>\t\t<\/div>\n\t\t\t\t<\/div>\n\t\t\t\t\t<\/div>\n\t\t<\/div>\n\t\t\t\t\t\t\t<\/div>\n\t\t<\/section>\n\t\t\t\t<section class=\"elementor-section elementor-top-section elementor-element elementor-element-aa5c2e6 elementor-section-boxed elementor-section-height-default elementor-section-height-default\" data-id=\"aa5c2e6\" data-element_type=\"section\">\n\t\t\t\t\t\t<div class=\"elementor-container elementor-column-gap-default\">\n\t\t\t\t\t<div class=\"elementor-column elementor-col-33 elementor-top-column elementor-element elementor-element-21a98ff\" data-id=\"21a98ff\" data-element_type=\"column\">\n\t\t\t<div class=\"elementor-widget-wrap elementor-element-populated\">\n\t\t\t\t\t\t\t\t<div class=\"elementor-element elementor-element-213002f elementor-widget elementor-widget-image\" data-id=\"213002f\" data-element_type=\"widget\" data-widget_type=\"image.default\">\n\t\t\t\t<div class=\"elementor-widget-container\">\n\t\t\t\t\t\t\t\t\t\t\t\t\t\t\t<img width=\"800\" height=\"800\" src=\"https:\/\/kancelariahojda.pl\/en\/wp-content\/uploads\/2021\/06\/kancelaria-wroclaw-prawo-cywilne.jpg\" class=\"attachment-large size-large\" alt=\"kancelaria wroc\u0142aw prawo cywilne\" decoding=\"async\" loading=\"lazy\" srcset=\"https:\/\/kancelariahojda.pl\/en\/wp-content\/uploads\/2021\/06\/kancelaria-wroclaw-prawo-cywilne.jpg 1000w, https:\/\/kancelariahojda.pl\/en\/wp-content\/uploads\/2021\/06\/kancelaria-wroclaw-prawo-cywilne-300x300.jpg 300w, https:\/\/kancelariahojda.pl\/en\/wp-content\/uploads\/2021\/06\/kancelaria-wroclaw-prawo-cywilne-150x150.jpg 150w, https:\/\/kancelariahojda.pl\/en\/wp-content\/uploads\/2021\/06\/kancelaria-wroclaw-prawo-cywilne-768x768.jpg 768w\" sizes=\"(max-width: 800px) 100vw, 800px\" \/>\t\t\t\t\t\t\t\t\t\t\t\t\t\t\t<\/div>\n\t\t\t\t<\/div>\n\t\t\t\t\t<\/div>\n\t\t<\/div>\n\t\t\t\t<div class=\"elementor-column elementor-col-66 elementor-top-column elementor-element elementor-element-42809ed\" data-id=\"42809ed\" data-element_type=\"column\">\n\t\t\t<div class=\"elementor-widget-wrap elementor-element-populated\">\n\t\t\t\t\t\t\t\t<div class=\"elementor-element elementor-element-3dd5087 elementor-widget elementor-widget-text-editor\" data-id=\"3dd5087\" data-element_type=\"widget\" data-widget_type=\"text-editor.default\">\n\t\t\t\t<div class=\"elementor-widget-container\">\n\t\t\t\t\t\t\t\t<div><p><strong>Prawo cywilne<\/strong> \u2013 dziedzina prawa obejmuj\u0105ca zdecydowan\u0105 wi\u0119kszo\u015b\u0107 problem\u00f3w prawnych. Kancelaria zapewnia wsparcie zar\u00f3wno w sprawach typowych (sprawy o zap\u0142at\u0119, wydanie rzeczy, ochron\u0119 d\u00f3br osobistych) jak i w sporach o wysokim stopniu skomplikowania (roszczenia wynikaj\u0105ce z um\u00f3w o roboty budowlane, b\u0142\u0119dy lekarskie i inne).<\/p><\/div><div><p><strong>Zesp\u00f3\u0142 kancelarii posiada bogate do\u015bwiadczenie w nast\u0119puj\u0105cych dziedzinach:<\/strong><\/p><\/div>\t\t\t\t\t\t<\/div>\n\t\t\t\t<\/div>\n\t\t\t\t<div class=\"elementor-element elementor-element-4f52787 elementor-icon-list--layout-traditional elementor-list-item-link-full_width elementor-widget elementor-widget-icon-list\" data-id=\"4f52787\" data-element_type=\"widget\" data-widget_type=\"icon-list.default\">\n\t\t\t\t<div class=\"elementor-widget-container\">\n\t\t\t\t\t<ul class=\"elementor-icon-list-items\">\n\t\t\t\t\t\t\t<li class=\"elementor-icon-list-item\">\n\t\t\t\t\t\t\t\t\t\t\t<span class=\"elementor-icon-list-icon\">\n\t\t\t\t\t\t\t<i aria-hidden=\"true\" class=\"fas fa-check-circle\"><\/i>\t\t\t\t\t\t<\/span>\n\t\t\t\t\t\t\t\t\t\t<span class=\"elementor-icon-list-text\">ochrona d\u00f3br osobistych,<\/span>\n\t\t\t\t\t\t\t\t\t<\/li>\n\t\t\t\t\t\t\t\t<li class=\"elementor-icon-list-item\">\n\t\t\t\t\t\t\t\t\t\t\t<span class=\"elementor-icon-list-icon\">\n\t\t\t\t\t\t\t<i aria-hidden=\"true\" class=\"fas fa-check-circle\"><\/i>\t\t\t\t\t\t<\/span>\n\t\t\t\t\t\t\t\t\t\t<span class=\"elementor-icon-list-text\">prawo nieruchomo\u015bci,<\/span>\n\t\t\t\t\t\t\t\t\t<\/li>\n\t\t\t\t\t\t\t\t<li class=\"elementor-icon-list-item\">\n\t\t\t\t\t\t\t\t\t\t\t<span class=\"elementor-icon-list-icon\">\n\t\t\t\t\t\t\t<i aria-hidden=\"true\" class=\"fas fa-check-circle\"><\/i>\t\t\t\t\t\t<\/span>\n\t\t\t\t\t\t\t\t\t\t<span class=\"elementor-icon-list-text\">kary umowne,<\/span>\n\t\t\t\t\t\t\t\t\t<\/li>\n\t\t\t\t\t\t\t\t<li class=\"elementor-icon-list-item\">\n\t\t\t\t\t\t\t\t\t\t\t<span class=\"elementor-icon-list-icon\">\n\t\t\t\t\t\t\t<i aria-hidden=\"true\" class=\"fas fa-check-circle\"><\/i>\t\t\t\t\t\t<\/span>\n\t\t\t\t\t\t\t\t\t\t<span class=\"elementor-icon-list-text\">bezpodstawne wzbogacenie,<\/span>\n\t\t\t\t\t\t\t\t\t<\/li>\n\t\t\t\t\t\t\t\t<li class=\"elementor-icon-list-item\">\n\t\t\t\t\t\t\t\t\t\t\t<span class=\"elementor-icon-list-icon\">\n\t\t\t\t\t\t\t<i aria-hidden=\"true\" class=\"fas fa-check-circle\"><\/i>\t\t\t\t\t\t<\/span>\n\t\t\t\t\t\t\t\t\t\t<span class=\"elementor-icon-list-text\">wady o\u015bwiadczenia woli.<\/span>\n\t\t\t\t\t\t\t\t\t<\/li>\n\t\t\t\t\t\t<\/ul>\n\t\t\t\t<\/div>\n\t\t\t\t<\/div>\n\t\t\t\t\t<\/div>\n\t\t<\/div>\n\t\t\t\t\t\t\t<\/div>\n\t\t<\/section>\n\t\t\t\t<section class=\"elementor-section elementor-top-section elementor-element elementor-element-13e0446 elementor-section-boxed elementor-section-height-default elementor-section-height-default\" data-id=\"13e0446\" data-element_type=\"section\">\n\t\t\t\t\t\t<div class=\"elementor-container elementor-column-gap-default\">\n\t\t\t\t\t<div class=\"elementor-column elementor-col-100 elementor-top-column elementor-element elementor-element-01fd6a4\" data-id=\"01fd6a4\" data-element_type=\"column\">\n\t\t\t<div class=\"elementor-widget-wrap elementor-element-populated\">\n\t\t\t\t\t\t\t\t<div class=\"elementor-element elementor-element-0deecc8 elementor-widget elementor-widget-heading\" data-id=\"0deecc8\" data-element_type=\"widget\" data-widget_type=\"heading.default\">\n\t\t\t\t<div class=\"elementor-widget-container\">\n\t\t\t<h2 class=\"elementor-heading-title elementor-size-default\">Ostatnie wpisy z kategorii prawo cywilne<\/h2>\t\t<\/div>\n\t\t\t\t<\/div>\n\t\t\t\t<div class=\"elementor-element elementor-element-774a3ad elementor-grid-3 elementor-grid-tablet-2 elementor-grid-mobile-1 elementor-posts--thumbnail-top elementor-widget elementor-widget-posts\" data-id=\"774a3ad\" data-element_type=\"widget\" data-settings=\"{&quot;classic_columns&quot;:&quot;3&quot;,&quot;classic_columns_tablet&quot;:&quot;2&quot;,&quot;classic_columns_mobile&quot;:&quot;1&quot;,&quot;classic_row_gap&quot;:{&quot;unit&quot;:&quot;px&quot;,&quot;size&quot;:35,&quot;sizes&quot;:[]}}\" data-widget_type=\"posts.classic\">\n\t\t\t\t<div class=\"elementor-widget-container\">\n\t\t\t\t\t<div class=\"elementor-posts-container elementor-posts elementor-posts--skin-classic elementor-grid\">\n\t\t\t\t<article class=\"elementor-post elementor-grid-item post-819 post type-post status-publish format-standard hentry category-brak-kategorii category-prawo-cywilne category-prawo-kontraktowe tag-dr-smile tag-dr-smile-odstapienie tag-dr-smile-oszukani tag-dr-smile-oszustwo tag-dr-smile-prawnik tag-dr-smile-rezygnacja tag-dr-smile-umowa\">\n\t\t\t\t<div class=\"elementor-post__text\">\n\t\t\t\t<h3 class=\"elementor-post__title\">\n\t\t\t<a href=\"https:\/\/kancelariahojda.pl\/en\/blog\/2023\/03\/27\/dr-smile\/\" >\n\t\t\t\tDr Smile &#8211; odst\u0105pienie od umowy\t\t\t<\/a>\n\t\t<\/h3>\n\t\t\t\t<div class=\"elementor-post__meta-data\">\n\t\t\t\t\t<span class=\"elementor-post-date\">\n\t\t\t27 marca 2023\t\t<\/span>\n\t\t\t\t<span class=\"elementor-post-avatar\">\n\t\t\tBrak komentarzy\t\t<\/span>\n\t\t\t\t<\/div>\n\t\t\t\t<div class=\"elementor-post__excerpt\">\n\t\t\t<p>W ostatnim czasie liczne \u017ar\u00f3d\u0142a wskazuj\u0105 na w\u0105tpliwe praktyki przedsi\u0119biorcy dzia\u0142aj\u0105cego pod firm\u0105 &#8220;Dr Smile&#8221;. Pod\u0105\u017caj\u0105c za informacjami widniej\u0105cymi na oficjalnej stronie (https:\/\/drsmile.pl\/jak-to-dziala\/), dzia\u0142alno\u015b\u0107 Dr<\/p>\n\t\t<\/div>\n\t\t\t\t\t<a class=\"elementor-post__read-more\" href=\"https:\/\/kancelariahojda.pl\/en\/blog\/2023\/03\/27\/dr-smile\/\" >\n\t\t\t\tPrzeczytaj \u00bb\t\t\t<\/a>\n\t\t\t\t<\/div>\n\t\t\t\t<\/article>\n\t\t\t\t<article class=\"elementor-post elementor-grid-item post-659 post type-post status-publish format-standard hentry category-brak-kategorii category-prawo-cywilne category-prawo-gospodarcze category-prawo-kontraktowe tag-biuro-nieruchomosci tag-brak-umowy-z-posrednikiem tag-jak-wycofac-sie-z-umowy-z-posrednikiem tag-posrednik-nieruchomosci tag-pozew-od-biura-nieruchomosci tag-pozew-od-posrednika-nieruchomosci tag-umowa-z-posrednikiem\">\n\t\t\t\t<div class=\"elementor-post__text\">\n\t\t\t\t<h3 class=\"elementor-post__title\">\n\t\t\t<a href=\"https:\/\/kancelariahojda.pl\/en\/blog\/2023\/01\/08\/pozew-od-posrednika-nieruchomosci\/\" >\n\t\t\t\tPozew od po\u015brednika nieruchomo\u015bci\t\t\t<\/a>\n\t\t<\/h3>\n\t\t\t\t<div class=\"elementor-post__meta-data\">\n\t\t\t\t\t<span class=\"elementor-post-date\">\n\t\t\t8 stycznia 2023\t\t<\/span>\n\t\t\t\t<span class=\"elementor-post-avatar\">\n\t\t\tBrak komentarzy\t\t<\/span>\n\t\t\t\t<\/div>\n\t\t\t\t<div class=\"elementor-post__excerpt\">\n\t\t\t<p>Interesuj\u0105c\u0105 specyfik\u0105 zawodu po\u015brednika w obrocie nieruchomo\u015bciami, jest praktykowanie pobierania prowizji od obu stron danej transakcji. Najpopularniejszym uzasadnieniem jest stwierdzenie, \u017ce skoro obie strony transakcji<\/p>\n\t\t<\/div>\n\t\t\t\t\t<a class=\"elementor-post__read-more\" href=\"https:\/\/kancelariahojda.pl\/en\/blog\/2023\/01\/08\/pozew-od-posrednika-nieruchomosci\/\" >\n\t\t\t\tPrzeczytaj \u00bb\t\t\t<\/a>\n\t\t\t\t<\/div>\n\t\t\t\t<\/article>\n\t\t\t\t<article class=\"elementor-post elementor-grid-item post-560 post type-post status-publish format-standard hentry category-prawo-cywilne category-prawo-gospodarcze category-prawo-wykroczen tag-rzecznik-konsumentow tag-udzielenie-wyjasnien-rzecznikowi tag-wezwanie-od-rzecznika\">\n\t\t\t\t<div class=\"elementor-post__text\">\n\t\t\t\t<h3 class=\"elementor-post__title\">\n\t\t\t<a href=\"https:\/\/kancelariahojda.pl\/en\/blog\/2022\/05\/07\/pismo-od-powiatowego-miejskiego-rzecznika-konsumentow\/\" >\n\t\t\t\tPismo od Powiatowego (Miejskiego) Rzecznika Konsument\u00f3w\t\t\t<\/a>\n\t\t<\/h3>\n\t\t\t\t<div class=\"elementor-post__meta-data\">\n\t\t\t\t\t<span class=\"elementor-post-date\">\n\t\t\t7 maja 2022\t\t<\/span>\n\t\t\t\t<span class=\"elementor-post-avatar\">\n\t\t\tBrak komentarzy\t\t<\/span>\n\t\t\t\t<\/div>\n\t\t\t\t<div class=\"elementor-post__excerpt\">\n\t\t\t<p>Bardzo cz\u0119sto w sporach na p\u0142aszczy\u017anie konsument &#8211; przedsi\u0119biorca, konsument udaje si\u0119 po pomoc do Rzecznika Konsument\u00f3w. Obowi\u0105zkiem Rzecznika jest zbadanie sprawy, a je\u015bli wchodzi<\/p>\n\t\t<\/div>\n\t\t\t\t\t<a class=\"elementor-post__read-more\" href=\"https:\/\/kancelariahojda.pl\/en\/blog\/2022\/05\/07\/pismo-od-powiatowego-miejskiego-rzecznika-konsumentow\/\" >\n\t\t\t\tPrzeczytaj \u00bb\t\t\t<\/a>\n\t\t\t\t<\/div>\n\t\t\t\t<\/article>\n\t\t\t\t<\/div>\n\t\t\t\t<\/div>\n\t\t\t\t<\/div>\n\t\t\t\t\t<\/div>\n\t\t<\/div>\n\t\t\t\t\t\t\t<\/div>\n\t\t<\/section>\n\t\t\t\t\t\t<\/div>\n\t\t\t\t\t<\/div>\n\t\t","protected":false},"excerpt":{"rendered":"<p>Prawo cywilne Prawo cywilne \u2013 dziedzina prawa obejmuj\u0105ca zdecydowan\u0105 wi\u0119kszo\u015b\u0107 problem\u00f3w prawnych. Kancelaria zapewnia wsparcie zar\u00f3wno w sprawach typowych (sprawy o zap\u0142at\u0119, wydanie rzeczy, ochron\u0119 d\u00f3br osobistych) jak i w sporach o wysokim stopniu skomplikowania (roszczenia wynikaj\u0105ce z um\u00f3w o roboty budowlane, b\u0142\u0119dy lekarskie i inne). Zesp\u00f3\u0142 kancelarii posiada bogate do\u015bwiadczenie w nast\u0119puj\u0105cych dziedzinach: ochrona [&hellip;]<\/p>\n","protected":false},"author":1,"featured_media":0,"parent":0,"menu_order":0,"comment_status":"closed","ping_status":"closed","template":"","meta":[],"yoast_head":"<!-- This site is optimized with the Yoast SEO plugin v16.5 - https:\/\/yoast.com\/wordpress\/plugins\/seo\/ -->\n<title>Prawo cywilne - Radca Prawny Karol Hojda<\/title>\n<meta name=\"robots\" content=\"index, follow, max-snippet:-1, max-image-preview:large, max-video-preview:-1\" \/>\n<link rel=\"canonical\" href=\"https:\/\/kancelariahojda.pl\/en\/prawo-cywilne\/\" \/>\n<meta property=\"og:locale\" content=\"pl_PL\" \/>\n<meta property=\"og:type\" content=\"article\" \/>\n<meta property=\"og:title\" content=\"Prawo cywilne - Radca Prawny Karol Hojda\" \/>\n<meta property=\"og:description\" content=\"Prawo cywilne Prawo cywilne \u2013 dziedzina prawa obejmuj\u0105ca zdecydowan\u0105 wi\u0119kszo\u015b\u0107 problem\u00f3w prawnych. Kancelaria zapewnia wsparcie zar\u00f3wno w sprawach typowych (sprawy o zap\u0142at\u0119, wydanie rzeczy, ochron\u0119 d\u00f3br osobistych) jak i w sporach o wysokim stopniu skomplikowania (roszczenia wynikaj\u0105ce z um\u00f3w o roboty budowlane, b\u0142\u0119dy lekarskie i inne). Zesp\u00f3\u0142 kancelarii posiada bogate do\u015bwiadczenie w nast\u0119puj\u0105cych dziedzinach: ochrona [&hellip;]\" \/>\n<meta property=\"og:url\" content=\"https:\/\/kancelariahojda.pl\/en\/prawo-cywilne\/\" \/>\n<meta property=\"og:site_name\" content=\"Radca Prawny Karol Hojda\" \/>\n<meta property=\"article:modified_time\" content=\"2021-06-15T20:09:24+00:00\" \/>\n<meta property=\"og:image\" content=\"https:\/\/kancelariahojda.pl\/wp-content\/uploads\/2021\/06\/kancelaria-wroclaw-prawo-cywilne.jpg\" \/>\n<meta name=\"twitter:card\" content=\"summary_large_image\" \/>\n<meta name=\"twitter:label1\" content=\"Szacowany czas czytania\" \/>\n\t<meta name=\"twitter:data1\" content=\"1 minuta\" \/>\n<script type=\"application\/ld+json\" class=\"yoast-schema-graph\">{\"@context\":\"https:\/\/schema.org\",\"@graph\":[{\"@type\":\"WebSite\",\"@id\":\"https:\/\/kancelariahojda.pl\/en\/#website\",\"url\":\"https:\/\/kancelariahojda.pl\/en\/\",\"name\":\"Radca Prawny Karol Hojda\",\"description\":\"Kancelaria Prawna Wroc\\u0142aw\",\"potentialAction\":[{\"@type\":\"SearchAction\",\"target\":\"https:\/\/kancelariahojda.pl\/en\/?s={search_term_string}\",\"query-input\":\"required name=search_term_string\"}],\"inLanguage\":\"pl-PL\"},{\"@type\":\"ImageObject\",\"@id\":\"https:\/\/kancelariahojda.pl\/en\/prawo-cywilne\/#primaryimage\",\"inLanguage\":\"pl-PL\",\"url\":\"https:\/\/kancelariahojda.pl\/wp-content\/uploads\/2021\/06\/kancelaria-wroclaw-prawo-cywilne.jpg\",\"contentUrl\":\"https:\/\/kancelariahojda.pl\/wp-content\/uploads\/2021\/06\/kancelaria-wroclaw-prawo-cywilne.jpg\"},{\"@type\":\"WebPage\",\"@id\":\"https:\/\/kancelariahojda.pl\/en\/prawo-cywilne\/#webpage\",\"url\":\"https:\/\/kancelariahojda.pl\/en\/prawo-cywilne\/\",\"name\":\"Prawo cywilne - Radca Prawny Karol Hojda\",\"isPartOf\":{\"@id\":\"https:\/\/kancelariahojda.pl\/en\/#website\"},\"primaryImageOfPage\":{\"@id\":\"https:\/\/kancelariahojda.pl\/en\/prawo-cywilne\/#primaryimage\"},\"datePublished\":\"2021-06-15T15:03:03+00:00\",\"dateModified\":\"2021-06-15T20:09:24+00:00\",\"breadcrumb\":{\"@id\":\"https:\/\/kancelariahojda.pl\/en\/prawo-cywilne\/#breadcrumb\"},\"inLanguage\":\"pl-PL\",\"potentialAction\":[{\"@type\":\"ReadAction\",\"target\":[\"https:\/\/kancelariahojda.pl\/en\/prawo-cywilne\/\"]}]},{\"@type\":\"BreadcrumbList\",\"@id\":\"https:\/\/kancelariahojda.pl\/en\/prawo-cywilne\/#breadcrumb\",\"itemListElement\":[{\"@type\":\"ListItem\",\"position\":1,\"name\":\"Strona g\\u0142\\u00f3wna\",\"item\":\"https:\/\/kancelariahojda.pl\/en\/\"},{\"@type\":\"ListItem\",\"position\":2,\"name\":\"Prawo cywilne\"}]}]}<\/script>\n<!-- \/ Yoast SEO plugin. -->","_links":{"self":[{"href":"https:\/\/kancelariahojda.pl\/en\/wp-json\/wp\/v2\/pages\/259"}],"collection":[{"href":"https:\/\/kancelariahojda.pl\/en\/wp-json\/wp\/v2\/pages"}],"about":[{"href":"https:\/\/kancelariahojda.pl\/en\/wp-json\/wp\/v2\/types\/page"}],"author":[{"embeddable":true,"href":"https:\/\/kancelariahojda.pl\/en\/wp-json\/wp\/v2\/users\/1"}],"replies":[{"embeddable":true,"href":"https:\/\/kancelariahojda.pl\/en\/wp-json\/wp\/v2\/comments?post=259"}],"version-history":[{"count":22,"href":"https:\/\/kancelariahojda.pl\/en\/wp-json\/wp\/v2\/pages\/259\/revisions"}],"predecessor-version":[{"id":449,"href":"https:\/\/kancelariahojda.pl\/en\/wp-json\/wp\/v2\/pages\/259\/revisions\/449"}],"wp:attachment":[{"href":"https:\/\/kancelariahojda.pl\/en\/wp-json\/wp\/v2\/media?parent=259"}],"curies":[{"name":"wp","href":"https:\/\/api.w.org\/{rel}","templated":true}]}}