{"id":17,"date":"2021-06-11T16:07:51","date_gmt":"2021-06-11T14:07:51","guid":{"rendered":"https:\/\/kancelariahojda.pl\/?page_id=17"},"modified":"2021-06-15T22:37:20","modified_gmt":"2021-06-15T20:37:20","slug":"o-kancelarii","status":"publish","type":"page","link":"https:\/\/kancelariahojda.pl\/en\/o-kancelarii\/","title":{"rendered":"O kancelarii"},"content":{"rendered":"\t\t<div data-elementor-type=\"wp-page\" data-elementor-id=\"17\" class=\"elementor elementor-17\" data-elementor-settings=\"[]\">\n\t\t\t\t\t\t\t<div class=\"elementor-section-wrap\">\n\t\t\t\t\t\t\t<section class=\"elementor-section elementor-top-section elementor-element elementor-element-3c6a1eec elementor-section-full_width elementor-section-height-min-height elementor-section-stretched elementor-section-height-default elementor-section-items-middle\" data-id=\"3c6a1eec\" data-element_type=\"section\" data-settings=\"{&quot;stretch_section&quot;:&quot;section-stretched&quot;,&quot;background_background&quot;:&quot;classic&quot;}\">\n\t\t\t\t\t\t<div class=\"elementor-container elementor-column-gap-default\">\n\t\t\t\t\t<div class=\"elementor-column elementor-col-100 elementor-top-column elementor-element elementor-element-e68394\" data-id=\"e68394\" data-element_type=\"column\">\n\t\t\t<div class=\"elementor-widget-wrap elementor-element-populated\">\n\t\t\t\t\t\t\t\t<div class=\"elementor-element elementor-element-60e50ce5 elementor-widget elementor-widget-heading\" data-id=\"60e50ce5\" data-element_type=\"widget\" data-widget_type=\"heading.default\">\n\t\t\t\t<div class=\"elementor-widget-container\">\n\t\t\t<h2 class=\"elementor-heading-title elementor-size-default\">O Kancelarii<\/h2>\t\t<\/div>\n\t\t\t\t<\/div>\n\t\t\t\t\t<\/div>\n\t\t<\/div>\n\t\t\t\t\t\t\t<\/div>\n\t\t<\/section>\n\t\t\t\t<section class=\"elementor-section elementor-top-section elementor-element elementor-element-b195eb3 elementor-section-content-middle elementor-section-boxed elementor-section-height-default elementor-section-height-default\" data-id=\"b195eb3\" data-element_type=\"section\">\n\t\t\t\t\t\t<div class=\"elementor-container elementor-column-gap-no\">\n\t\t\t\t\t<div class=\"elementor-column elementor-col-50 elementor-top-column elementor-element elementor-element-d1691b1\" data-id=\"d1691b1\" data-element_type=\"column\">\n\t\t\t<div class=\"elementor-widget-wrap elementor-element-populated\">\n\t\t\t\t\t\t\t\t<div class=\"elementor-element elementor-element-542fd44 elementor-widget elementor-widget-image\" data-id=\"542fd44\" data-element_type=\"widget\" data-widget_type=\"image.default\">\n\t\t\t\t<div class=\"elementor-widget-container\">\n\t\t\t\t\t\t\t\t\t\t\t\t\t\t\t<img width=\"667\" height=\"1000\" src=\"https:\/\/kancelariahojda.pl\/en\/wp-content\/uploads\/2021\/06\/brown-wooden-judge-mallet-background-open-book.jpg\" class=\"attachment-large size-large\" alt=\"\" decoding=\"async\" loading=\"lazy\" srcset=\"https:\/\/kancelariahojda.pl\/en\/wp-content\/uploads\/2021\/06\/brown-wooden-judge-mallet-background-open-book.jpg 667w, https:\/\/kancelariahojda.pl\/en\/wp-content\/uploads\/2021\/06\/brown-wooden-judge-mallet-background-open-book-200x300.jpg 200w\" sizes=\"(max-width: 667px) 100vw, 667px\" \/>\t\t\t\t\t\t\t\t\t\t\t\t\t\t\t<\/div>\n\t\t\t\t<\/div>\n\t\t\t\t\t<\/div>\n\t\t<\/div>\n\t\t\t\t<div class=\"elementor-column elementor-col-50 elementor-top-column elementor-element elementor-element-2ab2b48\" data-id=\"2ab2b48\" data-element_type=\"column\">\n\t\t\t<div class=\"elementor-widget-wrap elementor-element-populated\">\n\t\t\t\t\t\t\t\t<div class=\"elementor-element elementor-element-67a2366 elementor-widget elementor-widget-heading\" data-id=\"67a2366\" data-element_type=\"widget\" data-widget_type=\"heading.default\">\n\t\t\t\t<div class=\"elementor-widget-container\">\n\t\t\t<h2 class=\"elementor-heading-title elementor-size-default\">Karol Hojda <\/h2>\t\t<\/div>\n\t\t\t\t<\/div>\n\t\t\t\t<div class=\"elementor-element elementor-element-96e7a37 elementor-widget elementor-widget-heading\" data-id=\"96e7a37\" data-element_type=\"widget\" data-widget_type=\"heading.default\">\n\t\t\t\t<div class=\"elementor-widget-container\">\n\t\t\t<h2 class=\"elementor-heading-title elementor-size-default\">radca prawny<\/h2>\t\t<\/div>\n\t\t\t\t<\/div>\n\t\t\t\t<div class=\"elementor-element elementor-element-7180454 elementor-widget elementor-widget-text-editor\" data-id=\"7180454\" data-element_type=\"widget\" data-widget_type=\"text-editor.default\">\n\t\t\t\t<div class=\"elementor-widget-container\">\n\t\t\t\t\t\t\t\t<p>Absolwent Wydzia\u0142u Prawa, Administracji i Ekonomii Uniwersytetu Wroc\u0142awskiego. Uko\u0144czy\u0142 aplikacj\u0119 radcowsk\u0105 uzyskuj\u0105c wpis na list\u0119 radc\u00f3w prawnych Okr\u0119gowej Izby Radc\u00f3w Prawnych we Wroc\u0142awiu. Absolwent Podyplomowych Studi\u00f3w Prawa Podatkowego oraz Podyplomowych Studi\u00f3w Prawa Gospodarki Nieruchomo\u015bciami.<\/p><p>Bogate do\u015bwiadczenie zawodowe zdobywa\u0142 pracuj\u0105c w korporacji specjalizuj\u0105cej si\u0119 w obs\u0142udze niemieckich przedsi\u0119biorc\u00f3w oraz wsp\u00f3\u0142pracuj\u0105c z licznymi kancelariami na terenie ca\u0142ego kraju.\u00a0<\/p><p>Interesuje si\u0119 w szczeg\u00f3lno\u015bci prawem wykrocze\u0144, prawem karnym, prawym kontraktowym oraz prawem gospodarczym.<\/p><p>Pos\u0142uguje si\u0119 j\u0119zykiem angielskim.<\/p>\t\t\t\t\t\t<\/div>\n\t\t\t\t<\/div>\n\t\t\t\t\t<\/div>\n\t\t<\/div>\n\t\t\t\t\t\t\t<\/div>\n\t\t<\/section>\n\t\t\t\t<section class=\"elementor-section elementor-top-section elementor-element elementor-element-bc1f578 elementor-reverse-mobile elementor-section-boxed elementor-section-height-default elementor-section-height-default\" data-id=\"bc1f578\" data-element_type=\"section\">\n\t\t\t\t\t\t<div class=\"elementor-container elementor-column-gap-default\">\n\t\t\t\t\t<div class=\"elementor-column elementor-col-66 elementor-top-column elementor-element elementor-element-d52b854\" data-id=\"d52b854\" data-element_type=\"column\">\n\t\t\t<div class=\"elementor-widget-wrap elementor-element-populated\">\n\t\t\t\t\t\t\t\t<div class=\"elementor-element elementor-element-879d3d8 elementor-widget elementor-widget-heading\" data-id=\"879d3d8\" data-element_type=\"widget\" data-widget_type=\"heading.default\">\n\t\t\t\t<div class=\"elementor-widget-container\">\n\t\t\t<h2 class=\"elementor-heading-title elementor-size-default\">Maciej Prostko<\/h2>\t\t<\/div>\n\t\t\t\t<\/div>\n\t\t\t\t<div class=\"elementor-element elementor-element-277a6d9 elementor-widget elementor-widget-heading\" data-id=\"277a6d9\" data-element_type=\"widget\" data-widget_type=\"heading.default\">\n\t\t\t\t<div class=\"elementor-widget-container\">\n\t\t\t<h2 class=\"elementor-heading-title elementor-size-default\">radca prawny, cz\u0142onek Trybuna\u0142u Stanu VIII kadencji\u200b<\/h2>\t\t<\/div>\n\t\t\t\t<\/div>\n\t\t\t\t<div class=\"elementor-element elementor-element-d720857 elementor-widget elementor-widget-text-editor\" data-id=\"d720857\" data-element_type=\"widget\" data-widget_type=\"text-editor.default\">\n\t\t\t\t<div class=\"elementor-widget-container\">\n\t\t\t\t\t\t\t\t<p>Absolwent Uniwersytetu Warmi\u0144sko &#8211; Mazurskiego w Olsztynie. Uko\u0144czy\u0142 aplikacje radcowsk\u0105 i z\u0142o\u017cy\u0142 z dobrym wynikiem egzamin radcowski w Okr\u0119gowej Izbie Radc\u00f3w Prawnych w Warszawie. Do\u015bwiadczenie zdobywa\u0142 pracuj\u0105c w jednym z najwi\u0119kszych bank\u00f3w o \u015bwiatowym zasi\u0119gu, w renomowanych kancelariach prawnych w Warszawie oraz w Sejmie Rzeczypospolitej Polskiej.\u00a0 Zosta\u0142 wybrany przez Sejm RP VIII kadencji cz\u0142onkiem Trybuna\u0142u Stanu.<\/p><p>Interesuje si\u0119 prawem cywilnym, ze szczeg\u00f3lnym uwzgl\u0119dnieniem sporz\u0105dzania um\u00f3w cywilnoprawnych; prawem rodzinnym oraz prawem konstytucyjnym, w tym zasadami techniki prawodawczej.<\/p><p>Pos\u0142uguje si\u0119 j\u0119zykiem angielskim.<\/p>\t\t\t\t\t\t<\/div>\n\t\t\t\t<\/div>\n\t\t\t\t\t<\/div>\n\t\t<\/div>\n\t\t\t\t<div class=\"elementor-column elementor-col-33 elementor-top-column elementor-element elementor-element-408354a\" data-id=\"408354a\" data-element_type=\"column\">\n\t\t\t<div class=\"elementor-widget-wrap elementor-element-populated\">\n\t\t\t\t\t\t\t\t<div class=\"elementor-element elementor-element-425a80d elementor-widget elementor-widget-image\" data-id=\"425a80d\" data-element_type=\"widget\" data-widget_type=\"image.default\">\n\t\t\t\t<div class=\"elementor-widget-container\">\n\t\t\t\t\t\t\t\t\t\t\t\t\t\t\t<img width=\"800\" height=\"800\" src=\"https:\/\/kancelariahojda.pl\/en\/wp-content\/uploads\/2021\/06\/kancelaria-wroclaw-prawo-cywilne.jpg\" class=\"attachment-large size-large\" alt=\"kancelaria wroc\u0142aw prawo cywilne\" decoding=\"async\" loading=\"lazy\" srcset=\"https:\/\/kancelariahojda.pl\/en\/wp-content\/uploads\/2021\/06\/kancelaria-wroclaw-prawo-cywilne.jpg 1000w, https:\/\/kancelariahojda.pl\/en\/wp-content\/uploads\/2021\/06\/kancelaria-wroclaw-prawo-cywilne-300x300.jpg 300w, https:\/\/kancelariahojda.pl\/en\/wp-content\/uploads\/2021\/06\/kancelaria-wroclaw-prawo-cywilne-150x150.jpg 150w, https:\/\/kancelariahojda.pl\/en\/wp-content\/uploads\/2021\/06\/kancelaria-wroclaw-prawo-cywilne-768x768.jpg 768w\" sizes=\"(max-width: 800px) 100vw, 800px\" \/>\t\t\t\t\t\t\t\t\t\t\t\t\t\t\t<\/div>\n\t\t\t\t<\/div>\n\t\t\t\t\t<\/div>\n\t\t<\/div>\n\t\t\t\t\t\t\t<\/div>\n\t\t<\/section>\n\t\t\t\t\t\t<\/div>\n\t\t\t\t\t<\/div>\n\t\t","protected":false},"excerpt":{"rendered":"<p>O Kancelarii Karol Hojda radca prawny Absolwent Wydzia\u0142u Prawa, Administracji i Ekonomii Uniwersytetu Wroc\u0142awskiego. Uko\u0144czy\u0142 aplikacj\u0119 radcowsk\u0105 uzyskuj\u0105c wpis na list\u0119 radc\u00f3w prawnych Okr\u0119gowej Izby Radc\u00f3w Prawnych we Wroc\u0142awiu. Absolwent Podyplomowych Studi\u00f3w Prawa Podatkowego oraz Podyplomowych Studi\u00f3w Prawa Gospodarki Nieruchomo\u015bciami. Bogate do\u015bwiadczenie zawodowe zdobywa\u0142 pracuj\u0105c w korporacji specjalizuj\u0105cej si\u0119 w obs\u0142udze niemieckich przedsi\u0119biorc\u00f3w oraz wsp\u00f3\u0142pracuj\u0105c [&hellip;]<\/p>\n","protected":false},"author":1,"featured_media":0,"parent":0,"menu_order":0,"comment_status":"closed","ping_status":"closed","template":"","meta":[],"yoast_head":"<!-- This site is optimized with the Yoast SEO plugin v16.5 - https:\/\/yoast.com\/wordpress\/plugins\/seo\/ -->\n<title>O kancelarii - Radca Prawny Karol Hojda<\/title>\n<meta name=\"robots\" content=\"index, follow, max-snippet:-1, max-image-preview:large, max-video-preview:-1\" \/>\n<link rel=\"canonical\" href=\"https:\/\/kancelariahojda.pl\/en\/o-kancelarii\/\" \/>\n<meta property=\"og:locale\" content=\"pl_PL\" \/>\n<meta property=\"og:type\" content=\"article\" \/>\n<meta property=\"og:title\" content=\"O kancelarii - Radca Prawny Karol Hojda\" \/>\n<meta property=\"og:description\" content=\"O Kancelarii Karol Hojda radca prawny Absolwent Wydzia\u0142u Prawa, Administracji i Ekonomii Uniwersytetu Wroc\u0142awskiego. Uko\u0144czy\u0142 aplikacj\u0119 radcowsk\u0105 uzyskuj\u0105c wpis na list\u0119 radc\u00f3w prawnych Okr\u0119gowej Izby Radc\u00f3w Prawnych we Wroc\u0142awiu. Absolwent Podyplomowych Studi\u00f3w Prawa Podatkowego oraz Podyplomowych Studi\u00f3w Prawa Gospodarki Nieruchomo\u015bciami. Bogate do\u015bwiadczenie zawodowe zdobywa\u0142 pracuj\u0105c w korporacji specjalizuj\u0105cej si\u0119 w obs\u0142udze niemieckich przedsi\u0119biorc\u00f3w oraz wsp\u00f3\u0142pracuj\u0105c [&hellip;]\" \/>\n<meta property=\"og:url\" content=\"https:\/\/kancelariahojda.pl\/en\/o-kancelarii\/\" \/>\n<meta property=\"og:site_name\" content=\"Radca Prawny Karol Hojda\" \/>\n<meta property=\"article:modified_time\" content=\"2021-06-15T20:37:20+00:00\" \/>\n<meta property=\"og:image\" content=\"https:\/\/kancelariahojda.pl\/wp-content\/uploads\/2021\/06\/brown-wooden-judge-mallet-background-open-book.jpg\" \/>\n<meta name=\"twitter:card\" content=\"summary_large_image\" \/>\n<meta name=\"twitter:label1\" content=\"Szacowany czas czytania\" \/>\n\t<meta name=\"twitter:data1\" content=\"2 minuty\" \/>\n<script type=\"application\/ld+json\" class=\"yoast-schema-graph\">{\"@context\":\"https:\/\/schema.org\",\"@graph\":[{\"@type\":\"WebSite\",\"@id\":\"https:\/\/kancelariahojda.pl\/en\/#website\",\"url\":\"https:\/\/kancelariahojda.pl\/en\/\",\"name\":\"Radca Prawny Karol Hojda\",\"description\":\"Kancelaria Prawna Wroc\\u0142aw\",\"potentialAction\":[{\"@type\":\"SearchAction\",\"target\":\"https:\/\/kancelariahojda.pl\/en\/?s={search_term_string}\",\"query-input\":\"required name=search_term_string\"}],\"inLanguage\":\"pl-PL\"},{\"@type\":\"ImageObject\",\"@id\":\"https:\/\/kancelariahojda.pl\/en\/o-kancelarii\/#primaryimage\",\"inLanguage\":\"pl-PL\",\"url\":\"https:\/\/kancelariahojda.pl\/wp-content\/uploads\/2021\/06\/brown-wooden-judge-mallet-background-open-book.jpg\",\"contentUrl\":\"https:\/\/kancelariahojda.pl\/wp-content\/uploads\/2021\/06\/brown-wooden-judge-mallet-background-open-book.jpg\"},{\"@type\":\"WebPage\",\"@id\":\"https:\/\/kancelariahojda.pl\/en\/o-kancelarii\/#webpage\",\"url\":\"https:\/\/kancelariahojda.pl\/en\/o-kancelarii\/\",\"name\":\"O kancelarii - Radca Prawny Karol Hojda\",\"isPartOf\":{\"@id\":\"https:\/\/kancelariahojda.pl\/en\/#website\"},\"primaryImageOfPage\":{\"@id\":\"https:\/\/kancelariahojda.pl\/en\/o-kancelarii\/#primaryimage\"},\"datePublished\":\"2021-06-11T14:07:51+00:00\",\"dateModified\":\"2021-06-15T20:37:20+00:00\",\"breadcrumb\":{\"@id\":\"https:\/\/kancelariahojda.pl\/en\/o-kancelarii\/#breadcrumb\"},\"inLanguage\":\"pl-PL\",\"potentialAction\":[{\"@type\":\"ReadAction\",\"target\":[\"https:\/\/kancelariahojda.pl\/en\/o-kancelarii\/\"]}]},{\"@type\":\"BreadcrumbList\",\"@id\":\"https:\/\/kancelariahojda.pl\/en\/o-kancelarii\/#breadcrumb\",\"itemListElement\":[{\"@type\":\"ListItem\",\"position\":1,\"name\":\"Strona g\\u0142\\u00f3wna\",\"item\":\"https:\/\/kancelariahojda.pl\/en\/\"},{\"@type\":\"ListItem\",\"position\":2,\"name\":\"O kancelarii\"}]}]}<\/script>\n<!-- \/ Yoast SEO plugin. -->","_links":{"self":[{"href":"https:\/\/kancelariahojda.pl\/en\/wp-json\/wp\/v2\/pages\/17"}],"collection":[{"href":"https:\/\/kancelariahojda.pl\/en\/wp-json\/wp\/v2\/pages"}],"about":[{"href":"https:\/\/kancelariahojda.pl\/en\/wp-json\/wp\/v2\/types\/page"}],"author":[{"embeddable":true,"href":"https:\/\/kancelariahojda.pl\/en\/wp-json\/wp\/v2\/users\/1"}],"replies":[{"embeddable":true,"href":"https:\/\/kancelariahojda.pl\/en\/wp-json\/wp\/v2\/comments?post=17"}],"version-history":[{"count":14,"href":"https:\/\/kancelariahojda.pl\/en\/wp-json\/wp\/v2\/pages\/17\/revisions"}],"predecessor-version":[{"id":489,"href":"https:\/\/kancelariahojda.pl\/en\/wp-json\/wp\/v2\/pages\/17\/revisions\/489"}],"wp:attachment":[{"href":"https:\/\/kancelariahojda.pl\/en\/wp-json\/wp\/v2\/media?parent=17"}],"curies":[{"name":"wp","href":"https:\/\/api.w.org\/{rel}","templated":true}]}}